{"id":56,"date":"2022-04-01T11:38:01","date_gmt":"2022-04-01T14:38:01","guid":{"rendered":"https:\/\/sbmicrobiologia.org.br\/8simc2022\/?page_id=56"},"modified":"2022-05-24T07:53:43","modified_gmt":"2022-05-24T10:53:43","slug":"inscreva-se","status":"publish","type":"page","link":"https:\/\/sbmicrobiologia.org.br\/8simc2022\/inscreva-se\/","title":{"rendered":"Inscreva-se"},"content":{"rendered":"\t\t<div data-elementor-type=\"wp-page\" data-elementor-id=\"56\" class=\"elementor elementor-56\">\n\t\t\t\t\t\t\t\t\t<section class=\"elementor-section elementor-top-section elementor-element elementor-element-3a1dac3 elementor-section-boxed elementor-section-height-default elementor-section-height-default\" data-id=\"3a1dac3\" data-element_type=\"section\">\n\t\t\t\t\t\t<div class=\"elementor-container elementor-column-gap-default\">\n\t\t\t\t\t<div class=\"elementor-column elementor-col-100 elementor-top-column elementor-element elementor-element-dfe8e61\" data-id=\"dfe8e61\" data-element_type=\"column\" data-settings=\"{&quot;background_background&quot;:&quot;classic&quot;}\">\n\t\t\t<div class=\"elementor-widget-wrap elementor-element-populated\">\n\t\t\t\t\t\t\t\t<div class=\"elementor-element elementor-element-bbdae4b elementor-widget elementor-widget-text-editor\" data-id=\"bbdae4b\" data-element_type=\"widget\" data-widget_type=\"text-editor.default\">\n\t\t\t\t<div class=\"elementor-widget-container\">\n\t\t\t<style>\/*! elementor - v3.6.1 - 23-03-2022 *\/\n.elementor-widget-text-editor.elementor-drop-cap-view-stacked .elementor-drop-cap{background-color:#818a91;color:#fff}.elementor-widget-text-editor.elementor-drop-cap-view-framed .elementor-drop-cap{color:#818a91;border:3px solid;background-color:transparent}.elementor-widget-text-editor:not(.elementor-drop-cap-view-default) .elementor-drop-cap{margin-top:8px}.elementor-widget-text-editor:not(.elementor-drop-cap-view-default) .elementor-drop-cap-letter{width:1em;height:1em}.elementor-widget-text-editor .elementor-drop-cap{float:left;text-align:center;line-height:1;font-size:50px}.elementor-widget-text-editor .elementor-drop-cap-letter{display:inline-block}<\/style>\t\t\t\t<p><strong>Instru\u00e7\u00f5es para Inscri\u00e7\u00f5es<\/strong><\/p><p>A inscri\u00e7\u00e3o somente poder\u00e1 ser realizada online atrav\u00e9s do link\u00a0<a href=\"http:\/\/www.adtevento.com.br\/sbmicrobiologia\/inscricao\/index.asp?eveId=41\" target=\"_blank\" rel=\"noopener\"><b>inscri\u00e7\u00f5es online<\/b><\/a><\/p><p>Caso tenha esquecido sua senha ap\u00f3s efetuar sua inscri\u00e7\u00e3o clique em\u00a0<a href=\"http:\/\/www.adtevento.com.br\/sbmicrobiologia\/inscricao\/frm_lembrar_login.asp\" target=\"_blank\" rel=\"noopener\"><b>ESQUECI MINHA SENHA<\/b><\/a><\/p><p>Ela ser\u00e1 enviada atrav\u00e9s do e-mail cadastrado em nossa base de dados.<\/p><p>Ao entrar na\u00a0<a href=\"http:\/\/www.adtevento.com.br\/sbmicrobiologia\/inscricao\/index.asp?eveId=41\" target=\"_blank\" rel=\"noopener\"><b>\u00e1rea reservada<\/b><\/a>\u00a0voc\u00ea poder\u00e1 atualizar os seus dados cadastrais, consultar o valor da inscri\u00e7\u00e3o, emitir o boleto banc\u00e1rio para efetuar o pagamento, inscrever o Resumo e imprimir recibos, certificados e o aceite do trabalho.<\/p><p style=\"font-weight: 400;\"><strong>Inscri\u00e7\u00f5es em Grupo<\/strong><\/p><p style=\"font-weight: 400;\">10% (dez por cento) sobre o valor da inscri\u00e7\u00e3o<\/p><p style=\"font-weight: 400;\">Com o intuito de esclarecer as d\u00favidas referentes a inscri\u00e7\u00e3o e pagamento de inscri\u00e7\u00e3o em GRUPO igual ou superior a 10 (dez) inscri\u00e7\u00f5es, especificamos, abaixo, as normas, a fim de evitar futuros transtornos:<\/p><p style=\"font-weight: 400;\">1\u00ba \u2014 \u00c9 imprescind\u00edvel que, inicialmente, os participantes efetuem suas inscri\u00e7\u00f5es online, atrav\u00e9s do site do evento.<\/p><p style=\"font-weight: 400;\">2\u00ba \u2014 O Grupo devera pertencer a mesma Institui\u00e7\u00e3o de Ensino.<\/p><p style=\"font-weight: 400;\">3\u00ba \u2014 O Grupo devera constituir um respons\u00e1vel para o contato.\u00a0\u00a0\u00a0\u00a0\u00a0\u00a0\u00a0\u00a0\u00a0<\/p><p style=\"font-weight: 400;\">4\u00ba \u2014 Ap\u00f3s a realiza\u00e7\u00e3o das inscri\u00e7\u00f5es o orientador dever\u00e1 enviar lista dos inscritos o qual a Sociedade Brasileira de Microbiologia ira aplicar desconto de 10% (dez por cento) sobre o valor da inscri\u00e7\u00e3o.\u00a0\u00a0\u00a0\u00a0\u00a0\u00a0\u00a0\u00a0\u00a0\u00a0\u00a0\u00a0\u00a0\u00a0\u00a0\u00a0\u00a0\u00a0\u00a0\u00a0<\/p><p style=\"font-weight: 400;\">5\u00ba \u2014 Ao receber a solicita\u00e7\u00e3o, a Sociedade Brasileira de Microbiologia aplicara o desconto e comunicara o respons\u00e1vel pelo Grupo.<\/p><p style=\"font-weight: 400;\">6\u00ba \u2014 As inscri\u00e7\u00f5es dever\u00e3o ser quitadas (boleto) at\u00e9 a data de cada fase (ver tabela no site do evento).\u00a0<\/p><p style=\"font-weight: 400;\">7\u00ba \u2014 Caso haja alguma desist\u00eancia e o GRUPO fique inferior a 10 inscri\u00e7\u00f5es o desconto aplicado ser\u00e1 cancelado e cobrado o valor pago a menor.<\/p><p style=\"font-weight: 400;\">8\u00ba \u2014 O desconto ser\u00e1 concedido somente ao inscrito que efetuar o pagamento com recursos pr\u00f3prios.<\/p><p style=\"font-weight: 400;\">Ressaltamos a import\u00e2ncia de os inscritos seguirem rigorosamente as instru\u00e7\u00f5es acima, sob pena de serem exclu\u00eddos o desconto concedido.<\/p><p><b>\u00c9 obrigat\u00f3rio o preenchimento de todos os campos do Formul\u00e1rio de Inscri\u00e7\u00e3o.<\/b><\/p><p><b>IMPORTANTE:<\/b><\/p><p>Para inscri\u00e7\u00f5es nas categorias Aluno de Gradua\u00e7\u00e3o, Aluno de P\u00f3s-Gradua\u00e7\u00e3o (Mestrando \/ Doutorando \/ Especializa\u00e7\u00e3o SBM) e P\u00f3s-doutorado \u00e9 obrigat\u00f3rio o envio de uma DECLARA\u00c7\u00c3O emitida pela institui\u00e7\u00e3o de ensino, com data inferior a 30 dias, informando a modalidade do curso: GRADUA\u00c7\u00c3O; P\u00d3S-GRADUA\u00c7\u00c3O (Mestrando\/Doutorando) ou P\u00d3S-DOUTORADO, e o semestre\/ano que o aluno est\u00e1 cursando, para o e-mail: <a href=\"mailto:financeiro@sbmicrobiologia.org.br\">financeiro@sbmicrobiologia.org.br<\/a><\/p><p>N\u00e3o ser\u00e1 aceito outro documento que n\u00e3o a Declara\u00e7\u00e3o conforme solicitado.<\/p><p>S\u00f3 ser\u00e1 poss\u00edvel efetuar o pagamento ap\u00f3s o envio da declara\u00e7\u00e3o!<\/p><p><b>O que est\u00e1 incluso no valor de sua inscri\u00e7\u00e3o?<\/b><\/p><ul><li>&#8211; Credencial para os dias do evento contratado<\/li><li>&#8211; Material do evento<\/li><li>&#8211; Participa\u00e7\u00e3o em todas as Confer\u00eancias e Mesas Redondas do evento contratado<\/li><\/ul><p><b><br \/>Formas de pagamento:<\/b><\/p><p><b>Boleto Banc\u00e1rio<\/b><br \/>O pagamento da inscri\u00e7\u00e3o poder\u00e1 ser feito atrav\u00e9s de boleto banc\u00e1rio \u2013 a vista \u2013 (ficha de compensa\u00e7\u00e3o)<br \/>A emiss\u00e3o do boleto ser\u00e1 realizada ap\u00f3s o preenchimento do formul\u00e1rio online de inscri\u00e7\u00e3o.<\/p><p><b>Cart\u00e3o de Cr\u00e9dito<br \/><\/b>Parcelamento autom\u00e1tico em at\u00e9 2 vezes\u00a0<\/p><p><b>Cart\u00e3o de D\u00e9bito<br \/><u><\/u><u><\/u><\/b>Pagamento a vista<\/p><p><b>Recibo<\/b><br \/>Ap\u00f3s a confirma\u00e7\u00e3o do pagamento ( dois dias \u00fateis ) pela Institui\u00e7\u00e3o Financeira ser\u00e1 fornecido na \u00e1rea restrita do inscrito com assinatura digital.<br \/>A data de emiss\u00e3o do recibo ser\u00e1 a mesma data do pagamento da inscri\u00e7\u00e3o.<\/p>\t\t\t\t\t\t<\/div>\n\t\t\t\t<\/div>\n\t\t\t\t\t<\/div>\n\t\t<\/div>\n\t\t\t\t\t\t\t<\/div>\n\t\t<\/section>\n\t\t\t\t\t\t\t<\/div>\n\t\t","protected":false},"excerpt":{"rendered":"<p>Instru\u00e7\u00f5es para Inscri\u00e7\u00f5es A inscri\u00e7\u00e3o somente poder\u00e1 ser realizada online atrav\u00e9s do link\u00a0inscri\u00e7\u00f5es online Caso tenha esquecido sua senha ap\u00f3s efetuar sua inscri\u00e7\u00e3o clique em\u00a0ESQUECI MINHA SENHA Ela ser\u00e1 enviada atrav\u00e9s do e-mail cadastrado em nossa base de dados. Ao entrar na\u00a0\u00e1rea reservada\u00a0voc\u00ea poder\u00e1 atualizar os seus dados cadastrais, consultar o valor da inscri\u00e7\u00e3o, emitir [&hellip;]<\/p>\n","protected":false},"author":1,"featured_media":0,"parent":0,"menu_order":0,"comment_status":"closed","ping_status":"closed","template":"elementor_theme","meta":{"footnotes":""},"class_list":["post-56","page","type-page","status-publish","hentry"],"_links":{"self":[{"href":"https:\/\/sbmicrobiologia.org.br\/8simc2022\/wp-json\/wp\/v2\/pages\/56","targetHints":{"allow":["GET"]}}],"collection":[{"href":"https:\/\/sbmicrobiologia.org.br\/8simc2022\/wp-json\/wp\/v2\/pages"}],"about":[{"href":"https:\/\/sbmicrobiologia.org.br\/8simc2022\/wp-json\/wp\/v2\/types\/page"}],"author":[{"embeddable":true,"href":"https:\/\/sbmicrobiologia.org.br\/8simc2022\/wp-json\/wp\/v2\/users\/1"}],"replies":[{"embeddable":true,"href":"https:\/\/sbmicrobiologia.org.br\/8simc2022\/wp-json\/wp\/v2\/comments?post=56"}],"version-history":[{"count":16,"href":"https:\/\/sbmicrobiologia.org.br\/8simc2022\/wp-json\/wp\/v2\/pages\/56\/revisions"}],"predecessor-version":[{"id":389,"href":"https:\/\/sbmicrobiologia.org.br\/8simc2022\/wp-json\/wp\/v2\/pages\/56\/revisions\/389"}],"wp:attachment":[{"href":"https:\/\/sbmicrobiologia.org.br\/8simc2022\/wp-json\/wp\/v2\/media?parent=56"}],"curies":[{"name":"wp","href":"https:\/\/api.w.org\/{rel}","templated":true}]}}