{"id":48,"date":"2022-04-01T11:38:01","date_gmt":"2022-04-01T14:38:01","guid":{"rendered":"https:\/\/sbmicrobiologia.org.br\/8simc2022\/?page_id=48"},"modified":"2022-08-12T07:46:08","modified_gmt":"2022-08-12T10:46:08","slug":"submissao-de-resumos","status":"publish","type":"page","link":"https:\/\/sbmicrobiologia.org.br\/8simc2022\/submissao-de-resumos\/","title":{"rendered":"Submiss\u00e3o de Resumos"},"content":{"rendered":"\t\t<div data-elementor-type=\"wp-page\" data-elementor-id=\"48\" class=\"elementor elementor-48\">\n\t\t\t\t\t\t\t\t\t<section class=\"elementor-section elementor-top-section elementor-element elementor-element-afbc4f4 elementor-section-boxed elementor-section-height-default elementor-section-height-default\" data-id=\"afbc4f4\" data-element_type=\"section\">\n\t\t\t\t\t\t<div class=\"elementor-container elementor-column-gap-default\">\n\t\t\t\t\t<div class=\"elementor-column elementor-col-100 elementor-top-column elementor-element elementor-element-54f971f\" data-id=\"54f971f\" data-element_type=\"column\" data-settings=\"{&quot;background_background&quot;:&quot;classic&quot;}\">\n\t\t\t<div class=\"elementor-widget-wrap elementor-element-populated\">\n\t\t\t\t\t\t\t\t<div class=\"elementor-element elementor-element-ddb97a4 elementor-widget elementor-widget-text-editor\" data-id=\"ddb97a4\" data-element_type=\"widget\" data-widget_type=\"text-editor.default\">\n\t\t\t\t<div class=\"elementor-widget-container\">\n\t\t\t<style>\/*! elementor - v3.6.1 - 23-03-2022 *\/\n.elementor-widget-text-editor.elementor-drop-cap-view-stacked .elementor-drop-cap{background-color:#818a91;color:#fff}.elementor-widget-text-editor.elementor-drop-cap-view-framed .elementor-drop-cap{color:#818a91;border:3px solid;background-color:transparent}.elementor-widget-text-editor:not(.elementor-drop-cap-view-default) .elementor-drop-cap{margin-top:8px}.elementor-widget-text-editor:not(.elementor-drop-cap-view-default) .elementor-drop-cap-letter{width:1em;height:1em}.elementor-widget-text-editor .elementor-drop-cap{float:left;text-align:center;line-height:1;font-size:50px}.elementor-widget-text-editor .elementor-drop-cap-letter{display:inline-block}<\/style>\t\t\t\t<p>Envio dos Resumos, Apresenta\u00e7\u00e3o dos P\u00f4steres e Avalia\u00e7\u00e3o<\/p>\n<p>O envio de Resumo dever\u00e1 ser realizado atrav\u00e9s de sua \u00e1rea restrita, impreterivelmente, at\u00e9 o dia <strong>21<\/strong><b>\/07\/2022 em INGL\u00caS<\/b><\/p>\n<p>Ser\u00e1 aceito um resumo por inscri\u00e7\u00e3o!<\/p>\n<p>ATEN\u00c7\u00c3O AUTORES:&nbsp;Confiram o trabalho antes da postagem final para evitar erros! Os Resumos devem ser submetidos por interm\u00e9dio do formul\u00e1rio on-line, no \u00edcone SUBMISS\u00c3O DE TRABALHO, que voc\u00ea ter\u00e1 acesso atrav\u00e9s da sua&nbsp;<a href=\"http:\/\/www.adtevento.com.br\/sbmicrobiologia\/inscricao\/index.asp?eveId=41\" target=\"_blank\" rel=\"noopener\"><b>\u00e1rea restrita<\/b><\/a>&nbsp;ap\u00f3s a inscri\u00e7\u00e3o no evento.<\/p>\n<p><b>Instru\u00e7\u00f5es para submiss\u00e3o:<\/b><br>Passos para submiss\u00e3o dos resumos<br>Passo 1) Cadastro da \u00c1rea de conhecimento, Sub\u00e1rea, T\u00edtulo do Trabalho, Palavras Chaves e Ag\u00eancias Financiadoras<br>Passo 2) Cadastro das Institui\u00e7\u00f5es dos autores<br>Passo 3) Cadastro dos Autores (At\u00e9 10 autores por resumo)<br>Passo 4) Anexar o resumo em PDF conforme modelo.&nbsp;<a href=\"http:\/\/www.automacaodeeventos.com.br\/sigeventos\/sbmicrobiologia\/inscricao\/resumos\/0012\/R0075-1.PDF\">CLIQUE AQUI PARA BAIXAR O MODELO<\/a><br>Passo 5) Finalizar a submiss\u00e3o<\/p>\n<p style=\"font-weight: 400;\"><strong>\u00c1reas para submiss\u00e3o dos resumos:<\/strong><\/p>\n<p style=\"font-weight: 400;\"><strong><u>Microbiologia Cl\u00ednica<\/u><\/strong><\/p>\n<p style=\"font-weight: 400;\"><strong>Sub\u00e1reas<br><\/strong>&#8211; Bacteriologia diagn\u00f3stica &#8211; microbiologia geral baseada em cultura&nbsp;<br><span style=\"color: var( --e-global-color-text ); font-family: var( --e-global-typography-text-font-family ), Sans-serif; background-color: var( --e-global-color-e2bc87e );\">&#8211; Gerenciamento de laborat\u00f3rio de microbiologia cl\u00ednica (incluindo automa\u00e7\u00e3o, tecnologia de informa\u00e7\u00e3o e controle de qualidade)<br><\/span><span style=\"color: var( --e-global-color-text ); font-family: var( --e-global-typography-text-font-family ), Sans-serif; background-color: var( --e-global-color-e2bc87e );\">&#8211; MALD-Toff e outros metodos proteomicos&nbsp;<br><\/span><span style=\"color: var( --e-global-color-text ); font-family: var( --e-global-typography-text-font-family ), Sans-serif; background-color: var( --e-global-color-e2bc87e );\">&#8211; Diagn\u00f3stico molecular, sequenciamento e novas tecnologias<br><\/span><span style=\"color: var( --e-global-color-text ); font-family: var( --e-global-typography-text-font-family ), Sans-serif; background-color: var( --e-global-color-e2bc87e );\">&#8211; Estudos de microbioma<br><\/span><span style=\"color: var( --e-global-color-text ); font-family: var( --e-global-typography-text-font-family ), Sans-serif; background-color: var( --e-global-color-e2bc87e );\">&#8211; Diagn\u00f3stico, tratamento e epidemiologia de tuberculose e outras micobacterioses&nbsp;<br><\/span><span style=\"color: var( --e-global-color-text ); font-family: var( --e-global-typography-text-font-family ), Sans-serif; background-color: var( --e-global-color-e2bc87e );\">&#8211;&nbsp;Diagn\u00f3stico, tratamento e epidemiologia de infec\u00e7\u00f5es respirat\u00f3rias adquiridas na comunidade<br><\/span><span style=\"color: var( --e-global-color-text ); font-family: var( --e-global-typography-text-font-family ), Sans-serif; background-color: var( --e-global-color-e2bc87e );\">&#8211;&nbsp;Diagn\u00f3stico, tratamento e epidemiologia de infec\u00e7\u00f5es em pele, tecidos moles, ossos e articula\u00e7\u00f5es adquiridos na comunidade<br><\/span><span style=\"color: var( --e-global-color-text ); font-family: var( --e-global-typography-text-font-family ), Sans-serif; background-color: var( --e-global-color-e2bc87e );\">&#8211; Diagn\u00f3stico,&nbsp;tratamento e epidemiologia de doen\u00e7as bacterianas zoonoticas (incluindo patogenos transmitidos por alimentos, \u00e1gua e aspectos one health)<br><\/span><span style=\"color: var( --e-global-color-text ); font-family: var( --e-global-typography-text-font-family ), Sans-serif; background-color: var( --e-global-color-e2bc87e );\">&#8211;&nbsp;Diagn\u00f3stico, tratamento e epidemiologia infec\u00e7\u00f5es do trato urin\u00e1rio<br><\/span><span style=\"color: var( --e-global-color-text ); font-family: var( --e-global-typography-text-font-family ), Sans-serif; background-color: var( --e-global-color-e2bc87e );\">&#8211; Diagn\u00f3stico,&nbsp;tratamento e epidemiologia de infec\u00e7\u00f5es sexualmente transmissiveis\/ genitais<br><\/span><span style=\"color: var( --e-global-color-text ); font-family: var( --e-global-typography-text-font-family ), Sans-serif; background-color: var( --e-global-color-e2bc87e );\">&#8211; Diagn\u00f3stico, tratmento e epidemiologia de doen\u00e7as fungicas<br><\/span><span style=\"color: var( --e-global-color-text ); font-family: var( --e-global-typography-text-font-family ), Sans-serif; background-color: var( --e-global-color-e2bc87e );\">&#8211; Teste de sensibilidade aos antimicrobianos (M\u00e9todos, valida\u00e7\u00e3o de ensaios e estudos comparativos)&nbsp;<\/span><\/p>\n<p style=\"font-weight: 400;\"><strong><u>Infec\u00e7\u00e3o Hospitalar<\/u><\/strong><\/p>\n<p><b style=\"font-weight: 400;\">Sub\u00e1reas<\/b><b><br><\/b><span style=\"font-weight: 400; color: var( --e-global-color-text ); font-family: var( --e-global-typography-text-font-family ), Sans-serif; background-color: var( --e-global-color-e2bc87e );\">&#8211; Culturas de vigil\u00e2ncia e epidemiologia de MRSA, VRE e outros gram-positivos<br><\/span><span style=\"color: var( --e-global-color-text ); font-family: var( --e-global-typography-text-font-family ), Sans-serif; background-color: var( --e-global-color-e2bc87e );\">&#8211; Culturas de vigil\u00e2ncia e epidemiologia de CRE, Acinetobacter baumanni e Pseudomonas aeruginosa MDR<br><\/span><span style=\"color: var( --e-global-color-text ); font-family: var( --e-global-typography-text-font-family ), Sans-serif; background-color: var( --e-global-color-e2bc87e );\">&#8211; Infec\u00e7\u00f5es por microrganismos multirresistentes<br><\/span><span style=\"color: var( --e-global-color-text ); font-family: var( --e-global-typography-text-font-family ), Sans-serif; background-color: var( --e-global-color-e2bc87e );\">&#8211; Mecanismos de resist\u00eancia, incluindo estidos in vitro e in vivo<br><\/span><span style=\"color: var( --e-global-color-text ); font-family: var( --e-global-typography-text-font-family ), Sans-serif; background-color: var( --e-global-color-e2bc87e );\">&#8211; Dissemina\u00e7\u00e3o de resist\u00eancia, incluindo reservatorios, ecologia e modelos<br><\/span><span style=\"color: var( --e-global-color-text ); font-family: var( --e-global-typography-text-font-family ), Sans-serif; background-color: var( --e-global-color-e2bc87e );\">&#8211; Aspectos politicos de resist\u00eancia aos antimicrobianos (incluindo impacto social e economico)<br><\/span><span style=\"color: var( --e-global-color-text ); font-family: var( --e-global-typography-text-font-family ), Sans-serif; background-color: var( --e-global-color-e2bc87e );\">&#8211;&nbsp;Diagn\u00f3stico, tratamento e epidemiologia de infec\u00e7\u00f5es respirat\u00f3rias adquiridas no hospital<br><\/span><span style=\"color: var( --e-global-color-text ); font-family: var( --e-global-typography-text-font-family ), Sans-serif; background-color: var( --e-global-color-e2bc87e );\">&#8211; Diagn\u00f3stico, tratamento e epidemiologia de sepse, bacteremia, endocardite e infec\u00e7\u00f5es de corrente senguinea relacionadas a cateteres<br><\/span><span style=\"color: var( --e-global-color-text ); font-family: var( --e-global-typography-text-font-family ), Sans-serif; background-color: var( --e-global-color-e2bc87e );\">&#8211; Diagn\u00f3stico, tratamento e epidemiologia de infec\u00e7\u00f5es de proteses, implantes, corpo estranho<br><\/span><span style=\"color: var( --e-global-color-text ); font-family: var( --e-global-typography-text-font-family ), Sans-serif; background-color: var( --e-global-color-e2bc87e );\">&#8211; Diagn\u00f3stico, tratamento e epidemiologia de infec\u00e7\u00f5es de sitio cirurgico<br><\/span><span style=\"color: var( --e-global-color-text ); font-family: var( --e-global-typography-text-font-family ), Sans-serif; background-color: var( --e-global-color-e2bc87e );\">&#8211; Diagn\u00f3stico, tratamento e epidemiologia de infec\u00e7\u00f5es por Clostridiodes difficile&nbsp;<br><\/span><span style=\"color: var( --e-global-color-text ); font-family: var( --e-global-typography-text-font-family ), Sans-serif; background-color: var( --e-global-color-e2bc87e );\">&#8211;&nbsp;Diagn\u00f3stico, tratamento e epidemiologia de outras infec\u00e7\u00f5es associadas \u00e0 assist\u00eancia a sa\u00fade<br><\/span><span style=\"color: var( --e-global-color-text ); font-family: var( --e-global-typography-text-font-family ), Sans-serif; background-color: var( --e-global-color-e2bc87e );\">&#8211; Interven\u00e7\u00f5es e ensaios de controle de infec\u00e7\u00e3o (incluindo transplante de microbiota)<\/span><\/p>\n<p>O Resumo em PDF dever\u00e1 ter apenas uma p\u00e1gina com no m\u00ednimo 1800 e no m\u00e1ximo 2500 caracteres (com espa\u00e7os) e conter breve introdu\u00e7\u00e3o, materiais e m\u00e9todos, discuss\u00e3o dos resultados e conclus\u00e3o.<\/p>\n<p>Os caracteres do T\u00edtulo, Autores, Institui\u00e7\u00f5es, Palavras Chaves e Ag\u00eancias de Fomento n\u00e3o ser\u00e3o contabilizados.<\/p>\n<p>N\u00e3o ser\u00e3o aceitos resumos encaminhados pelo correio ou e-mail.<\/p>\n<p>Ser\u00e3o consideradas somente contribui\u00e7\u00f5es cient\u00edficas in\u00e9ditas, originais e no escopo do evento, sendo vedado ao autor submeter revis\u00f5es bibliogr\u00e1ficas, trabalhos j\u00e1 publicados ou pesquisas em fase de planejamento. Agradecimentos \u00e0s ag\u00eancias de fomento s\u00e3o opcionais.<\/p>\n<p>O Resumo n\u00e3o dever\u00e1 conter cita\u00e7\u00f5es bibliogr\u00e1ficas, nem lista de refer\u00eancias bibliogr\u00e1ficas.<\/p>\n<p>Cabe ao(s) autor(es) assinalar(em) a \u00e1rea de conhecimento do trabalho. Entretanto, a Comiss\u00e3o Cient\u00edfica poder\u00e1 remanejar o trabalho para outra \u00e1rea se achar mais adequado.&nbsp;<\/p>\n<p>Inscri\u00e7\u00f5es com envio de resumos n\u00e3o pagas at\u00e9 10\/08\/2022 ter\u00e3o seus resumos cancelados sem pr\u00e9vio aviso.<\/p>\n<p>Para saber se o Resumo foi aceito ou n\u00e3o, os o(s) autor(es) dever\u00e1(\u00e3o) verificar em: Resultado da avalia\u00e7\u00e3o dos trabalhos Em sua <a href=\"http:\/\/www.adtevento.com.br\/sbmicrobiologia\/inscricao\/index.asp?eveId=41\" target=\"_blank\" rel=\"noopener\"><b>\u00e1rea restrita<\/b><\/a>.<\/p>\n<p>Todos os Resumos aceitos ser\u00e3o publicados nos Anais ONLINE de Resumos, desde que o autor que enviou o resumo esteja com a taxa de inscri\u00e7\u00e3o no congresso quitada.<\/p>\n<p>A Comiss\u00e3o Organizadora descartar\u00e1 os Resumos que n\u00e3o atenderem a essa exig\u00eancia. Todos os trabalhos ser\u00e3o apresentados em forma de p\u00f4ster.<\/p>\n<p><b>Sobre a confec\u00e7\u00e3o e apresenta\u00e7\u00e3o do P\u00f4ster<\/b><br>O p\u00f4ster dever\u00e1 ser montado de acordo com a programa\u00e7\u00e3o, que ser\u00e1 elaborada pela coordena\u00e7\u00e3o cient\u00edfica do evento, sendo obrigat\u00f3ria a presen\u00e7a do apresentador durante o per\u00edodo estabelecido.<\/p>\n<p>O p\u00f4ster poder\u00e1 ser confeccionado em Portugu\u00eas ou Ingl\u00eas. ( preferencialmente em ingl\u00eas).<\/p>\n<p>&#8211; Apresenta\u00e7\u00f5es no dia 24\/09 &#8211; Fixar o P\u00f4ster entre \u00e0s 13h00 e 15h00 do dia de sua apresenta\u00e7\u00e3o.<\/p><p>&#8211; Apresenta\u00e7\u00f5es no dia 25\/09 &#8211; Fixar o P\u00f4ster entre \u00e0s 08h00 e 09h00 do dia de sua apresenta\u00e7\u00e3o.<br><br>As sess\u00f5es de p\u00f4steres ser\u00e3o realizadas nos dias 24 e 25 de setembro de 2022 de acordo com a programa\u00e7\u00e3o do evento. Caso o apresentador n\u00e3o esteja presente, ser\u00e1 facultado \u00e0 Comiss\u00e3o Cient\u00edfica o fornecimento de certificados. O tamanho m\u00e1ximo do p\u00f4ster ser\u00e1 de 1,5 m. de altura por 1,0 m. de largura.<\/p>\n<p>A SBM n\u00e3o determina um modelo \u00fanico para confec\u00e7\u00e3o do p\u00f4ster. Caso o p\u00f4ster n\u00e3o seja fixado, os autores ser\u00e3o impedidos de apresentar trabalhos por dois congressos consecutivos.<\/p>\n<p><b>O p\u00f4ster dever\u00e1 apresentar:<\/b><br>a) t\u00edtulo;<br>b) autor(es);<br>c) introdu\u00e7\u00e3o;<br>d) material e m\u00e9todos (quando pesquisa); diagn\u00f3stico ou plano de tratamento (quando casos cl\u00ednicos);<br>e) resultados e conclus\u00f5es;<br>f) refer\u00eancias bibliogr\u00e1ficas.<br>A responsabilidade pela seguran\u00e7a e poss\u00edveis danos ao p\u00f4ster, \u00e9 \u00fanica e exclusiva do apresentador A Comiss\u00e3o de Avalia\u00e7\u00e3o dos P\u00f4steres e a Secretaria do Congresso n\u00e3o se responsabilizam pelos p\u00f4steres n\u00e3o retirados dos pain\u00e9is ap\u00f3s o t\u00e9rmino da exibi\u00e7\u00e3o.<\/p>\n<p><b>Avalia\u00e7\u00e3o dos resumos:<\/b><br>Todos os resumos submetidos ser\u00e3o avaliados<\/p>\n<p>Durante a avalia\u00e7\u00e3o online dos resumos o avaliador determina quais ser\u00e3o aceitos ou recusados e poder\u00e1 indicar quais resumos tem m\u00e9rito para concorrer ao pr\u00eamio de melhor trabalho.<\/p>\n<p>Ap\u00f3s a avalia\u00e7\u00e3o o inscrito receber\u00e1 uma carta de aceite ou recusa em sua \u00e1rea reservada. N\u00e3o ser\u00e1 informado sobre a pr\u00e9-sele\u00e7\u00e3o para concorrer ao pr\u00eamio.<\/p>\n<p>Todos os resumos aceitos ser\u00e3o apresentados em forma de p\u00f4ster.<\/p>\t\t\t\t\t\t<\/div>\n\t\t\t\t<\/div>\n\t\t\t\t\t<\/div>\n\t\t<\/div>\n\t\t\t\t\t\t\t<\/div>\n\t\t<\/section>\n\t\t\t\t\t\t\t<\/div>\n\t\t","protected":false},"excerpt":{"rendered":"<p>Envio dos Resumos, Apresenta\u00e7\u00e3o dos P\u00f4steres e Avalia\u00e7\u00e3o O envio de Resumo dever\u00e1 ser realizado atrav\u00e9s de sua \u00e1rea restrita, impreterivelmente, at\u00e9 o dia 21\/07\/2022 em INGL\u00caS Ser\u00e1 aceito um resumo por inscri\u00e7\u00e3o! ATEN\u00c7\u00c3O AUTORES:&nbsp;Confiram o trabalho antes da postagem final para evitar erros! Os Resumos devem ser submetidos por interm\u00e9dio do formul\u00e1rio on-line, no [&hellip;]<\/p>\n","protected":false},"author":1,"featured_media":0,"parent":0,"menu_order":0,"comment_status":"closed","ping_status":"closed","template":"elementor_theme","meta":{"footnotes":""},"class_list":["post-48","page","type-page","status-publish","hentry"],"_links":{"self":[{"href":"https:\/\/sbmicrobiologia.org.br\/8simc2022\/wp-json\/wp\/v2\/pages\/48","targetHints":{"allow":["GET"]}}],"collection":[{"href":"https:\/\/sbmicrobiologia.org.br\/8simc2022\/wp-json\/wp\/v2\/pages"}],"about":[{"href":"https:\/\/sbmicrobiologia.org.br\/8simc2022\/wp-json\/wp\/v2\/types\/page"}],"author":[{"embeddable":true,"href":"https:\/\/sbmicrobiologia.org.br\/8simc2022\/wp-json\/wp\/v2\/users\/1"}],"replies":[{"embeddable":true,"href":"https:\/\/sbmicrobiologia.org.br\/8simc2022\/wp-json\/wp\/v2\/comments?post=48"}],"version-history":[{"count":25,"href":"https:\/\/sbmicrobiologia.org.br\/8simc2022\/wp-json\/wp\/v2\/pages\/48\/revisions"}],"predecessor-version":[{"id":442,"href":"https:\/\/sbmicrobiologia.org.br\/8simc2022\/wp-json\/wp\/v2\/pages\/48\/revisions\/442"}],"wp:attachment":[{"href":"https:\/\/sbmicrobiologia.org.br\/8simc2022\/wp-json\/wp\/v2\/media?parent=48"}],"curies":[{"name":"wp","href":"https:\/\/api.w.org\/{rel}","templated":true}]}}