{"id":46,"date":"2022-04-01T11:38:01","date_gmt":"2022-04-01T14:38:01","guid":{"rendered":"https:\/\/sbmicrobiologia.org.br\/8simc2022\/?page_id=46"},"modified":"2022-06-30T16:29:41","modified_gmt":"2022-06-30T19:29:41","slug":"datas-e-prazos","status":"publish","type":"page","link":"https:\/\/sbmicrobiologia.org.br\/8simc2022\/datas-e-prazos\/","title":{"rendered":"Datas e prazos"},"content":{"rendered":"\t\t<div data-elementor-type=\"wp-page\" data-elementor-id=\"46\" class=\"elementor elementor-46\">\n\t\t\t\t\t\t\t\t\t<section class=\"elementor-section elementor-top-section elementor-element elementor-element-1c2d9df elementor-section-boxed elementor-section-height-default elementor-section-height-default\" data-id=\"1c2d9df\" data-element_type=\"section\">\n\t\t\t\t\t\t<div class=\"elementor-container elementor-column-gap-default\">\n\t\t\t\t\t<div class=\"elementor-column elementor-col-100 elementor-top-column elementor-element elementor-element-654b3d0\" data-id=\"654b3d0\" data-element_type=\"column\" data-settings=\"{&quot;background_background&quot;:&quot;classic&quot;}\">\n\t\t\t<div class=\"elementor-widget-wrap elementor-element-populated\">\n\t\t\t\t\t\t\t\t<div class=\"elementor-element elementor-element-54e96c5 elementor-widget elementor-widget-text-editor\" data-id=\"54e96c5\" data-element_type=\"widget\" data-widget_type=\"text-editor.default\">\n\t\t\t\t<div class=\"elementor-widget-container\">\n\t\t\t<style>\/*! elementor - v3.6.1 - 23-03-2022 *\/\n.elementor-widget-text-editor.elementor-drop-cap-view-stacked .elementor-drop-cap{background-color:#818a91;color:#fff}.elementor-widget-text-editor.elementor-drop-cap-view-framed .elementor-drop-cap{color:#818a91;border:3px solid;background-color:transparent}.elementor-widget-text-editor:not(.elementor-drop-cap-view-default) .elementor-drop-cap{margin-top:8px}.elementor-widget-text-editor:not(.elementor-drop-cap-view-default) .elementor-drop-cap-letter{width:1em;height:1em}.elementor-widget-text-editor .elementor-drop-cap{float:left;text-align:center;line-height:1;font-size:50px}.elementor-widget-text-editor .elementor-drop-cap-letter{display:inline-block}<\/style>\t\t\t\t<p class=\"p1\"><span class=\"s1\"><b>01\/04\/2022 (6\u00aa feira)<\/b><\/span>\u00a0\u2013 In\u00edcio das inscri\u00e7\u00f5es online e submiss\u00e3o dos resumos.<\/p><p><span class=\"s1\"><b>21\/07\/2022 (5\u00aa feira) \u00e0s 23h59m (hor\u00e1rio de Bras\u00edlia)<\/b><\/span>\u00a0\u2013 <u>Prazo prorrogado<\/u> para submiss\u00e3o dos Resumos.<br \/><b>\u00a0<br \/><span class=\"s1\">22\/07\/2022 (6\u00aa feira) a 10\/08\/2022 (4\u00aa feira)<\/span><\/b>\u00a0\u2013 Previs\u00e3o para divulga\u00e7\u00e3o dos aceites<\/p><p><span class=\"s1\"><b>15\/08\/2022 (4\u00aa feira)<\/b><\/span>\u00a0\u2013 Termina o prazo das inscri\u00e7\u00f5es com valores promocionais.<\/p><p><span class=\"s1\"><b>15\/08\/2022\u00a0(4\u00aa feira)<\/b><\/span>\u00a0\u2013 Inscri\u00e7\u00f5es com envio de resumos n\u00e3o pagas at\u00e9 esta data ter\u00e3o seus resumos cancelados sem pr\u00e9vio aviso.<\/p><p><span class=\"s1\"><b>19\/09\/2022<\/b><\/span>\u00a0<span class=\"s1\"><b>(2\u00aa feira)<\/b><\/span>\u00a0\u2013 T\u00e9rmino do prazo das inscri\u00e7\u00f5es online.<\/p><p><span class=\"s1\"><b>20\/09\/2022 (3\u00aa feira) a 25\/09\/2022 (Domingo)<\/b><\/span>\u00a0\u2013 Permitido efetuar inscri\u00e7\u00e3o online com pagamento no local do evento.<\/p><p><span class=\"s1\"><b>Cancelamento de Inscri\u00e7\u00e3o:<\/b><\/span><br \/>A solicita\u00e7\u00e3o dever\u00e1 ser encaminhada ao e-mail financeiro@sbmicrobiologia.org.br at\u00e9 o dia 10\/08\/2022 (4\u00aa feira), informando o n\u00famero da inscri\u00e7\u00e3o, o nome completo do inscrito e os dados para dep\u00f3sito em conta corrente.<\/p><p>Ser\u00e3o restitu\u00eddos 70% do valor da inscri\u00e7\u00e3o, descontadas as taxas operacionais e banc\u00e1rias.<\/p><p>As devolu\u00e7\u00f5es ser\u00e3o efetuadas entre os dias 05 de outubro de 2022 (4\u00aa feira) a 14 de outubro de 2022 (6\u00aa feira).<\/p><p>Quaisquer outras informa\u00e7\u00f5es: financeiro@sbmicrobiologia.org.br<\/p>\t\t\t\t\t\t<\/div>\n\t\t\t\t<\/div>\n\t\t\t\t\t<\/div>\n\t\t<\/div>\n\t\t\t\t\t\t\t<\/div>\n\t\t<\/section>\n\t\t\t\t\t\t\t<\/div>\n\t\t","protected":false},"excerpt":{"rendered":"<p>01\/04\/2022 (6\u00aa feira)\u00a0\u2013 In\u00edcio das inscri\u00e7\u00f5es online e submiss\u00e3o dos resumos. 21\/07\/2022 (5\u00aa feira) \u00e0s 23h59m (hor\u00e1rio de Bras\u00edlia)\u00a0\u2013 Prazo prorrogado para submiss\u00e3o dos Resumos.\u00a022\/07\/2022 (6\u00aa feira) a 10\/08\/2022 (4\u00aa feira)\u00a0\u2013 Previs\u00e3o para divulga\u00e7\u00e3o dos aceites 15\/08\/2022 (4\u00aa feira)\u00a0\u2013 Termina o prazo das inscri\u00e7\u00f5es com valores promocionais. 15\/08\/2022\u00a0(4\u00aa feira)\u00a0\u2013 Inscri\u00e7\u00f5es com envio de resumos n\u00e3o [&hellip;]<\/p>\n","protected":false},"author":1,"featured_media":0,"parent":0,"menu_order":0,"comment_status":"closed","ping_status":"closed","template":"elementor_theme","meta":{"footnotes":""},"class_list":["post-46","page","type-page","status-publish","hentry"],"_links":{"self":[{"href":"https:\/\/sbmicrobiologia.org.br\/8simc2022\/wp-json\/wp\/v2\/pages\/46","targetHints":{"allow":["GET"]}}],"collection":[{"href":"https:\/\/sbmicrobiologia.org.br\/8simc2022\/wp-json\/wp\/v2\/pages"}],"about":[{"href":"https:\/\/sbmicrobiologia.org.br\/8simc2022\/wp-json\/wp\/v2\/types\/page"}],"author":[{"embeddable":true,"href":"https:\/\/sbmicrobiologia.org.br\/8simc2022\/wp-json\/wp\/v2\/users\/1"}],"replies":[{"embeddable":true,"href":"https:\/\/sbmicrobiologia.org.br\/8simc2022\/wp-json\/wp\/v2\/comments?post=46"}],"version-history":[{"count":13,"href":"https:\/\/sbmicrobiologia.org.br\/8simc2022\/wp-json\/wp\/v2\/pages\/46\/revisions"}],"predecessor-version":[{"id":428,"href":"https:\/\/sbmicrobiologia.org.br\/8simc2022\/wp-json\/wp\/v2\/pages\/46\/revisions\/428"}],"wp:attachment":[{"href":"https:\/\/sbmicrobiologia.org.br\/8simc2022\/wp-json\/wp\/v2\/media?parent=46"}],"curies":[{"name":"wp","href":"https:\/\/api.w.org\/{rel}","templated":true}]}}