{"id":44,"date":"2022-04-01T11:38:01","date_gmt":"2022-04-01T14:38:01","guid":{"rendered":"https:\/\/sbmicrobiologia.org.br\/8simc2022\/?page_id=44"},"modified":"2022-06-30T16:23:56","modified_gmt":"2022-06-30T19:23:56","slug":"valores","status":"publish","type":"page","link":"https:\/\/sbmicrobiologia.org.br\/8simc2022\/valores\/","title":{"rendered":"Valores"},"content":{"rendered":"\t\t<div data-elementor-type=\"wp-page\" data-elementor-id=\"44\" class=\"elementor elementor-44\">\n\t\t\t\t\t\t\t\t\t<section class=\"elementor-section elementor-top-section elementor-element elementor-element-8d85804 elementor-section-stretched elementor-section-boxed elementor-section-height-default elementor-section-height-default\" data-id=\"8d85804\" data-element_type=\"section\" data-settings=\"{&quot;stretch_section&quot;:&quot;section-stretched&quot;}\">\n\t\t\t\t\t\t<div class=\"elementor-container elementor-column-gap-default\">\n\t\t\t\t\t<div class=\"elementor-column elementor-col-100 elementor-top-column elementor-element elementor-element-630cc67\" data-id=\"630cc67\" data-element_type=\"column\" data-settings=\"{&quot;background_background&quot;:&quot;classic&quot;}\">\n\t\t\t<div class=\"elementor-widget-wrap elementor-element-populated\">\n\t\t\t\t\t\t\t\t<div class=\"elementor-element elementor-element-b8f2b51 elementor-widget elementor-widget-Table\" data-id=\"b8f2b51\" data-element_type=\"widget\" data-widget_type=\"Table.default\">\n\t\t\t\t<div class=\"elementor-widget-container\">\n\t\t\t\t\t<table class=\"tafe-table\">\n\t\t\t<thead  class=\"tafe-table-header\">\n\t\t\t\t<tr>\n\t\t\t\t\t<th class=\"elementor-inline-editing elementor-repeater-item-e375d7b\"   >Tipo de Inscri\u00e7\u00e3o<\/th><th class=\"elementor-inline-editing elementor-repeater-item-0eda525\"   >Valor 01\/04 a 15\/08<\/th><th class=\"elementor-inline-editing elementor-repeater-item-6bd9592\"   >Valor 16\/08 a 19\/09<\/th><th class=\"elementor-inline-editing elementor-repeater-item-784cee3\"   >Valor no local<\/th>\t\t\t\t<\/tr>\n\t\t\t<\/thead>\n\t\t\t<tbody class=\"tafe-table-body\">\n\t\t\t\t<tr>\n\t\t\t\t\t<td   class=\"elementor-repeater-item-d3cff1b\" >Aluno de Gradua\u00e7\u00e3o - S\u00d3CIO FILIADO AT\u00c9 31.12.2021<\/td><td   class=\"elementor-repeater-item-34e9e64\" >R$ 180,00<\/td><td   class=\"elementor-repeater-item-ecdad74\" >R$ 215,00<\/td><td   class=\"elementor-repeater-item-5cd2ad0\" >R$ 260,00<\/td><\/tr><tr><td   class=\"elementor-repeater-item-a99ee83\" >Aluno de Gradua\u00e7\u00e3o - N\u00c3O S\u00d3CIO<\/td><td   class=\"elementor-repeater-item-59c3355\" >R$ 250,00<\/td><td   class=\"elementor-repeater-item-1de617d\" >R$ 305,00<\/td><td   class=\"elementor-repeater-item-ec85f48\" >R$ 400,00<\/td><\/tr><tr><td   class=\"elementor-repeater-item-d441651\" >Aluno de P\u00f3s-Gradua\u00e7\u00e3o (Mestrando \/ Doutorando) - S\u00d3CIO FILIADO AT\u00c9 31.12.2021<\/td><td   class=\"elementor-repeater-item-3db65a0\" >R$ 230,00<\/td><td   class=\"elementor-repeater-item-ac078c8\" >R$ 275,00<\/td><td   class=\"elementor-repeater-item-6f1323f\" >R$ 330,00<\/td><\/tr><tr><td   class=\"elementor-repeater-item-1e933df\" >Aluno de P\u00f3s-Gradua\u00e7\u00e3o (Mestrando \/ Doutorando) - N\u00c3O S\u00d3CIO<\/td><td   class=\"elementor-repeater-item-d484ad4\" >R$ 370,00<\/td><td   class=\"elementor-repeater-item-fe9aca6\" >R$ 445,00<\/td><td   class=\"elementor-repeater-item-80b1055\" >R$ 530,00<\/td><\/tr><tr><td   class=\"elementor-repeater-item-4f0b5a6\" >P\u00f3s-Doutorado - S\u00d3CIO FILIADO AT\u00c9 31.12.2021<\/td><td   class=\"elementor-repeater-item-bfc9b0e\" >R$ 280,00<\/td><td   class=\"elementor-repeater-item-221075a\" >R$ 335,00<\/td><td   class=\"elementor-repeater-item-8f2f422\" >R$ 410,00<\/td><\/tr><tr><td   class=\"elementor-repeater-item-e1b1689\" >P\u00f3s-Doutorado - N\u00c3O S\u00d3CIO<\/td><td   class=\"elementor-repeater-item-6041421\" >R$ 470,00<\/td><td   class=\"elementor-repeater-item-3b10cd7\" >R$ 565,00<\/td><td   class=\"elementor-repeater-item-45d9f03\" >R$ 670,00<\/td><\/tr><tr><td   class=\"elementor-repeater-item-3644069\" >Profissional - S\u00d3CIO FILIADO AT\u00c9 31.12.2021<\/td><td   class=\"elementor-repeater-item-6d12423\" >R$ 330,00<\/td><td   class=\"elementor-repeater-item-87336fb\" >R$ 395,00<\/td><td   class=\"elementor-repeater-item-262bd39\" >R$ 480,00<\/td><\/tr><tr><td   class=\"elementor-repeater-item-aa70321\" >Profissional - N\u00c3O S\u00d3CIO<\/td><td   class=\"elementor-repeater-item-9736163\" >R$ 540,00<\/td><td   class=\"elementor-repeater-item-5056bed\" >R$ 645,00<\/td><td   class=\"elementor-repeater-item-7e1e7b7\" >R$ 770,00<\/td><\/tr><tr><td   class=\"elementor-repeater-item-95ef8d7\" >Curso 04 Horas - S\u00d3CIO FILIADO AT\u00c9 31.12.2021<\/td><td   class=\"elementor-repeater-item-3ebe2ba\" >R$ 40,00<\/td><td   class=\"elementor-repeater-item-37359f3\" >R$ 45,00<\/td><td   class=\"elementor-repeater-item-8712d11\" >R$ 60,00<\/td><\/tr><tr><td   class=\"elementor-repeater-item-de05c4d\" >Curso 04 Horas - N\u00c3O S\u00d3CIO<\/td><td   class=\"elementor-repeater-item-c1732d3\" >R$ 60,00<\/td><td   class=\"elementor-repeater-item-48cc9ca\" >R$ 75,00<\/td><td   class=\"elementor-repeater-item-e6625cd\" >R$ 90,00<\/td>\t\t\t\t<\/tr>\n\t\t\t<\/tbody>\n\t\t<\/table>\n\t\t\n\t\t\t\t<\/div>\n\t\t\t\t<\/div>\n\t\t\t\t\t<\/div>\n\t\t<\/div>\n\t\t\t\t\t\t\t<\/div>\n\t\t<\/section>\n\t\t\t\t\t\t\t<\/div>\n\t\t","protected":false},"excerpt":{"rendered":"<p>Tipo de Inscri\u00e7\u00e3o Valor 01\/04 a 15\/08 Valor 16\/08 a 19\/09 Valor no local Aluno de Gradua\u00e7\u00e3o &#8211; S\u00d3CIO FILIADO AT\u00c9 31.12.2021 R$ 180,00 R$ 215,00 R$ 260,00 Aluno de Gradua\u00e7\u00e3o &#8211; N\u00c3O S\u00d3CIO R$ 250,00 R$ 305,00 R$ 400,00 Aluno de P\u00f3s-Gradua\u00e7\u00e3o (Mestrando \/ Doutorando) &#8211; S\u00d3CIO FILIADO AT\u00c9 31.12.2021 R$ 230,00 R$ 275,00 [&hellip;]<\/p>\n","protected":false},"author":1,"featured_media":0,"parent":0,"menu_order":0,"comment_status":"closed","ping_status":"closed","template":"elementor_theme","meta":{"footnotes":""},"class_list":["post-44","page","type-page","status-publish","hentry"],"_links":{"self":[{"href":"https:\/\/sbmicrobiologia.org.br\/8simc2022\/wp-json\/wp\/v2\/pages\/44","targetHints":{"allow":["GET"]}}],"collection":[{"href":"https:\/\/sbmicrobiologia.org.br\/8simc2022\/wp-json\/wp\/v2\/pages"}],"about":[{"href":"https:\/\/sbmicrobiologia.org.br\/8simc2022\/wp-json\/wp\/v2\/types\/page"}],"author":[{"embeddable":true,"href":"https:\/\/sbmicrobiologia.org.br\/8simc2022\/wp-json\/wp\/v2\/users\/1"}],"replies":[{"embeddable":true,"href":"https:\/\/sbmicrobiologia.org.br\/8simc2022\/wp-json\/wp\/v2\/comments?post=44"}],"version-history":[{"count":22,"href":"https:\/\/sbmicrobiologia.org.br\/8simc2022\/wp-json\/wp\/v2\/pages\/44\/revisions"}],"predecessor-version":[{"id":424,"href":"https:\/\/sbmicrobiologia.org.br\/8simc2022\/wp-json\/wp\/v2\/pages\/44\/revisions\/424"}],"wp:attachment":[{"href":"https:\/\/sbmicrobiologia.org.br\/8simc2022\/wp-json\/wp\/v2\/media?parent=44"}],"curies":[{"name":"wp","href":"https:\/\/api.w.org\/{rel}","templated":true}]}}