{"id":42,"date":"2022-04-01T11:38:01","date_gmt":"2022-04-01T14:38:01","guid":{"rendered":"https:\/\/sbmicrobiologia.org.br\/8simc2022\/?page_id=42"},"modified":"2022-04-04T07:00:18","modified_gmt":"2022-04-04T10:00:18","slug":"comissoes","status":"publish","type":"page","link":"https:\/\/sbmicrobiologia.org.br\/8simc2022\/comissoes\/","title":{"rendered":"Comiss\u00f5es"},"content":{"rendered":"\t\t<div data-elementor-type=\"wp-page\" data-elementor-id=\"42\" class=\"elementor elementor-42\">\n\t\t\t\t\t\t\t\t\t<section class=\"elementor-section elementor-top-section elementor-element elementor-element-8c0c759 elementor-section-boxed elementor-section-height-default elementor-section-height-default\" data-id=\"8c0c759\" data-element_type=\"section\">\n\t\t\t\t\t\t<div class=\"elementor-container elementor-column-gap-default\">\n\t\t\t\t\t<div class=\"elementor-column elementor-col-100 elementor-top-column elementor-element elementor-element-984c582\" data-id=\"984c582\" data-element_type=\"column\" data-settings=\"{&quot;background_background&quot;:&quot;classic&quot;}\">\n\t\t\t<div class=\"elementor-widget-wrap elementor-element-populated\">\n\t\t\t\t\t\t\t\t<div class=\"elementor-element elementor-element-5c23f1e elementor-widget elementor-widget-text-editor\" data-id=\"5c23f1e\" data-element_type=\"widget\" data-widget_type=\"text-editor.default\">\n\t\t\t\t<div class=\"elementor-widget-container\">\n\t\t\t<style>\/*! elementor - v3.6.1 - 23-03-2022 *\/\n.elementor-widget-text-editor.elementor-drop-cap-view-stacked .elementor-drop-cap{background-color:#818a91;color:#fff}.elementor-widget-text-editor.elementor-drop-cap-view-framed .elementor-drop-cap{color:#818a91;border:3px solid;background-color:transparent}.elementor-widget-text-editor:not(.elementor-drop-cap-view-default) .elementor-drop-cap{margin-top:8px}.elementor-widget-text-editor:not(.elementor-drop-cap-view-default) .elementor-drop-cap-letter{width:1em;height:1em}.elementor-widget-text-editor .elementor-drop-cap{float:left;text-align:center;line-height:1;font-size:50px}.elementor-widget-text-editor .elementor-drop-cap-letter{display:inline-block}<\/style>\t\t\t\t<p><strong>Diretoria da SBM<\/strong><\/p><p>PRESIDENTE:<br \/>Luis Henrique Souza Guimar\u00e3es &#8211; Universidade de S\u00e3o Paulo \u2013 FFCLRP-USP.<\/p><p>VICE-PRESIDENTE:<br \/>Luis Augusto Nero &#8211; Universidade Federal de Vi\u00e7osa &#8211; UFV.<\/p><p>1\u00ba TESOUREIRO:<br \/>Karen Spadari Ferreira &#8211; Universidade Federal de S\u00e3o Paulo \u2013 UNIFESP.<\/p><p>2\u00ba TESOUREIRO:<br \/>V\u00e2nia Maria Maciel Melo &#8211; Universidade Federal do Cear\u00e1 &#8211; UFC.<\/p><p>1\u00ba SECRET\u00c1RIO:<br \/>Roxane Maria Fontes Piazza &#8211; Instituto Butantan \u2013 IBu.<\/p><p>2\u00ba SECRET\u00c1RIO:<br \/>C\u00e9lia Maria de Almeida Soares \u2013 Universidade Federal de Goi\u00e1s &#8211; UFG.<\/p><p>CONSELHO FISCAL \u2013 1\u00ba MEMBRO:<br \/>Beatriz Ernestina Cabilio Guth &#8211; Universidade Federal de S\u00e3o Paulo &#8211; UNIFESP.<\/p><p>CONSELHO FISCAL \u2013 2\u00ba MEMBRO:<br \/>Felipe Piedade Gon\u00e7alves Neves \u2013 Universidade Federal Fluminense &#8211; UFF).<\/p><p>Comiss\u00e3o Cient\u00edfica do 8\u00ba Simp\u00f3sio Internacional de Microbiologia Cl\u00ednica<\/p><p><strong>\u00c1rea &#8211; Infec\u00e7\u00e3o Hospitalar:<\/strong><\/p><p>Ana Paula D&#8217;Alincourt Carvalho Assef &#8211; Funda\u00e7\u00e3o Oswaldo Cruz &#8211; FIOCRUZ.<\/p><p>Luciene Andrade da Rocha Minarini \u2013 Universidade Federal de S\u00e3o Paulo &#8211; UNIFESP.<br \/><br \/>Trainee: Leonardo Neves Andrade &#8211; Faculdade de Ci\u00eancias Farmac\u00eaucticas de Ribeir\u00e3o Preto \u2013 USP<\/p><p><strong>\u00c1rea &#8211; Microbiologia Cl\u00ednica:<\/strong><\/p><p>Mara Cristina Scheffer &#8211; Universidade Federal de Santa Catarina &#8211; UFSC.<\/p><p>Keite da Silva Nogueira &#8211; Universidade Federal do Paran\u00e1 &#8211; UFPR.<br \/><br \/>Trainee: Leonardo Neves Andrade &#8211; Faculdade de Ci\u00eancias Farmac\u00eaucticas de Ribeir\u00e3o Preto \u2013 USP<\/p><p style=\"font-weight: 400;\"><strong>Administra\u00e7\u00e3o:<\/strong><\/p><p style=\"font-weight: 400;\">Wellington Maruchi \u2013 Coordenador de eventos da SBM<\/p><p style=\"font-weight: 400;\">Jos\u00e9 Jair \u2013 Departamento Financeiro<\/p>\t\t\t\t\t\t<\/div>\n\t\t\t\t<\/div>\n\t\t\t\t\t<\/div>\n\t\t<\/div>\n\t\t\t\t\t\t\t<\/div>\n\t\t<\/section>\n\t\t\t\t\t\t\t<\/div>\n\t\t","protected":false},"excerpt":{"rendered":"<p>Diretoria da SBM PRESIDENTE:Luis Henrique Souza Guimar\u00e3es &#8211; Universidade de S\u00e3o Paulo \u2013 FFCLRP-USP. VICE-PRESIDENTE:Luis Augusto Nero &#8211; Universidade Federal de Vi\u00e7osa &#8211; UFV. 1\u00ba TESOUREIRO:Karen Spadari Ferreira &#8211; Universidade Federal de S\u00e3o Paulo \u2013 UNIFESP. 2\u00ba TESOUREIRO:V\u00e2nia Maria Maciel Melo &#8211; Universidade Federal do Cear\u00e1 &#8211; UFC. 1\u00ba SECRET\u00c1RIO:Roxane Maria Fontes Piazza &#8211; Instituto [&hellip;]<\/p>\n","protected":false},"author":1,"featured_media":0,"parent":0,"menu_order":0,"comment_status":"closed","ping_status":"closed","template":"elementor_theme","meta":{"footnotes":""},"class_list":["post-42","page","type-page","status-publish","hentry"],"_links":{"self":[{"href":"https:\/\/sbmicrobiologia.org.br\/8simc2022\/wp-json\/wp\/v2\/pages\/42","targetHints":{"allow":["GET"]}}],"collection":[{"href":"https:\/\/sbmicrobiologia.org.br\/8simc2022\/wp-json\/wp\/v2\/pages"}],"about":[{"href":"https:\/\/sbmicrobiologia.org.br\/8simc2022\/wp-json\/wp\/v2\/types\/page"}],"author":[{"embeddable":true,"href":"https:\/\/sbmicrobiologia.org.br\/8simc2022\/wp-json\/wp\/v2\/users\/1"}],"replies":[{"embeddable":true,"href":"https:\/\/sbmicrobiologia.org.br\/8simc2022\/wp-json\/wp\/v2\/comments?post=42"}],"version-history":[{"count":16,"href":"https:\/\/sbmicrobiologia.org.br\/8simc2022\/wp-json\/wp\/v2\/pages\/42\/revisions"}],"predecessor-version":[{"id":258,"href":"https:\/\/sbmicrobiologia.org.br\/8simc2022\/wp-json\/wp\/v2\/pages\/42\/revisions\/258"}],"wp:attachment":[{"href":"https:\/\/sbmicrobiologia.org.br\/8simc2022\/wp-json\/wp\/v2\/media?parent=42"}],"curies":[{"name":"wp","href":"https:\/\/api.w.org\/{rel}","templated":true}]}}