{"id":40,"date":"2022-04-01T11:38:01","date_gmt":"2022-04-01T14:38:01","guid":{"rendered":"https:\/\/sbmicrobiologia.org.br\/8simc2022\/?page_id=40"},"modified":"2022-04-04T07:01:33","modified_gmt":"2022-04-04T10:01:33","slug":"informacoes-gerais","status":"publish","type":"page","link":"https:\/\/sbmicrobiologia.org.br\/8simc2022\/informacoes-gerais\/","title":{"rendered":"Informa\u00e7\u00f5es gerais"},"content":{"rendered":"\t\t<div data-elementor-type=\"wp-page\" data-elementor-id=\"40\" class=\"elementor elementor-40\">\n\t\t\t\t\t\t\t\t\t<section class=\"elementor-section elementor-top-section elementor-element elementor-element-4b36233 elementor-section-boxed elementor-section-height-default elementor-section-height-default\" data-id=\"4b36233\" data-element_type=\"section\">\n\t\t\t\t\t\t<div class=\"elementor-container elementor-column-gap-default\">\n\t\t\t\t\t<div class=\"elementor-column elementor-col-100 elementor-top-column elementor-element elementor-element-ade65b9\" data-id=\"ade65b9\" data-element_type=\"column\" data-settings=\"{&quot;background_background&quot;:&quot;classic&quot;}\">\n\t\t\t<div class=\"elementor-widget-wrap elementor-element-populated\">\n\t\t\t\t\t\t\t\t<div class=\"elementor-element elementor-element-343dffa elementor-widget elementor-widget-text-editor\" data-id=\"343dffa\" data-element_type=\"widget\" data-widget_type=\"text-editor.default\">\n\t\t\t\t<div class=\"elementor-widget-container\">\n\t\t\t<style>\/*! elementor - v3.6.1 - 23-03-2022 *\/\n.elementor-widget-text-editor.elementor-drop-cap-view-stacked .elementor-drop-cap{background-color:#818a91;color:#fff}.elementor-widget-text-editor.elementor-drop-cap-view-framed .elementor-drop-cap{color:#818a91;border:3px solid;background-color:transparent}.elementor-widget-text-editor:not(.elementor-drop-cap-view-default) .elementor-drop-cap{margin-top:8px}.elementor-widget-text-editor:not(.elementor-drop-cap-view-default) .elementor-drop-cap-letter{width:1em;height:1em}.elementor-widget-text-editor .elementor-drop-cap{float:left;text-align:center;line-height:1;font-size:50px}.elementor-widget-text-editor .elementor-drop-cap-letter{display:inline-block}<\/style>\t\t\t\t<p>As inscri\u00e7\u00f5es ser\u00e3o aceitas durante todo o prazo de inscri\u00e7\u00e3o online (Mediante disponibilidade de vagas)<u><\/u><u><\/u><\/p><p><strong>Certificados Online:<\/strong>\u00a0Todos os certificados dever\u00e3o ser acessados online, para impress\u00e3o, na se\u00e7\u00e3o CERTIFICADOS em sua\u00a0<a href=\"http:\/\/www.adtevento.com.br\/sbmicrobiologia\/inscricao\/index.asp?eveId=41\" target=\"_blank\" rel=\"noopener\" data-saferedirecturl=\"https:\/\/www.google.com\/url?q=http:\/\/www.adtevento.com.br\/sbmicrobiologia\/inscricao\/index.asp?eveId%3D41&amp;source=gmail&amp;ust=1649151186840000&amp;usg=AOvVaw3tZ1pgblRXjZIJxKp1aSFi\">\u00e1rea restrita<\/a>.<u><\/u><u><\/u><\/p><p><strong>OBS:<\/strong> Os certificados n\u00e3o ser\u00e3o enviados por correio ap\u00f3s o encerramento do Congresso e ficar\u00e3o em nossos sistemas online por 120 dias.<\/p>\t\t\t\t\t\t<\/div>\n\t\t\t\t<\/div>\n\t\t\t\t\t<\/div>\n\t\t<\/div>\n\t\t\t\t\t\t\t<\/div>\n\t\t<\/section>\n\t\t\t\t\t\t\t<\/div>\n\t\t","protected":false},"excerpt":{"rendered":"<p>As inscri\u00e7\u00f5es ser\u00e3o aceitas durante todo o prazo de inscri\u00e7\u00e3o online (Mediante disponibilidade de vagas) Certificados Online:\u00a0Todos os certificados dever\u00e3o ser acessados online, para impress\u00e3o, na se\u00e7\u00e3o CERTIFICADOS em sua\u00a0\u00e1rea restrita. OBS: Os certificados n\u00e3o ser\u00e3o enviados por correio ap\u00f3s o encerramento do Congresso e ficar\u00e3o em nossos sistemas online por 120 dias.<\/p>\n","protected":false},"author":1,"featured_media":0,"parent":0,"menu_order":0,"comment_status":"closed","ping_status":"closed","template":"elementor_theme","meta":{"footnotes":""},"class_list":["post-40","page","type-page","status-publish","hentry"],"_links":{"self":[{"href":"https:\/\/sbmicrobiologia.org.br\/8simc2022\/wp-json\/wp\/v2\/pages\/40","targetHints":{"allow":["GET"]}}],"collection":[{"href":"https:\/\/sbmicrobiologia.org.br\/8simc2022\/wp-json\/wp\/v2\/pages"}],"about":[{"href":"https:\/\/sbmicrobiologia.org.br\/8simc2022\/wp-json\/wp\/v2\/types\/page"}],"author":[{"embeddable":true,"href":"https:\/\/sbmicrobiologia.org.br\/8simc2022\/wp-json\/wp\/v2\/users\/1"}],"replies":[{"embeddable":true,"href":"https:\/\/sbmicrobiologia.org.br\/8simc2022\/wp-json\/wp\/v2\/comments?post=40"}],"version-history":[{"count":7,"href":"https:\/\/sbmicrobiologia.org.br\/8simc2022\/wp-json\/wp\/v2\/pages\/40\/revisions"}],"predecessor-version":[{"id":264,"href":"https:\/\/sbmicrobiologia.org.br\/8simc2022\/wp-json\/wp\/v2\/pages\/40\/revisions\/264"}],"wp:attachment":[{"href":"https:\/\/sbmicrobiologia.org.br\/8simc2022\/wp-json\/wp\/v2\/media?parent=40"}],"curies":[{"name":"wp","href":"https:\/\/api.w.org\/{rel}","templated":true}]}}