{"id":37,"date":"2022-04-01T11:35:42","date_gmt":"2022-04-01T14:35:42","guid":{"rendered":"https:\/\/sbmicrobiologia.org.br\/8simc2022\/?page_id=37"},"modified":"2022-04-05T09:05:44","modified_gmt":"2022-04-05T12:05:44","slug":"programacao","status":"publish","type":"page","link":"https:\/\/sbmicrobiologia.org.br\/8simc2022\/programacao\/","title":{"rendered":"Programa\u00e7\u00e3o"},"content":{"rendered":"\t\t<div data-elementor-type=\"wp-page\" data-elementor-id=\"37\" class=\"elementor elementor-37\">\n\t\t\t\t\t\t\t\t\t<section class=\"elementor-section elementor-top-section elementor-element elementor-element-2b1644f elementor-section-boxed elementor-section-height-default elementor-section-height-default\" data-id=\"2b1644f\" data-element_type=\"section\">\n\t\t\t\t\t\t<div class=\"elementor-container elementor-column-gap-default\">\n\t\t\t\t\t<div class=\"elementor-column elementor-col-50 elementor-top-column elementor-element elementor-element-123d71e\" data-id=\"123d71e\" data-element_type=\"column\">\n\t\t\t<div class=\"elementor-widget-wrap elementor-element-populated\">\n\t\t\t\t\t\t\t\t<div class=\"elementor-element elementor-element-eee7e1a elementor-widget elementor-widget-heading\" data-id=\"eee7e1a\" data-element_type=\"widget\" data-widget_type=\"heading.default\">\n\t\t\t\t<div class=\"elementor-widget-container\">\n\t\t\t<style>\/*! elementor - v3.6.1 - 23-03-2022 *\/\n.elementor-heading-title{padding:0;margin:0;line-height:1}.elementor-widget-heading .elementor-heading-title[class*=elementor-size-]>a{color:inherit;font-size:inherit;line-height:inherit}.elementor-widget-heading .elementor-heading-title.elementor-size-small{font-size:15px}.elementor-widget-heading .elementor-heading-title.elementor-size-medium{font-size:19px}.elementor-widget-heading .elementor-heading-title.elementor-size-large{font-size:29px}.elementor-widget-heading .elementor-heading-title.elementor-size-xl{font-size:39px}.elementor-widget-heading .elementor-heading-title.elementor-size-xxl{font-size:59px}<\/style><h2 class=\"elementor-heading-title elementor-size-default\">Programa\u00e7\u00e3o<\/h2>\t\t<\/div>\n\t\t\t\t<\/div>\n\t\t\t\t<div class=\"elementor-element elementor-element-38d4ef8 elementor-widget elementor-widget-heading\" data-id=\"38d4ef8\" data-element_type=\"widget\" data-widget_type=\"heading.default\">\n\t\t\t\t<div class=\"elementor-widget-container\">\n\t\t\t<h2 class=\"elementor-heading-title elementor-size-default\">Informamos que a programa\u00e7\u00e3o abaixo est\u00e1 em processo de elabora\u00e7\u00e3o, portanto, sujeita a altera\u00e7\u00f5es.\n\n <\/h2>\t\t<\/div>\n\t\t\t\t<\/div>\n\t\t\t\t<div class=\"elementor-element elementor-element-6a283d7 elementor-widget elementor-widget-image\" data-id=\"6a283d7\" data-element_type=\"widget\" data-widget_type=\"image.default\">\n\t\t\t\t<div class=\"elementor-widget-container\">\n\t\t\t<style>\/*! elementor - v3.6.1 - 23-03-2022 *\/\n.elementor-widget-image{text-align:center}.elementor-widget-image a{display:inline-block}.elementor-widget-image a img[src$=\".svg\"]{width:48px}.elementor-widget-image img{vertical-align:middle;display:inline-block}<\/style>\t\t\t\t\t\t\t\t\t\t\t\t<img loading=\"lazy\" decoding=\"async\" width=\"79\" height=\"6\" src=\"https:\/\/sbmicrobiologia.org.br\/8simc2022\/wp-content\/uploads\/2022\/04\/divisor.png\" class=\"attachment-large size-large\" alt=\"\" \/>\t\t\t\t\t\t\t\t\t\t\t\t\t\t\t<\/div>\n\t\t\t\t<\/div>\n\t\t\t\t<div class=\"elementor-element elementor-element-9cc3d69 elementor-widget elementor-widget-button\" data-id=\"9cc3d69\" data-element_type=\"widget\" data-widget_type=\"button.default\">\n\t\t\t\t<div class=\"elementor-widget-container\">\n\t\t\t\t\t<div class=\"elementor-button-wrapper\">\n\t\t\t<a href=\"https:\/\/www.adtevento.com.br\/sbmicrobiologia\/admin\/pro_lista_programa.asp?eveId=41\" target=\"_blank\" class=\"elementor-button-link elementor-button elementor-size-sm\" role=\"button\">\n\t\t\t\t\t\t<span class=\"elementor-button-content-wrapper\">\n\t\t\t\t\t\t\t<span class=\"elementor-button-icon elementor-align-icon-left\">\n\t\t\t\t<i aria-hidden=\"true\" class=\"fas fa-external-link-square-alt\"><\/i>\t\t\t<\/span>\n\t\t\t\t\t\t<span class=\"elementor-button-text\">Clique aqui para acessar a programa\u00e7\u00e3o do evento<\/span>\n\t\t<\/span>\n\t\t\t\t\t<\/a>\n\t\t<\/div>\n\t\t\t\t<\/div>\n\t\t\t\t<\/div>\n\t\t\t\t\t<\/div>\n\t\t<\/div>\n\t\t\t\t<div class=\"elementor-column elementor-col-50 elementor-top-column elementor-element elementor-element-dd079eb\" data-id=\"dd079eb\" data-element_type=\"column\">\n\t\t\t<div class=\"elementor-widget-wrap elementor-element-populated\">\n\t\t\t\t\t\t\t\t<div class=\"elementor-element elementor-element-d94b274 elementor-widget elementor-widget-image\" data-id=\"d94b274\" data-element_type=\"widget\" data-widget_type=\"image.default\">\n\t\t\t\t<div class=\"elementor-widget-container\">\n\t\t\t\t\t\t\t\t\t\t\t\t\t\t\t<img loading=\"lazy\" decoding=\"async\" width=\"411\" height=\"408\" src=\"https:\/\/sbmicrobiologia.org.br\/8simc2022\/wp-content\/uploads\/2022\/04\/programacao.png\" class=\"attachment-large size-large\" alt=\"\" srcset=\"https:\/\/sbmicrobiologia.org.br\/8simc2022\/wp-content\/uploads\/2022\/04\/programacao.png 411w, https:\/\/sbmicrobiologia.org.br\/8simc2022\/wp-content\/uploads\/2022\/04\/programacao-300x298.png 300w, https:\/\/sbmicrobiologia.org.br\/8simc2022\/wp-content\/uploads\/2022\/04\/programacao-150x150.png 150w\" sizes=\"auto, (max-width: 411px) 100vw, 411px\" \/>\t\t\t\t\t\t\t\t\t\t\t\t\t\t\t<\/div>\n\t\t\t\t<\/div>\n\t\t\t\t\t<\/div>\n\t\t<\/div>\n\t\t\t\t\t\t\t<\/div>\n\t\t<\/section>\n\t\t\t\t\t\t\t<\/div>\n\t\t","protected":false},"excerpt":{"rendered":"<p>Programa\u00e7\u00e3o Informamos que a programa\u00e7\u00e3o abaixo est\u00e1 em processo de elabora\u00e7\u00e3o, portanto, sujeita a altera\u00e7\u00f5es. Clique aqui para acessar a programa\u00e7\u00e3o do evento<\/p>\n","protected":false},"author":1,"featured_media":0,"parent":0,"menu_order":0,"comment_status":"closed","ping_status":"closed","template":"elementor_theme","meta":{"footnotes":""},"class_list":["post-37","page","type-page","status-publish","hentry"],"_links":{"self":[{"href":"https:\/\/sbmicrobiologia.org.br\/8simc2022\/wp-json\/wp\/v2\/pages\/37","targetHints":{"allow":["GET"]}}],"collection":[{"href":"https:\/\/sbmicrobiologia.org.br\/8simc2022\/wp-json\/wp\/v2\/pages"}],"about":[{"href":"https:\/\/sbmicrobiologia.org.br\/8simc2022\/wp-json\/wp\/v2\/types\/page"}],"author":[{"embeddable":true,"href":"https:\/\/sbmicrobiologia.org.br\/8simc2022\/wp-json\/wp\/v2\/users\/1"}],"replies":[{"embeddable":true,"href":"https:\/\/sbmicrobiologia.org.br\/8simc2022\/wp-json\/wp\/v2\/comments?post=37"}],"version-history":[{"count":11,"href":"https:\/\/sbmicrobiologia.org.br\/8simc2022\/wp-json\/wp\/v2\/pages\/37\/revisions"}],"predecessor-version":[{"id":308,"href":"https:\/\/sbmicrobiologia.org.br\/8simc2022\/wp-json\/wp\/v2\/pages\/37\/revisions\/308"}],"wp:attachment":[{"href":"https:\/\/sbmicrobiologia.org.br\/8simc2022\/wp-json\/wp\/v2\/media?parent=37"}],"curies":[{"name":"wp","href":"https:\/\/api.w.org\/{rel}","templated":true}]}}