{"id":237,"date":"2022-04-01T14:31:16","date_gmt":"2022-04-01T17:31:16","guid":{"rendered":"https:\/\/sbmicrobiologia.org.br\/8simc2022\/?page_id=237"},"modified":"2022-05-05T14:59:00","modified_gmt":"2022-05-05T17:59:00","slug":"seja-um-expositor","status":"publish","type":"page","link":"https:\/\/sbmicrobiologia.org.br\/8simc2022\/seja-um-expositor\/","title":{"rendered":"Seja um expositor"},"content":{"rendered":"\t\t<div data-elementor-type=\"wp-page\" data-elementor-id=\"237\" class=\"elementor elementor-237\">\n\t\t\t\t\t\t\t\t\t<section class=\"elementor-section elementor-top-section elementor-element elementor-element-9edf200 elementor-section-boxed elementor-section-height-default elementor-section-height-default\" data-id=\"9edf200\" data-element_type=\"section\">\n\t\t\t\t\t\t<div class=\"elementor-container elementor-column-gap-default\">\n\t\t\t\t\t<div class=\"elementor-column elementor-col-100 elementor-top-column elementor-element elementor-element-da5d260\" data-id=\"da5d260\" data-element_type=\"column\" data-settings=\"{&quot;background_background&quot;:&quot;classic&quot;}\">\n\t\t\t<div class=\"elementor-widget-wrap elementor-element-populated\">\n\t\t\t\t\t\t\t\t<div class=\"elementor-element elementor-element-aa14bfd elementor-widget elementor-widget-text-editor\" data-id=\"aa14bfd\" data-element_type=\"widget\" data-widget_type=\"text-editor.default\">\n\t\t\t\t<div class=\"elementor-widget-container\">\n\t\t\t<style>\/*! elementor - v3.6.1 - 23-03-2022 *\/\n.elementor-widget-text-editor.elementor-drop-cap-view-stacked .elementor-drop-cap{background-color:#818a91;color:#fff}.elementor-widget-text-editor.elementor-drop-cap-view-framed .elementor-drop-cap{color:#818a91;border:3px solid;background-color:transparent}.elementor-widget-text-editor:not(.elementor-drop-cap-view-default) .elementor-drop-cap{margin-top:8px}.elementor-widget-text-editor:not(.elementor-drop-cap-view-default) .elementor-drop-cap-letter{width:1em;height:1em}.elementor-widget-text-editor .elementor-drop-cap{float:left;text-align:center;line-height:1;font-size:50px}.elementor-widget-text-editor .elementor-drop-cap-letter{display:inline-block}<\/style>\t\t\t\t<p class=\"p1\"><b>Cota de patroc\u00ednio<\/b><\/p><p class=\"p3\">Transcrevemos abaixo proposta para Cota de Patroc\u00ednio no 8\u00ba Simp\u00f3sio Internacional de Microbiologia Clinica 2022, a ser realizado nos dias 24 e 25 de setembro de 2022 em S\u00e3o Paulo de forma presencial.<span class=\"Apple-converted-space\">\u00a0<\/span><\/p><ul class=\"ul1\"><li class=\"li4\">Logo da empresa com link no site do evento,<span class=\"Apple-converted-space\">\u00a0<\/span><\/li><li class=\"li4\">Um v\u00eddeo institucional ou promocional de at\u00e9 30 segundos nos intervalos das palestras.<span class=\"Apple-converted-space\">\u00a0<\/span><\/li><li class=\"li4\">Agradecimento ao vivo pelo apoio com apresenta\u00e7\u00e3o do logo (durante o evento),<span class=\"Apple-converted-space\">\u00a0<\/span><\/li><li class=\"li5\">Inser\u00e7\u00e3o do logo da empresa durante todo o evento,<span class=\"Apple-converted-space\">\u00a0<\/span><\/li><li class=\"li5\">Direito a 5 (cinco) inscri\u00e7\u00f5es de qualquer categoria \u2013 Cada inscrito dever\u00e1 realizar a sua pr\u00f3pria inscri\u00e7\u00e3o que ser\u00e1 isentada. Ap\u00f3s o termino das inscri\u00e7\u00f5es a empresa enviara rela\u00e7\u00e3o dos inscritos com CPF.<span class=\"Apple-converted-space\">\u00a0<\/span><\/li><\/ul><p class=\"p7\"><b>Investimento \u2013 R$ 20.000,00<\/b><\/p><p class=\"p8\"><span class=\"s2\">Outas Formas de participa\u00e7\u00e3o<\/span><\/p><p class=\"p9\"><span class=\"s3\"><b><img loading=\"lazy\" decoding=\"async\" class=\"size-medium wp-image-321 alignleft\" src=\"https:\/\/sbmicrobiologia.org.br\/8simc2022\/wp-content\/uploads\/2022\/05\/unnamed-300x251.jpg\" alt=\"\" width=\"300\" height=\"251\" srcset=\"https:\/\/sbmicrobiologia.org.br\/8simc2022\/wp-content\/uploads\/2022\/05\/unnamed-300x251.jpg 300w, https:\/\/sbmicrobiologia.org.br\/8simc2022\/wp-content\/uploads\/2022\/05\/unnamed.jpg 450w\" sizes=\"auto, (max-width: 300px) 100vw, 300px\" \/>Stands<\/b><br \/><\/span>Stand com 9m\u00b2 em montagem b\u00e1sica + logo da empresa no site do evento<br \/><b>Caracter\u00edsticas do Stand B\u00e1sico<\/b><br \/>a) Montagem em material de alum\u00ednio (sistema modular octogonal) com chapas divis\u00f3rias em TS na cor branca;<br \/>b) Altura do estande em 2,20m<br \/>c) 01 (uma) testeira frontal identificativa reta ( de 0,983m de largura por 0,463m altura) com o nome das empresas em letras helv\u00e9ticas;<br \/>d) Ilumina\u00e7\u00e3o na testeira por spot de alum\u00ednio com l\u00e2mpada incandescente tipo soft branca;<br \/>e) 01 (uma) mesa tubular , com tampo de vidro de 090m de di\u00e2metro;<br \/>f) 03 (tr\u00eas) cadeiras pretas, estofadas em tecido preto (sem bra\u00e7os);<br \/>g) O estande \u00e9 montado sobre forra\u00e7\u00e3o cinza grafite de 03mm, aplicada diretamente sobre o piso do local do evento e fixada com fitas dupla faces;<br \/>h) S\u00e3o colocadas internamente 03(tr\u00eas) l\u00e2mpadas tipo soft brancas, em spots de alum\u00ednio fixados na parte superior do estande;<br \/>i) 01(uma) tomada interna ( 110 Volts).<br \/>P\u00e9 direito m\u00e1ximo: 3,00 metros<br \/><span class=\"s4\"><b>Investimento Stands \u2013 R$ 8.000,00<\/b><\/span><\/p><p><span class=\"s3\"><b>Logo nas Pastas dos congressistas<\/b><\/span><br \/>Investimento \u2013 R$ 3.500,00 N\u00ba de cotas \u2013 4<\/p><p><span class=\"s3\"><b>Encarte de material nas pastas (at\u00e9 2 folhas)<\/b><\/span><br \/>Investimento: R$ 2.000,00<\/p><p><span class=\"s3\"><b>Canetas \u2013 400 pe\u00e7as, uma impress\u00e3o, uma c\u00f4r<\/b><\/span>.<br \/>Investimento: R$ 1.500,00 \u2013 N\u00ba de cotas \u2013 1<\/p><p><span class=\"s3\"><b>Banner nas \u00e1reas de circula\u00e7\u00e3o do Centro de Conven\u00e7\u00f5es<\/b><\/span><br \/>Investimento: R$ 1.5000,00 por inser\u00e7\u00e3o.<\/p><p><span class=\"s3\"><b>Propaganda no verso dos Crach\u00e1s dos Participantes<\/b><\/span><br \/>Investimento \u2013 R$ 1.500,00 N\u00ba de cotas \u2013 1<\/p><p>*Ser\u00e1 expressamente proibido colocar banner nas \u00e1reas de circula\u00e7\u00e3o do Centro de Conven\u00e7\u00f5es sem autoriza\u00e7\u00e3o.<\/p>\t\t\t\t\t\t<\/div>\n\t\t\t\t<\/div>\n\t\t\t\t<div class=\"elementor-element elementor-element-0c2a8a8 elementor-widget elementor-widget-button\" data-id=\"0c2a8a8\" data-element_type=\"widget\" data-widget_type=\"button.default\">\n\t\t\t\t<div class=\"elementor-widget-container\">\n\t\t\t\t\t<div class=\"elementor-button-wrapper\">\n\t\t\t<a href=\"#elementor-action%3Aaction%3Dlightbox%26settings%3DeyJ1cmwiOiJodHRwczpcL1wvc2JtaWNyb2Jpb2xvZ2lhLm9yZy5iclwvOHNpbWMyMDIyXC93cC1jb250ZW50XC91cGxvYWRzXC8yMDIyXC8wNVwvUGxhbnRhLUJhaXhhLUZJTkFMLmpwZyIsInR5cGUiOiJpbWFnZSIsInRpdGxlIjoiUGxhbnRhIEJhaXhhIEZJTkFMIn0%3D\" class=\"elementor-button-link elementor-button elementor-size-sm\" role=\"button\">\n\t\t\t\t\t\t<span class=\"elementor-button-content-wrapper\">\n\t\t\t\t\t\t\t<span class=\"elementor-button-icon elementor-align-icon-left\">\n\t\t\t\t<i aria-hidden=\"true\" class=\"far fa-caret-square-down\"><\/i>\t\t\t<\/span>\n\t\t\t\t\t\t<span class=\"elementor-button-text\">Confira a planta baixa<\/span>\n\t\t<\/span>\n\t\t\t\t\t<\/a>\n\t\t<\/div>\n\t\t\t\t<\/div>\n\t\t\t\t<\/div>\n\t\t\t\t\t<\/div>\n\t\t<\/div>\n\t\t\t\t\t\t\t<\/div>\n\t\t<\/section>\n\t\t\t\t\t\t\t<\/div>\n\t\t","protected":false},"excerpt":{"rendered":"<p>Cota de patroc\u00ednio Transcrevemos abaixo proposta para Cota de Patroc\u00ednio no 8\u00ba Simp\u00f3sio Internacional de Microbiologia Clinica 2022, a ser realizado nos dias 24 e 25 de setembro de 2022 em S\u00e3o Paulo de forma presencial.\u00a0 Logo da empresa com link no site do evento,\u00a0 Um v\u00eddeo institucional ou promocional de at\u00e9 30 segundos nos [&hellip;]<\/p>\n","protected":false},"author":1,"featured_media":0,"parent":0,"menu_order":0,"comment_status":"closed","ping_status":"closed","template":"elementor_theme","meta":{"footnotes":""},"class_list":["post-237","page","type-page","status-publish","hentry"],"_links":{"self":[{"href":"https:\/\/sbmicrobiologia.org.br\/8simc2022\/wp-json\/wp\/v2\/pages\/237","targetHints":{"allow":["GET"]}}],"collection":[{"href":"https:\/\/sbmicrobiologia.org.br\/8simc2022\/wp-json\/wp\/v2\/pages"}],"about":[{"href":"https:\/\/sbmicrobiologia.org.br\/8simc2022\/wp-json\/wp\/v2\/types\/page"}],"author":[{"embeddable":true,"href":"https:\/\/sbmicrobiologia.org.br\/8simc2022\/wp-json\/wp\/v2\/users\/1"}],"replies":[{"embeddable":true,"href":"https:\/\/sbmicrobiologia.org.br\/8simc2022\/wp-json\/wp\/v2\/comments?post=237"}],"version-history":[{"count":13,"href":"https:\/\/sbmicrobiologia.org.br\/8simc2022\/wp-json\/wp\/v2\/pages\/237\/revisions"}],"predecessor-version":[{"id":363,"href":"https:\/\/sbmicrobiologia.org.br\/8simc2022\/wp-json\/wp\/v2\/pages\/237\/revisions\/363"}],"wp:attachment":[{"href":"https:\/\/sbmicrobiologia.org.br\/8simc2022\/wp-json\/wp\/v2\/media?parent=237"}],"curies":[{"name":"wp","href":"https:\/\/api.w.org\/{rel}","templated":true}]}}