{"id":923,"date":"2025-09-26T10:46:44","date_gmt":"2025-09-26T13:46:44","guid":{"rendered":"https:\/\/sbmicrobiologia.org.br\/33cbm2025\/?page_id=923"},"modified":"2025-10-23T07:31:42","modified_gmt":"2025-10-23T10:31:42","slug":"apresentacao-oral","status":"publish","type":"page","link":"https:\/\/sbmicrobiologia.org.br\/33cbm2025\/apresentacao-oral\/","title":{"rendered":"Apresenta\u00e7\u00e3o Oral"},"content":{"rendered":"\t\t<div data-elementor-type=\"wp-page\" data-elementor-id=\"923\" class=\"elementor elementor-923\">\n\t\t\t\t\t\t<section class=\"elementor-section elementor-top-section elementor-element elementor-element-0e914d8 elementor-section-boxed elementor-section-height-default elementor-section-height-default\" data-id=\"0e914d8\" data-element_type=\"section\">\n\t\t\t\t\t\t<div class=\"elementor-container elementor-column-gap-default\">\n\t\t\t\t\t<div class=\"elementor-column elementor-col-100 elementor-top-column elementor-element elementor-element-d8a8cf8\" data-id=\"d8a8cf8\" data-element_type=\"column\">\n\t\t\t<div class=\"elementor-widget-wrap elementor-element-populated\">\n\t\t\t\t\t\t<div class=\"elementor-element elementor-element-d2d5164 elementor-widget elementor-widget-text-editor\" data-id=\"d2d5164\" data-element_type=\"widget\" data-widget_type=\"text-editor.default\">\n\t\t\t\t<div class=\"elementor-widget-container\">\n\t\t\t<style>\/*! elementor - v3.21.0 - 18-04-2024 *\/\n.elementor-widget-text-editor.elementor-drop-cap-view-stacked .elementor-drop-cap{background-color:#69727d;color:#fff}.elementor-widget-text-editor.elementor-drop-cap-view-framed .elementor-drop-cap{color:#69727d;border:3px solid;background-color:transparent}.elementor-widget-text-editor:not(.elementor-drop-cap-view-default) .elementor-drop-cap{margin-top:8px}.elementor-widget-text-editor:not(.elementor-drop-cap-view-default) .elementor-drop-cap-letter{width:1em;height:1em}.elementor-widget-text-editor .elementor-drop-cap{float:left;text-align:center;line-height:1;font-size:50px}.elementor-widget-text-editor .elementor-drop-cap-letter{display:inline-block}<\/style>\t\t\t\t<p>Parab\u00e9ns pela sele\u00e7\u00e3o inicial. Suas apresenta\u00e7\u00f5es ser\u00e3o avaliadas por um comit\u00ea formado pela respectiva \u00e1rea. <br \/><br \/>As instru\u00e7\u00f5es sobre as apresenta\u00e7\u00f5es, como tempo de apresenta\u00e7\u00e3o, data e hora, ser\u00e3o enviadas em breve pelos coordenadores de \u00e1rea via e-mail<\/p>\t\t\t\t\t\t<\/div>\n\t\t\t\t<\/div>\n\t\t\t\t<div class=\"elementor-element elementor-element-7712f5f elementor-widget elementor-widget-html\" data-id=\"7712f5f\" data-element_type=\"widget\" data-widget_type=\"html.default\">\n\t\t\t\t<div class=\"elementor-widget-container\">\n\t\t\t    <div class=\"session-table\">\n        \n\n\n<table width=\"1499\">\n<tbody>\n<tr>\n<td colspan=\"3\" width=\"1499\">SESS\u00c3O MICROBIOLOGIA AMBIENTAL<\/td>\n<\/tr>\n<tr>\n<td>Trabalho ID<\/td>\n<td width=\"1133\">T\u00edtulo<\/td>\n<td width=\"288\">Apresentador<\/td>\n<\/tr>\n<tr>\n<td>204\/1295-0<\/td>\n<td width=\"1133\">Mobilome of the newly discovered active hydrothermal vents in the Red Sea<\/td>\n<td width=\"288\">J\u00daNIA SCHULTZ<\/td>\n<\/tr>\n<tr>\n<td>204\/1539-0<\/td>\n<td width=\"1133\">Soil Fungal Diversity and Functional Profiles in Two Contrasting Antarctic Environments<\/td>\n<td width=\"288\">CAMILA KESSLER<\/td>\n<\/tr>\n<tr>\n<td>204\/1885-0<\/td>\n<td width=\"1133\">Unveiling the Role of Archaea in the Rare Biosphere: Potential Keystone Taxa in Ecosystem Dynamics in Len\u00e7\u00f3is Maranhenses National Park<\/td>\n<td width=\"288\">ANA CAROLINA BUTARELLI<\/td>\n<\/tr>\n<tr>\n<td>204\/2633-0<\/td>\n<td width=\"1133\">Evaluation and prediction of Reactive Black B adsorption by Cladosporium cladosporioides biomass using artificial neural networks<\/td>\n<td width=\"288\">EDUARDO BERALDO DE MORAIS<\/td>\n<\/tr>\n<tr>\n<td>204\/3153-0<\/td>\n<td width=\"1133\">Urbanization drives gut microbiota divergence: insights from metagenomic profiling of traditional and urban populations<\/td>\n<td width=\"288\">LUCIANA CAMPOS PAULINO<\/td>\n<\/tr>\n<tr>\n<td><\/td>\n<td width=\"1133\"><\/td>\n<td width=\"288\"><\/td>\n<\/tr>\n<tr>\n<td colspan=\"3\" width=\"1499\">SESS\u00c3O ORAL - ENSINO<\/td>\n<\/tr>\n<tr>\n<td>Trabalho ID<\/td>\n<td width=\"1133\">T\u00edtulo<\/td>\n<td width=\"288\">Apresentador<\/td>\n<\/tr>\n<tr>\n<td>204\/1263-0<\/td>\n<td width=\"1133\">Adopt a Bacterium, Forgot the Vaccine? Student Engagement in the Post-COVID-19 Pandemic Period.<\/td>\n<td width=\"288\">LARA NARDI BARONI<\/td>\n<\/tr>\n<tr>\n<td>204\/1366-0<\/td>\n<td width=\"1133\">Metodologia ativa no ensino de microbiologia cl\u00ednica para Medicina Veterin\u00e1ria \/ Active learning methodology in clinical microbiology teaching for Veterinary Medicine.<\/td>\n<td width=\"288\">LUANA WENCESLAU BITTENCOURT PEREIRA<\/td>\n<\/tr>\n<tr>\n<td>204\/1665-0<\/td>\n<td width=\"1133\">Extens\u00e3o Universit\u00e1ria em Microbiologia: Engajamento Acad\u00eamico e Contribui\u00e7\u00e3o Social.<\/td>\n<td>BRUNA RODRIGUES CORR\u00caA<\/td>\n<\/tr>\n<tr>\n<td>204\/2324-0<\/td>\n<td width=\"1133\">Conecta#Adote: Intelig\u00eancia Artificial e Reposit\u00f3rio Virtual para Ensino Inovador em Microbiologia.<\/td>\n<td>DAFFINY SUMAM DE OLIVEIRA<\/td>\n<\/tr>\n<tr>\n<td>204\/2448-0<\/td>\n<td width=\"1133\">Mushroom Cultivation as an Innovative Strategy for Teaching Microbiology in Basic Education.<\/td>\n<td>GABRIEL DE SOUZA SP\u00cdNOLA<\/td>\n<\/tr>\n<tr>\n<td>204\/2479-0<\/td>\n<td width=\"1133\">Esporulando Saberes: O Ensino de Micologia atrav\u00e9s de Aulas Pr\u00e1ticas no Ensino Superior.<\/td>\n<td>CATARINA SILVA SANTOS<\/td>\n<\/tr>\n<tr>\n<td>204\/2739-0<\/td>\n<td width=\"1133\">Microrganismos \u00e0 vista: ensino l\u00fadico de Microbiologia para crian\u00e7as nos anos iniciais.<\/td>\n<td>GRACIELE VICCINI ISAKA<\/td>\n<\/tr>\n<tr>\n<td>204\/2737-0<\/td>\n<td width=\"1133\">Intelig\u00eancia Artificial e Metodologias Ativas: Relato de Experi\u00eancia na Forma\u00e7\u00e3o de Alunos de Medicina.<\/td>\n<td>CLAUDIA OLIVEIRA FONTES<\/td>\n<\/tr>\n<tr>\n<td><\/td>\n<td width=\"1133\"><\/td>\n<td width=\"288\"><\/td>\n<\/tr>\n<tr>\n<td colspan=\"3\" width=\"1499\">SESS\u00c3O ORAL - PATOGENICIDADE<\/td>\n<\/tr>\n<tr>\n<td>Trabalho ID<\/td>\n<td width=\"1133\">T\u00edtulo<\/td>\n<td width=\"288\">Apresentador<\/td>\n<\/tr>\n<tr>\n<td>204\/1561-0<\/td>\n<td width=\"1133\">Phenotypic Analysis of S. pneumoniae strains with Capsule Deletion and Serotype Switching<\/td>\n<td>GIULIA VICENTE DESTRO<\/td>\n<\/tr>\n<tr>\n<td>204\/2145-0<\/td>\n<td width=\"1133\">Is Sat a key factor in bacterial translocation into the bloodstream?<\/td>\n<td>PAULO CESAR GOMES VIEIRA<\/td>\n<\/tr>\n<tr>\n<td>204\/2840-0<\/td>\n<td width=\"1133\">Involvement of Ornithine Lipids in physiology and pathogenicity in Vibrio cholerae<\/td>\n<td>MARCELA MELLO AVELLAR<\/td>\n<\/tr>\n<tr>\n<td>204\/2866-0<\/td>\n<td width=\"1133\">Molecular characterization of enteroaggregative Escherichia coli (EAEC) isolates producing chain-like adherence (CLA) on HeLa cells<\/td>\n<td width=\"288\">GUILHERME FRIZZARIN RAMALH\u00c3ES DE SOUZA<\/td>\n<\/tr>\n<tr>\n<td>204\/1735-0<\/td>\n<td width=\"1133\">Prote\u00ednas amiloides no biofilme de bact\u00e9rias anaer\u00f3bias estritas<\/td>\n<td width=\"288\">VITOR CHUVA COSTA DE ALMEIDA CRUZ<\/td>\n<\/tr>\n<tr>\n<td>204\/1792-0<\/td>\n<td width=\"1133\">PAPEL DA C\u00c1PSULA CODIFICADA PELO CLUSTER WCB DE Burkholderia cenocepacia H111 NA INTERA\u00c7\u00c3O COM MACR\u00d3FAGOS DA LINHAGEM RAW 264.7<\/td>\n<td>ELISABETH FERMI MAEST\u00c1 FILIPI<\/td>\n<\/tr>\n<tr>\n<td><\/td>\n<td width=\"1133\"><\/td>\n<td width=\"288\"><\/td>\n<\/tr>\n<tr>\n<td colspan=\"3\" width=\"1499\">SESS\u00c3O ORAL - GEN\u00c9TICA E BIOINFORM\u00c1TICA<\/td>\n<\/tr>\n<tr>\n<td>Trabalho ID<\/td>\n<td width=\"1133\">T\u00edtulo<\/td>\n<td width=\"288\">Apresentador<\/td>\n<\/tr>\n<tr>\n<td width=\"78\">204\/2947-0<\/td>\n<td width=\"1133\">Modula\u00e7\u00e3o epigen\u00e9tica com hidralazina: uma t\u00e9cnica para aumentar a efici\u00eancia da produ\u00e7\u00e3o de enzimas microbianas<\/td>\n<td width=\"288\">IZABELLE ARA\u00daJO SILVESTRE<\/td>\n<\/tr>\n<tr>\n<td width=\"78\">204\/1686-0<\/td>\n<td width=\"1133\">Hsp104-Mediated Stress Response and Prion Candidate Analysis in the Dermatophyte Trichophyton rubrum<\/td>\n<td width=\"288\">MARIA J\u00daLIA SANTOS-SABOYA<\/td>\n<\/tr>\n<tr>\n<td width=\"78\">204\/1970-0<\/td>\n<td width=\"1133\">Avaliando a solubiliza\u00e7\u00e3o f\u00f3sforo pela bact\u00e9ria Pantoea agglomerans 33.1 em rochas fosf\u00e1ticas: uma abordagem metabol\u00f4mica<\/td>\n<td width=\"288\">RENAN FANTINE<\/td>\n<\/tr>\n<tr>\n<td width=\"78\">204\/2544-0<\/td>\n<td width=\"1133\">Transposon Mutant Screening Reveals Putative Regulatory Genes Involved in Zinc Tolerance in Chromobacterium violaceum<\/td>\n<td width=\"288\">SERGIO PEREIRA LIMA NETO<\/td>\n<\/tr>\n<tr>\n<td width=\"78\">204\/3143-0<\/td>\n<td width=\"1133\">Integra\u00e7\u00e3o de Microbioma Ambiental com LLMs no Monitoramento de Rios da Amaz\u00f4nia via Chatbot Interativo<\/td>\n<td width=\"288\">VICTOR BENEDITO COSTA FERREIRA<\/td>\n<\/tr>\n<tr>\n<td><\/td>\n<td width=\"1133\"><\/td>\n<td width=\"288\"><\/td>\n<\/tr>\n<tr>\n<td colspan=\"3\" width=\"1499\">SESS\u00c3O ORAL - MICROBIOLOGIA INDUSTRIAL E BIOTECNOLOGIA<\/td>\n<\/tr>\n<tr>\n<td>Trabalho ID<\/td>\n<td width=\"1133\">T\u00edtulo<\/td>\n<td width=\"288\">Apresentador<\/td>\n<\/tr>\n<tr>\n<td>204\/1303-0<\/td>\n<td width=\"1133\">PROSPEC\u00c7\u00c3O DE BACT\u00c9RIAS DE AMBIENTES EXTREMOS DA AR\u00c1BIA SAUDITA COM POTENCIAL PARA DEGRADA\u00c7\u00c3O DE PETR\u00d3LEO E PRODU\u00c7\u00c3O DE BIOSSURFACTANTES<\/td>\n<td>BEATRIZ MARQUES LOBATO<\/td>\n<\/tr>\n<tr>\n<td>204\/1219-0<\/td>\n<td width=\"1133\">Leveduras aut\u00f3ctones na produ\u00e7\u00e3o de cacha\u00e7a: an\u00e1lise de metab\u00f3litos secund\u00e1rios na bebida<\/td>\n<td width=\"288\">GUSTAVO HENRIQUE GRAVATIM COSTA<\/td>\n<\/tr>\n<tr>\n<td>204\/1041-0<\/td>\n<td width=\"1133\">Efeito do Enriquecimento com L\u00edtio e Sel\u00eanio no Crescimento de Pleurotus sajor-caju e Pholiota adiposa: Uma Estrat\u00e9gia Promissora para Suplementa\u00e7\u00e3o Mineral e Sa\u00fade Mental<\/td>\n<td>ESTER DE PAULA AMARAL<\/td>\n<\/tr>\n<tr>\n<td>204\/1244-0<\/td>\n<td width=\"1133\">Targeted Metabolomics of Phytohormones Produced by PGPB and Compatibility Evaluation with an elite Bradyrhizobium strain<\/td>\n<td>RAFAELLA LIVIERO BARBOSA<\/td>\n<\/tr>\n<tr>\n<td>204\/1389-0<\/td>\n<td width=\"1133\">ELECTROFERMENTATION ENHANCES SUBSTRATE CONSUMPTION BY Clostridium beijerinckii IN BUTANOL PRODUCTION<\/td>\n<td>RAFAEL DE MORAES ALTAFINI<\/td>\n<\/tr>\n<tr>\n<td>204-1926-0<\/td>\n<td width=\"1133\">Antifungal induction against Candida auris via co-culture of Antarctic fungi Epicoccum nigrum and Penicillium sp.<\/td>\n<td>NANDJANE SILVA B\u00d4A MORTE<\/td>\n<\/tr>\n<tr>\n<td>204-2314-0<\/td>\n<td>DESENVOLVIMENTO DE BIOMATERIAIS PRODUZIDOS COM MIC\u00c9LIO F\u00daNGICO E RES\u00cdDUOS AGROINDUSTRIAIS<\/td>\n<td>IAN MONTEIRO RANGEL<\/td>\n<\/tr>\n<tr>\n<td><\/td>\n<td width=\"1133\"><\/td>\n<td width=\"288\"><\/td>\n<\/tr>\n<tr>\n<td colspan=\"3\" width=\"1499\">SESS\u00c3O ORAL - MICROBIOLOGIA CL\u00cdNICA + INFEC\u00c7\u00c3O HOSPITALAR<\/td>\n<\/tr>\n<tr>\n<td>Trabalho ID<\/td>\n<td width=\"1133\">T\u00edtulo<\/td>\n<td width=\"288\">Apresentador<\/td>\n<\/tr>\n<tr>\n<td>204\/3140-0<\/td>\n<td width=\"1133\">Evaluation of Different Techniques for Antimicrobial Susceptibility Tests of Cefiderocol against Klebsiella pneumoniae Isolated from a Brazilian Teaching Hospital<\/td>\n<td>SILVIO CARDOSO VIEIRA<\/td>\n<\/tr>\n<tr>\n<td>204\/1501-0<\/td>\n<td width=\"1133\">ESBL-producing Escherichia coli isolated from community-dwelling individuals,their pet dogs, and household dust<\/td>\n<td>FERNANDA ZANI MANIERI<\/td>\n<\/tr>\n<tr>\n<td>204\/3179-0<\/td>\n<td width=\"1133\">Caracteriza\u00e7\u00e3o de cepas de Clostridioides difficile isoladas de pacientes hospitalizados no Rio de Janeiro<\/td>\n<td>ANDRESSA ROS\u00c1RIO DE AZEVEDO<\/td>\n<\/tr>\n<tr>\n<td>204\/1152-0<\/td>\n<td width=\"1133\">Evaluation of an alternative methodology (TurbiTest) for the rapid determination of ceftazidime-avibactam and aztreonam synergism<\/td>\n<td>NATALIA KEHL MOREIRA<\/td>\n<\/tr>\n<tr>\n<td>204\/2253-0<\/td>\n<td width=\"1133\">Distribui\u00e7\u00e3o dos sorotipos de Streptococcus pneumoniae recuperados de pacientes atendidos em hospitais de Porto Alegre-RS<\/td>\n<td>GABRIELA ROSA DA CUNHA<\/td>\n<\/tr>\n<tr>\n<td>204\/1268-0<\/td>\n<td width=\"1133\">CRISPR elements evaluation of Streptococcus agalactiae in One Health context obtained over 20 years screening<\/td>\n<td>LEANDRO CORREA SIM\u00d5ES<\/td>\n<\/tr>\n<tr>\n<td><\/td>\n<td width=\"1133\"><\/td>\n<td width=\"288\"><\/td>\n<\/tr>\n<tr>\n<td colspan=\"3\" width=\"1499\">SESS\u00c3O ORAL MICOLOGIA<\/td>\n<\/tr>\n<tr>\n<td>Trabalho ID<\/td>\n<td width=\"1133\">T\u00edtulo<\/td>\n<td width=\"288\">Apresentador<\/td>\n<\/tr>\n<tr>\n<td>204\/1776-0<\/td>\n<td width=\"1133\">Beyond the gleam of dsRNA: novel ssRNA viruses infecting the entomopathogenic fungus Metarhizium;<\/td>\n<td width=\"288\">MATHEUS CAMARGO<\/td>\n<\/tr>\n<tr>\n<td>204\/1394-0<\/td>\n<td width=\"1133\">An\u00e1lise dos compostos vol\u00e1teis de Trichoderma agriamazonicum e sua aplica\u00e7\u00e3o no controle de fitopat\u00f3genos;<\/td>\n<td width=\"288\">FERNANDA ADRIELLE DA SILVA ROCHA<\/td>\n<\/tr>\n<tr>\n<td>204\/1633-0<\/td>\n<td width=\"1133\">Role of the MAPK\/HOG pathway in osmotic stress response and melanization in Sporothrix brasiliensis;<\/td>\n<td width=\"288\">DEBORAH CORR\u00caA FUZETI<\/td>\n<\/tr>\n<tr>\n<td>204\/1604-0<\/td>\n<td width=\"1133\">Isolation and characterization of Capsicum annuum leaf peptides and antifungal activity against Fusarium and Colletotrichum<\/td>\n<td width=\"288\">SAMUEL SALOM\u00c3O SILVA DE OLIVEIRA<\/td>\n<\/tr>\n<tr>\n<td><\/td>\n<td width=\"1133\"><\/td>\n<td width=\"288\"><\/td>\n<\/tr>\n<tr>\n<td><\/td>\n<td width=\"1133\"><\/td>\n<td width=\"288\"><\/td>\n<\/tr>\n<tr>\n<td colspan=\"3\" width=\"1499\">SESS\u00c3O ORAL - MICROBIOLOGIA DE ALIMENTOS - FOODMICRO<\/td>\n<\/tr>\n<tr>\n<td>Trabalho ID<\/td>\n<td width=\"1133\">T\u00edtulo<\/td>\n<td width=\"288\">Apresentador<\/td>\n<\/tr>\n<tr>\n<td>204\/1728-0\u200b<\/td>\n<td width=\"1133\">Silver nanoparticles synthesized from plant extract against multiresistant STEC<\/td>\n<td>ERIC HIROYOSHI OSSUGUI<\/td>\n<\/tr>\n<tr>\n<td>204\/2513-0\u200b<\/td>\n<td width=\"1133\">Plant Secondary Metabolites as Quorum Sensing Inhibitors in Chromobacterium violaceum and Pseudomonas aeruginosa<\/td>\n<td>CATARINA ANGELI SANTOS<\/td>\n<\/tr>\n<tr>\n<td>204\/1454-0<\/td>\n<td width=\"1133\">\u200bDistribution of antibiotic resistance in the dairy production chain: A One Health approach.<\/td>\n<td>RAFAELA DE MELO TAVARES<\/td>\n<\/tr>\n<tr>\n<td>204\/1160-0<\/td>\n<td width=\"1133\">\u200bArtificial intelligence genomics reveals cupric complex suppresses beta-lactamase in Escherichia coli transconjugants in industrial environments<\/td>\n<td>THAIS JANSEN MARTINS<\/td>\n<\/tr>\n<tr>\n<td>204\/2627-0<\/td>\n<td width=\"1133\">\u200bMicrobial diversity of fermenting stingless bee honey: integration of culture-dependent and 16S rRNA metagenomic\u00a0approaches<\/td>\n<td>GABRIELA RODRIGUES SILVA<\/td>\n<\/tr>\n<tr>\n<td><\/td>\n<td width=\"1133\"><\/td>\n<td width=\"288\"><\/td>\n<\/tr>\n<tr>\n<td colspan=\"3\" width=\"1499\">SESS\u00c3O ORAL - SOLO<\/td>\n<\/tr>\n<tr>\n<td>Trabalho ID<\/td>\n<td width=\"1133\">T\u00edtulo<\/td>\n<td width=\"288\">Apresentador<\/td>\n<\/tr>\n<tr>\n<td>204\/2668-0<\/td>\n<td width=\"1133\">Qualidade microbiol\u00f3gica de bioinsumos comerciais e de sistemas on farm destinados ao controle fitossanit\u00e1rio<\/td>\n<td>VANESSA LUCAS XAVIER<\/td>\n<\/tr>\n<tr>\n<td>204\/2204-0<\/td>\n<td width=\"1133\">Microbial Metabolism as a Sensitive Indicator of Soil Quality under Contrasting Phosphorus Sources<\/td>\n<td>ANDR\u00c9 LEANDRO GON\u00c7ALVES SANT'ANA<\/td>\n<\/tr>\n<tr>\n<td>204\/2247-0<\/td>\n<td width=\"1133\">Ecological Characterization of Soil Microbial Communities Associated with H\u2082 Flux in the S\u00e3o Francisco Basin<\/td>\n<td>MARIA REGINA SILVEIRA SARTORI<\/td>\n<\/tr>\n<tr>\n<td>204\/2015-0<\/td>\n<td width=\"1133\">YEASTS BELONGING TO SOIL MICROBIOTA OF AGROFORESTS AND NATIVE FORESTS IN CERRADO BIME IN TOCANTINS<\/td>\n<td>PAULA BENEVIDES DE MORAIS<\/td>\n<\/tr>\n<tr>\n<td>204\/2162-0<\/td>\n<td width=\"1133\">CIN\u00c9TICA DE PRODU\u00c7\u00c3O DE \u00c1CIDO INDOL-3-AC\u00c9TICO POR Trichoderma sp. EM DIFERENTES PER\u00cdODOS DE INCUBA\u00c7\u00c3O<\/td>\n<td>VANISLENE BORGES DA SILVA<\/td>\n<\/tr>\n<tr>\n<td>204\/1528-0<\/td>\n<td width=\"1133\">Responses of Soybean Rhizosphere Microbial Communities to Cover Crops in No-Till Systems<\/td>\n<td>CAIO C\u00c9SAR GOMES FREITAS<\/td>\n<\/tr>\n<tr>\n<td>204\/1254-0<\/td>\n<td width=\"1133\">Plant-Soil Feedback for Early Growth of Restoration Tree Species in Degraded Soils from Central Amazon<\/td>\n<td>ANDERSON SANTOS DE FREITAS<\/td>\n<\/tr>\n<tr>\n<td>204\/1331-0<\/td>\n<td width=\"1133\">Exsudados como Linguagem Qu\u00edmica: Resposta Metab\u00f3lica das Ra\u00edzes a Fontes de Pot\u00e1ssio<\/td>\n<td>ALICE FERREIRA ALVES<\/td>\n<\/tr>\n<tr>\n<td>204\/1582-0<\/td>\n<td width=\"1133\">CARACTERIZA\u00c7\u00c3O FUNCIONAL DE BIOCROSTAS DO SEMI\u00c1RIDO: POTENCIAL MICROBIANO PARA RESTAURA\u00c7\u00c3O ECOL\u00d3GICA E ADAPTA\u00c7\u00c3O CLIM\u00c1TICA<\/td>\n<td>FRANCISCO MATHEUS MEDEIROS DE FREITAS<\/td>\n<\/tr>\n<tr>\n<td>204\/1687-0<\/td>\n<td width=\"1133\">Bioherbicidal potential of microbial metabolites from Torulaspora globosa against the weed Bidens pilosa L<\/td>\n<td>MARCIA MARIA ROSA-MAGRI<\/td>\n<\/tr>\n<tr>\n<td><\/td>\n<td width=\"1133\"><\/td>\n<td width=\"288\"><\/td>\n<\/tr>\n<tr>\n<td colspan=\"3\" width=\"1499\">SESS\u00c3O ORAL VIROLOGIA<\/td>\n<\/tr>\n<tr>\n<td>Trabalho ID<\/td>\n<td width=\"1133\">T\u00edtulo<\/td>\n<td width=\"288\">Apresentador<\/td>\n<\/tr>\n<tr>\n<td>204\/2006-0<\/td>\n<td width=\"1133\">DETEC\u00c7\u00c3O DE INFLUENZA A EM CET\u00c1CEOS DA COSTA DO RIO GRANDE DO SUL E CEAR\u00c1, BRASIL<\/td>\n<td width=\"288\">ALANIS SILVA MELGAREJO<\/td>\n<\/tr>\n<tr>\n<td>204\/1347-0<\/td>\n<td width=\"1133\">Early Insights from the Phase II\/III Clinical Trial of Vaccines in Cattle Against Varicellovirus bovinealpha1 and Varicellovirus bovinealpha5<\/td>\n<td width=\"288\">SAMILLE HENRIQUES PEREIRA<\/td>\n<\/tr>\n<tr>\n<td>204\/2648-0<\/td>\n<td width=\"1133\">Genetic Monitoring of Influenza Viruses Circulating in Southern Brazil and Neighboring Countries<\/td>\n<td width=\"288\">LUDMILA FIORENZANO BAETHGEN<\/td>\n<\/tr>\n<tr>\n<td>204\/2088-0<\/td>\n<td width=\"1133\">CHARACTERIZATION OF HPV16 E7 ONCOGENE VARIANTS IN CERVICAL LESIONS FROM SERGIPE STATE, NORTHEASTERN\u00a0BRAZIL<\/td>\n<td width=\"288\">ANNY BEATRIZ DE OLIVEIRA GAMA<\/td>\n<\/tr>\n<\/tbody>\n<\/table>\n    <\/div>\t\t<\/div>\n\t\t\t\t<\/div>\n\t\t\t\t\t<\/div>\n\t\t<\/div>\n\t\t\t\t\t<\/div>\n\t\t<\/section>\n\t\t\t\t<\/div>\n\t\t","protected":false},"excerpt":{"rendered":"<p>Parab\u00e9ns pela sele\u00e7\u00e3o inicial. Suas apresenta\u00e7\u00f5es ser\u00e3o avaliadas por um comit\u00ea formado pela respectiva \u00e1rea. As instru\u00e7\u00f5es sobre as apresenta\u00e7\u00f5es, como tempo de apresenta\u00e7\u00e3o, data e hora, ser\u00e3o enviadas em breve pelos coordenadores de \u00e1rea via e-mail SESS\u00c3O MICROBIOLOGIA AMBIENTAL Trabalho ID T\u00edtulo Apresentador 204\/1295-0 Mobilome of the newly discovered active hydrothermal vents in the [&hellip;]<\/p>\n","protected":false},"author":1,"featured_media":0,"parent":0,"menu_order":0,"comment_status":"closed","ping_status":"closed","template":"","meta":[],"_links":{"self":[{"href":"https:\/\/sbmicrobiologia.org.br\/33cbm2025\/wp-json\/wp\/v2\/pages\/923"}],"collection":[{"href":"https:\/\/sbmicrobiologia.org.br\/33cbm2025\/wp-json\/wp\/v2\/pages"}],"about":[{"href":"https:\/\/sbmicrobiologia.org.br\/33cbm2025\/wp-json\/wp\/v2\/types\/page"}],"author":[{"embeddable":true,"href":"https:\/\/sbmicrobiologia.org.br\/33cbm2025\/wp-json\/wp\/v2\/users\/1"}],"replies":[{"embeddable":true,"href":"https:\/\/sbmicrobiologia.org.br\/33cbm2025\/wp-json\/wp\/v2\/comments?post=923"}],"version-history":[{"count":50,"href":"https:\/\/sbmicrobiologia.org.br\/33cbm2025\/wp-json\/wp\/v2\/pages\/923\/revisions"}],"predecessor-version":[{"id":1113,"href":"https:\/\/sbmicrobiologia.org.br\/33cbm2025\/wp-json\/wp\/v2\/pages\/923\/revisions\/1113"}],"wp:attachment":[{"href":"https:\/\/sbmicrobiologia.org.br\/33cbm2025\/wp-json\/wp\/v2\/media?parent=923"}],"curies":[{"name":"wp","href":"https:\/\/api.w.org\/{rel}","templated":true}]}}