{"id":8,"date":"2024-11-06T17:58:11","date_gmt":"2024-11-06T20:58:11","guid":{"rendered":"https:\/\/sbmicrobiologia.org.br\/33cbm2025\/?page_id=8"},"modified":"2024-12-19T11:54:32","modified_gmt":"2024-12-19T14:54:32","slug":"apresentacao","status":"publish","type":"page","link":"https:\/\/sbmicrobiologia.org.br\/33cbm2025\/apresentacao\/","title":{"rendered":"Apresenta\u00e7\u00e3o"},"content":{"rendered":"<p class=\"p1\"><span class=\"s1\">O Congresso Brasileiro de Microbiologia &#8211; CBM \u00e9 um dos eventos cient\u00edficos nacionais mais importantes, sendo realizado a cada dois anos, com ampla abrang\u00eancia de modo a atender n\u00e3o apenas a comunidade cient\u00edfica, mas tamb\u00e9m estudantes de gradua\u00e7\u00e3o e p\u00f3s-gradua\u00e7\u00e3o, setores da sociedade civil e do governo, empresas que atuam na \u00e1rea de microbiologia e a sociedade brasileira em geral. <\/span><\/p>\n<p class=\"p1\"><span class=\"s1\">Assim, o 33\u00ba Congresso Brasileiro de Microbiologia ser\u00e1 realizado no per\u00edodo de 25 a 28 de outubro de 2025, na cidade de Aracaj\u00fa, em Sergipe, tendo como tema central <b>\u201cA Microbiologia no Contexto das Mudan\u00e7as Clim\u00e1ticas e da Intelig\u00eancia Artificial\u201d. <\/b><\/span><\/p>\n<p class=\"p1\"><span class=\"s1\">Estes s\u00e3o dois aspectos de grande impacto atualmente. O Brasil, devido a sua diversidade biol\u00f3gica, \u00e9 um pa\u00eds central na abordagem das mudan\u00e7as clim\u00e1ticas e como mitigar as causas e impactos. Junto a isto, o uso da IA para avaliar quest\u00f5es microbiol\u00f3gicas, auxiliando na busca de solu\u00e7\u00f5es, bem como na pesquisa b\u00e1sica e aplicada, e no ensino trar\u00e1 grandes benef\u00edcios.<\/span><\/p>\n<p class=\"p1\"><span class=\"s1\"> Este ser\u00e1 mais um grande momento de crescimento para a microbiologia brasileira. <\/span><\/p>\n<p class=\"p1\"><span class=\"s1\">Esperamos por voc\u00ea em Aracaj\u00fa!!!<\/span><\/p>\n<p class=\"p1\"><span class=\"s1\">Luis Henrique S. Guimar\u00e3es<br \/>\n<\/span><span class=\"s1\">Presidente SBM<\/span><\/p>\n<p>&nbsp;<\/p>\n<p><img fetchpriority=\"high\" class=\"alignnone wp-image-255 size-full\" src=\"https:\/\/sbmicrobiologia.org.br\/33cbm2025\/wp-content\/uploads\/2024\/12\/img-1.png\" alt=\"\" width=\"1770\" height=\"814\" srcset=\"https:\/\/sbmicrobiologia.org.br\/33cbm2025\/wp-content\/uploads\/2024\/12\/img-1.png 1770w, https:\/\/sbmicrobiologia.org.br\/33cbm2025\/wp-content\/uploads\/2024\/12\/img-1-300x138.png 300w, https:\/\/sbmicrobiologia.org.br\/33cbm2025\/wp-content\/uploads\/2024\/12\/img-1-1024x471.png 1024w, https:\/\/sbmicrobiologia.org.br\/33cbm2025\/wp-content\/uploads\/2024\/12\/img-1-768x353.png 768w, https:\/\/sbmicrobiologia.org.br\/33cbm2025\/wp-content\/uploads\/2024\/12\/img-1-1536x706.png 1536w\" sizes=\"(max-width: 1770px) 100vw, 1770px\" \/><\/p>\n","protected":false},"excerpt":{"rendered":"<p>O Congresso Brasileiro de Microbiologia &#8211; CBM \u00e9 um dos eventos cient\u00edficos nacionais mais importantes, sendo realizado a cada dois anos, com ampla abrang\u00eancia de modo a atender n\u00e3o apenas a comunidade cient\u00edfica, mas tamb\u00e9m estudantes de gradua\u00e7\u00e3o e p\u00f3s-gradua\u00e7\u00e3o, setores da sociedade civil e do governo, empresas que atuam na \u00e1rea de microbiologia e [&hellip;]<\/p>\n","protected":false},"author":1,"featured_media":0,"parent":0,"menu_order":0,"comment_status":"closed","ping_status":"closed","template":"","meta":[],"_links":{"self":[{"href":"https:\/\/sbmicrobiologia.org.br\/33cbm2025\/wp-json\/wp\/v2\/pages\/8"}],"collection":[{"href":"https:\/\/sbmicrobiologia.org.br\/33cbm2025\/wp-json\/wp\/v2\/pages"}],"about":[{"href":"https:\/\/sbmicrobiologia.org.br\/33cbm2025\/wp-json\/wp\/v2\/types\/page"}],"author":[{"embeddable":true,"href":"https:\/\/sbmicrobiologia.org.br\/33cbm2025\/wp-json\/wp\/v2\/users\/1"}],"replies":[{"embeddable":true,"href":"https:\/\/sbmicrobiologia.org.br\/33cbm2025\/wp-json\/wp\/v2\/comments?post=8"}],"version-history":[{"count":4,"href":"https:\/\/sbmicrobiologia.org.br\/33cbm2025\/wp-json\/wp\/v2\/pages\/8\/revisions"}],"predecessor-version":[{"id":256,"href":"https:\/\/sbmicrobiologia.org.br\/33cbm2025\/wp-json\/wp\/v2\/pages\/8\/revisions\/256"}],"wp:attachment":[{"href":"https:\/\/sbmicrobiologia.org.br\/33cbm2025\/wp-json\/wp\/v2\/media?parent=8"}],"curies":[{"name":"wp","href":"https:\/\/api.w.org\/{rel}","templated":true}]}}