{"id":505,"date":"2025-05-13T17:30:41","date_gmt":"2025-05-13T20:30:41","guid":{"rendered":"https:\/\/sbmicrobiologia.org.br\/33cbm2025\/?page_id=505"},"modified":"2025-10-20T12:20:19","modified_gmt":"2025-10-20T15:20:19","slug":"area-virologia","status":"publish","type":"page","link":"https:\/\/sbmicrobiologia.org.br\/33cbm2025\/area-virologia\/","title":{"rendered":"A\u0301rea Virologia"},"content":{"rendered":"<table dir=\"ltr\" border=\"1\" cellspacing=\"0\" cellpadding=\"0\" data-sheets-root=\"1\" data-sheets-baot=\"1\">\n<colgroup>\n<col width=\"55\" \/>\n<col width=\"80\" \/>\n<col width=\"201\" \/>\n<col width=\"66\" \/>\n<col width=\"406\" \/>\n<col width=\"167\" \/><\/colgroup>\n<tbody>\n<tr>\n<td>Local<\/td>\n<td>Data\/Hora<\/td>\n<td>T\u00edtulo da Atividade<\/td>\n<td>Atividade<\/td>\n<td>T\u00edtulo da Apresenta\u00e7\u00e3o<\/td>\n<td>Palestrantes<\/td>\n<\/tr>\n<tr>\n<td><\/td>\n<td><\/td>\n<td><\/td>\n<td><\/td>\n<td><\/td>\n<td><\/td>\n<\/tr>\n<tr>\n<td colspan=\"1\" rowspan=\"12\">\n<div>SALA 1<\/div>\n<\/td>\n<td colspan=\"1\" rowspan=\"4\">\n<div>25\/10\/2025 \u00e0s 13:00<\/div>\n<\/td>\n<td colspan=\"1\" rowspan=\"4\">\n<div>Epidemiologia das Arboviroses: din\u00e2micas virais em um Brasil em transforma\u00e7\u00e3o<\/div>\n<\/td>\n<td colspan=\"1\" rowspan=\"4\">\n<div>Mesa redonda<\/div>\n<\/td>\n<td>1 &#8211; Investiga\u00e7\u00e3o do sistema vetor-hospedeiro do v\u00edrus da febre amarela em \u00e1reas urbanas de Minas Gerais<\/td>\n<td>Betania Paiva Drumond<\/td>\n<\/tr>\n<tr>\n<td>2 &#8211; Aspectos epidemiol\u00f3gicos e moleculares da epidemia de dengue em Belo Horizonte, Minas Gerais, 2024<\/td>\n<td>Pedro Augusto Alves<\/td>\n<\/tr>\n<tr>\n<td>3 &#8211; Interioriza\u00e7\u00e3o dos laborat\u00f3rios de sa\u00fade p\u00fablica para vigil\u00e2ncia de arboviroses: uma nova perspectiva laboratorial, cl\u00ednica e social<\/td>\n<td>Danilo Bretas Oliveira<\/td>\n<\/tr>\n<tr>\n<td>Debate &#8211; 30min<\/td>\n<td><\/td>\n<\/tr>\n<tr>\n<td colspan=\"1\" rowspan=\"2\">\n<div>25\/10\/2025 \u00e0s 15:00<\/div>\n<\/td>\n<td colspan=\"1\" rowspan=\"2\">\n<div>Mpox em 2025: desafios diante de uma nova emerg\u00eancia global<\/div>\n<\/td>\n<td colspan=\"1\" rowspan=\"2\">\n<div>Palestra<\/div>\n<\/td>\n<td>O clone LVD\/NIAID\/NIH MVA1974 como vacina contra Mpox \u2013 avalia\u00e7\u00e3o pr\u00e9-cl\u00ednica em modelo de infec\u00e7\u00e3o letal com Mpox\u00a0em\u00a0camundongos<\/td>\n<td>Fl\u00e1vio Guimar\u00e3es da Fonseca<\/td>\n<\/tr>\n<tr>\n<td>Debate &#8211; 15min<\/td>\n<td><\/td>\n<\/tr>\n<tr>\n<td colspan=\"1\" rowspan=\"4\">\n<div>25\/10\/2025 \u00e0s 16:30<\/div>\n<\/td>\n<td colspan=\"1\" rowspan=\"4\">\n<div>Metagen\u00f4mica viral na era da intelig\u00eancia artificial: novas fronteiras para a virologia<\/div>\n<\/td>\n<td colspan=\"1\" rowspan=\"4\">\n<div>Mesa redonda<\/div>\n<\/td>\n<td>1 &#8211; A\u00e7\u00f5es e estrat\u00e9gias para o fortalecimento da vigil\u00e2ncia de doen\u00e7as infecciosas no Brasil<\/td>\n<td>Anderson Brito<\/td>\n<\/tr>\n<tr>\n<td>2 &#8211; Desafios e Solu\u00e7\u00f5es na An\u00e1lise Bioinform\u00e1tica de Dados de Metagen\u00f4mica\u00a0Ampla<\/td>\n<td>Gabriel Wallau<\/td>\n<\/tr>\n<tr>\n<td>3 &#8211; Explorando o Viroma das Aves Silvestres: detec\u00e7\u00e3o e caracteriza\u00e7\u00e3o de genomas virais<\/td>\n<td>Amanda Haisi<\/td>\n<\/tr>\n<tr>\n<td>Debate &#8211; 30min<\/td>\n<td><\/td>\n<\/tr>\n<tr>\n<td colspan=\"1\" rowspan=\"2\">\n<div>25\/10\/2025 \u00e0s 18:00<\/div>\n<\/td>\n<td colspan=\"1\" rowspan=\"2\">\n<div>Entre o hospedeiro e o v\u00edrus: os caminhos da resposta imune<\/div>\n<\/td>\n<td colspan=\"1\" rowspan=\"2\">\n<div>Palestra<\/div>\n<\/td>\n<td>A rela\u00e7\u00e3o imune entre dengue e zika<\/td>\n<td>Maur\u00edcio Lacerda Nogueira<\/td>\n<\/tr>\n<tr>\n<td>Debate &#8211; 15min<\/td>\n<td><\/td>\n<\/tr>\n<tr>\n<td><\/td>\n<td><\/td>\n<td><\/td>\n<td><\/td>\n<td><\/td>\n<td><\/td>\n<\/tr>\n<tr>\n<td colspan=\"1\" rowspan=\"12\">\n<div>SALA 1<\/div>\n<\/td>\n<td colspan=\"1\" rowspan=\"4\">\n<div>26\/10\/2025 \u00e0s 13:00<\/div>\n<\/td>\n<td colspan=\"1\" rowspan=\"4\">\n<div>Vigil\u00e2ncia e impacto das zoonoses virais em m\u00faltiplos ecossistemas<\/div>\n<\/td>\n<td colspan=\"1\" rowspan=\"4\">\n<div>Mesa redonda<\/div>\n<\/td>\n<td>1 &#8211; Viruses going wild: viral spillback events under investigation in\u00a0Southern\u00a0Brazil<\/td>\n<td>Fernando Rosado Spilki<\/td>\n<\/tr>\n<tr>\n<td>2 &#8211; One Health no Pantanal: v\u00edrus em animais dom\u00e9sticos e silvestres<\/td>\n<td>Leila Sabrina Ullmann<\/td>\n<\/tr>\n<tr>\n<td>3 &#8211; Enteric Viruses in Pets: Implications for Zoonotic and Reverse Zoonotic Transmission<\/td>\n<td>Adriana Luchs<\/td>\n<\/tr>\n<tr>\n<td>Debate &#8211; 30min<\/td>\n<td><\/td>\n<\/tr>\n<tr>\n<td colspan=\"1\" rowspan=\"2\">\n<div>26\/10\/2025 \u00e0s 15:00<\/div>\n<\/td>\n<td colspan=\"1\" rowspan=\"2\">\n<div>One Health em Virologia: integra\u00e7\u00e3o de ambientes, esp\u00e9cies e saberes<\/div>\n<\/td>\n<td colspan=\"1\" rowspan=\"2\">\n<div>Palestra<\/div>\n<\/td>\n<td>INCT-One: principais resultados e perspectivas<\/td>\n<td>Fernando Rosado Spilki<\/td>\n<\/tr>\n<tr>\n<td>Debate &#8211; 15min<\/td>\n<td><\/td>\n<\/tr>\n<tr>\n<td colspan=\"1\" rowspan=\"4\">\n<div>26\/10\/2025 \u00e0s 16:30<\/div>\n<\/td>\n<td colspan=\"1\" rowspan=\"4\">\n<div>Virologia translacional: do mapeamento epidemiol\u00f3gico \u00e0s novas abordagens antivirais<\/div>\n<\/td>\n<td colspan=\"1\" rowspan=\"4\">\n<div>Mesa redonda<\/div>\n<\/td>\n<td>1 &#8211; Silimarina: potencial terap\u00eautico na artrite e miosite induzidas pelos v\u00edrus Chikungunya\u00a0e\u00a0Mayaro<\/td>\n<td>Cintia Brito Magalh\u00e3es<\/td>\n<\/tr>\n<tr>\n<td>2 &#8211; Estudo epidemiol\u00f3gico da soropositividade e circula\u00e7\u00e3o dos poxv\u00edrus na regi\u00e3o litor\u00e2nea do Piau\u00ed<\/td>\n<td>Anna Carolina Toledo da Cunha Pereira<\/td>\n<\/tr>\n<tr>\n<td>3 &#8211; Lysergol exerts potent antiviral activity against the emerging Oropouche virus in vitro<\/td>\n<td>Rafael Elias Marques<\/td>\n<\/tr>\n<tr>\n<td>Debate &#8211; 30min<\/td>\n<td><\/td>\n<\/tr>\n<tr>\n<td colspan=\"1\" rowspan=\"2\">\n<div>26\/10\/2025 \u00e0s 18:00<\/div>\n<\/td>\n<td colspan=\"1\" rowspan=\"2\">\n<div>Apresenta\u00e7\u00e3o Oral (10 min)<\/div>\n<\/td>\n<td colspan=\"1\" rowspan=\"2\">\n<div>Apresenta\u00e7\u00e3o Oral<\/div>\n<\/td>\n<td>Apresenta\u00e7\u00e3o Oral dos trabalhos selecionados.<\/td>\n<td><\/td>\n<\/tr>\n<tr>\n<td>Debate &#8211; 15min<\/td>\n<td><\/td>\n<\/tr>\n<\/tbody>\n<\/table>\n","protected":false},"excerpt":{"rendered":"<p>Local Data\/Hora T\u00edtulo da Atividade Atividade T\u00edtulo da Apresenta\u00e7\u00e3o Palestrantes SALA 1 25\/10\/2025 \u00e0s 13:00 Epidemiologia das Arboviroses: din\u00e2micas virais em um Brasil em transforma\u00e7\u00e3o Mesa redonda 1 &#8211; Investiga\u00e7\u00e3o do sistema vetor-hospedeiro do v\u00edrus da febre amarela em \u00e1reas urbanas de Minas Gerais Betania Paiva Drumond 2 &#8211; Aspectos epidemiol\u00f3gicos e moleculares da epidemia [&hellip;]<\/p>\n","protected":false},"author":1,"featured_media":0,"parent":0,"menu_order":0,"comment_status":"closed","ping_status":"closed","template":"","meta":[],"_links":{"self":[{"href":"https:\/\/sbmicrobiologia.org.br\/33cbm2025\/wp-json\/wp\/v2\/pages\/505"}],"collection":[{"href":"https:\/\/sbmicrobiologia.org.br\/33cbm2025\/wp-json\/wp\/v2\/pages"}],"about":[{"href":"https:\/\/sbmicrobiologia.org.br\/33cbm2025\/wp-json\/wp\/v2\/types\/page"}],"author":[{"embeddable":true,"href":"https:\/\/sbmicrobiologia.org.br\/33cbm2025\/wp-json\/wp\/v2\/users\/1"}],"replies":[{"embeddable":true,"href":"https:\/\/sbmicrobiologia.org.br\/33cbm2025\/wp-json\/wp\/v2\/comments?post=505"}],"version-history":[{"count":4,"href":"https:\/\/sbmicrobiologia.org.br\/33cbm2025\/wp-json\/wp\/v2\/pages\/505\/revisions"}],"predecessor-version":[{"id":1064,"href":"https:\/\/sbmicrobiologia.org.br\/33cbm2025\/wp-json\/wp\/v2\/pages\/505\/revisions\/1064"}],"wp:attachment":[{"href":"https:\/\/sbmicrobiologia.org.br\/33cbm2025\/wp-json\/wp\/v2\/media?parent=505"}],"curies":[{"name":"wp","href":"https:\/\/api.w.org\/{rel}","templated":true}]}}