{"id":502,"date":"2025-05-13T17:29:45","date_gmt":"2025-05-13T20:29:45","guid":{"rendered":"https:\/\/sbmicrobiologia.org.br\/33cbm2025\/?page_id=502"},"modified":"2025-10-24T15:27:31","modified_gmt":"2025-10-24T18:27:31","slug":"area-veterinaria","status":"publish","type":"page","link":"https:\/\/sbmicrobiologia.org.br\/33cbm2025\/area-veterinaria\/","title":{"rendered":"A\u0301rea Veterina\u0301ria"},"content":{"rendered":"<table dir=\"ltr\" border=\"1\" cellspacing=\"0\" cellpadding=\"0\" data-sheets-root=\"1\" data-sheets-baot=\"1\">\n<colgroup>\n<col width=\"52\" \/>\n<col width=\"83\" \/>\n<col width=\"199\" \/>\n<col width=\"71\" \/>\n<col width=\"271\" \/>\n<col width=\"209\" \/><\/colgroup>\n<tbody>\n<tr>\n<td>Local<\/td>\n<td>Data\/Hora<\/td>\n<td>T\u00edtulo da Atividade<\/td>\n<td>Atividade<\/td>\n<td>T\u00edtulo da Apresenta\u00e7\u00e3o<\/td>\n<td>Palestrantes<\/td>\n<\/tr>\n<tr>\n<td colspan=\"1\" rowspan=\"9\">\n<div>SALA 6<\/div>\n<\/td>\n<td colspan=\"1\" rowspan=\"4\">\n<div>26\/10\/2025 \u00e0s 13:00<\/div>\n<\/td>\n<td colspan=\"1\" rowspan=\"4\">\n<div>Panorama da resist\u00eancia antimicrobiana nas infec\u00e7\u00f5es animais<\/div>\n<\/td>\n<td colspan=\"1\" rowspan=\"4\">\n<div>Mesa Redonda<\/div>\n<\/td>\n<td>1) O panorama da resist\u00eancia em isolados cl\u00ednicos su\u00ednos<\/td>\n<td>Dra. Suzana Satomi Kuchiishi<\/td>\n<\/tr>\n<tr>\n<td>2) O panorama da resist\u00eancia em isolados cl\u00ednicos de pequenos animais<\/td>\n<td>Profa. Miliane Moreira Soares de Souza<\/td>\n<\/tr>\n<tr>\n<td>3) O panorama da resist\u00eancia em isolados de Aves<\/td>\n<td>Dr. Dino C\u00e9sar Pereira Garcez<\/td>\n<\/tr>\n<tr>\n<td>4) O panorama da resist\u00eancia a antimicrobianos na piscicultura brasileira<\/td>\n<td>Prof. Ulisses de P\u00e1dua Pereira<\/td>\n<\/tr>\n<tr>\n<td>26\/10\/2025 \u00e0s 15:00<\/td>\n<td><\/td>\n<td>Palestra<\/td>\n<td>Antimicrobial Resistance in Animals: Trends, Threats, and Diagnostic Strategies from AVDL (Georgia, USA)<\/td>\n<td>Grazieli Maboni<\/td>\n<\/tr>\n<tr>\n<td colspan=\"1\" rowspan=\"3\">\n<div>26\/10\/2025 \u00e0s 16:30<\/div>\n<\/td>\n<td colspan=\"1\" rowspan=\"3\">\n<div>Disbiose na microbiota animal e op\u00e7\u00f5es de controle<\/div>\n<\/td>\n<td colspan=\"1\" rowspan=\"3\">\n<div>Mesa Redonda<\/div>\n<\/td>\n<td>1) O controle da disbiose da gl\u00e2ndula mam\u00e1ria de caprinos<\/td>\n<td>Profa. Maria Aparecida Scatamburlo Moreira<\/td>\n<\/tr>\n<tr>\n<td>2) Disbiose e infec\u00e7\u00e3o causada por bact\u00e9rias anaer\u00f3bias<\/td>\n<td>Profa. Eliane Ferreira<\/td>\n<\/tr>\n<tr>\n<td>3) O papel da microbiota bucal nas periodontites em ruminantes<\/td>\n<td>Profa. Ana Carolina Borsanelli<\/td>\n<\/tr>\n<tr>\n<td>26\/10\/2025 \u00e0s 18:00<\/td>\n<td><\/td>\n<td>Palestra<\/td>\n<td>Uma Visao Ecologica da Disbiose<\/td>\n<td>Prof. Arist\u00f3teles G\u00f3es Neto<\/td>\n<\/tr>\n<tr>\n<td><\/td>\n<td>26\/10\/2025 \u00e0s 19:00<\/td>\n<td>Reuni\u00e3o de \u00c1rea<\/td>\n<td>Reuni\u00e3o<\/td>\n<td><\/td>\n<td><\/td>\n<\/tr>\n<\/tbody>\n<\/table>\n","protected":false},"excerpt":{"rendered":"<p>Local Data\/Hora T\u00edtulo da Atividade Atividade T\u00edtulo da Apresenta\u00e7\u00e3o Palestrantes SALA 6 26\/10\/2025 \u00e0s 13:00 Panorama da resist\u00eancia antimicrobiana nas infec\u00e7\u00f5es animais Mesa Redonda 1) O panorama da resist\u00eancia em isolados cl\u00ednicos su\u00ednos Dra. Suzana Satomi Kuchiishi 2) O panorama da resist\u00eancia em isolados cl\u00ednicos de pequenos animais Profa. Miliane Moreira Soares de Souza 3) [&hellip;]<\/p>\n","protected":false},"author":1,"featured_media":0,"parent":0,"menu_order":0,"comment_status":"closed","ping_status":"closed","template":"","meta":[],"_links":{"self":[{"href":"https:\/\/sbmicrobiologia.org.br\/33cbm2025\/wp-json\/wp\/v2\/pages\/502"}],"collection":[{"href":"https:\/\/sbmicrobiologia.org.br\/33cbm2025\/wp-json\/wp\/v2\/pages"}],"about":[{"href":"https:\/\/sbmicrobiologia.org.br\/33cbm2025\/wp-json\/wp\/v2\/types\/page"}],"author":[{"embeddable":true,"href":"https:\/\/sbmicrobiologia.org.br\/33cbm2025\/wp-json\/wp\/v2\/users\/1"}],"replies":[{"embeddable":true,"href":"https:\/\/sbmicrobiologia.org.br\/33cbm2025\/wp-json\/wp\/v2\/comments?post=502"}],"version-history":[{"count":9,"href":"https:\/\/sbmicrobiologia.org.br\/33cbm2025\/wp-json\/wp\/v2\/pages\/502\/revisions"}],"predecessor-version":[{"id":1129,"href":"https:\/\/sbmicrobiologia.org.br\/33cbm2025\/wp-json\/wp\/v2\/pages\/502\/revisions\/1129"}],"wp:attachment":[{"href":"https:\/\/sbmicrobiologia.org.br\/33cbm2025\/wp-json\/wp\/v2\/media?parent=502"}],"curies":[{"name":"wp","href":"https:\/\/api.w.org\/{rel}","templated":true}]}}