{"id":489,"date":"2025-05-13T17:26:13","date_gmt":"2025-05-13T20:26:13","guid":{"rendered":"https:\/\/sbmicrobiologia.org.br\/33cbm2025\/?page_id=489"},"modified":"2025-10-24T14:55:59","modified_gmt":"2025-10-24T17:55:59","slug":"area-microbiologia-industrial","status":"publish","type":"page","link":"https:\/\/sbmicrobiologia.org.br\/33cbm2025\/area-microbiologia-industrial\/","title":{"rendered":"A\u0301rea Microbiologia Industrial"},"content":{"rendered":"<table dir=\"ltr\" border=\"1\" cellspacing=\"0\" cellpadding=\"0\" data-sheets-root=\"1\" data-sheets-baot=\"1\">\n<colgroup>\n<col width=\"52\" \/>\n<col width=\"79\" \/>\n<col width=\"185\" \/>\n<col width=\"66\" \/>\n<col width=\"330\" \/>\n<col width=\"457\" \/><\/colgroup>\n<tbody>\n<tr>\n<td>Local<\/td>\n<td>Data\/Hora<\/td>\n<td>T\u00edtulo da Atividade<\/td>\n<td>Atividade<\/td>\n<td>T\u00edtulo da Apresenta\u00e7\u00e3o<\/td>\n<td>Palestrantes<\/td>\n<\/tr>\n<tr>\n<td colspan=\"1\" rowspan=\"10\">\n<div>SALA 3<\/div>\n<\/td>\n<td colspan=\"1\" rowspan=\"4\">\n<div>25\/10\/2025 \u00e0s 13:00<\/div>\n<\/td>\n<td colspan=\"1\" rowspan=\"4\">\n<div>Starup nascidas nas Universidades<\/div>\n<\/td>\n<td colspan=\"1\" rowspan=\"4\">\n<div>Mesa redonda<\/div>\n<\/td>\n<td>1)Desenvolvimento de Bioprodutos de origem microbiana: da universidade para o mercado<\/td>\n<td>Adalberto Pessoa Junior<\/td>\n<\/tr>\n<tr>\n<td>2) Caminhos Tecnol\u00f3gicos dos Bioinsumos: Da idea\u00e7\u00e3o ao mercado.<\/td>\n<td>Clarissa Hamajo Okino Delgado, Empresa Ikove<\/td>\n<\/tr>\n<tr>\n<td>3) Empreendedorismo acad\u00eamico e cria\u00e7\u00e3o de sattups<\/td>\n<td>Maria da Concei\u00e7\u00e3o Moraes da Costa<\/td>\n<\/tr>\n<tr>\n<td>Debate<\/td>\n<td><\/td>\n<\/tr>\n<tr>\n<td>25\/10\/2025 \u00e0s 15:00<\/td>\n<td><\/td>\n<td>Palestra<\/td>\n<td>O nascimento de empresas na Universidade em cosm\u00e9tica e farmac\u00eautica<\/td>\n<td>Adalaberto Pessoa Junior<\/td>\n<\/tr>\n<tr>\n<td colspan=\"1\" rowspan=\"4\">\n<div>25\/10\/2025 \u00e0s 16:30<\/div>\n<\/td>\n<td colspan=\"1\" rowspan=\"4\">\n<div>Inova\u00e7\u00e3o e biotecnologia microbiana<\/div>\n<\/td>\n<td colspan=\"1\" rowspan=\"4\">\n<div>Mesa redonda<\/div>\n<\/td>\n<td>1) \u201cIndustrial Innovation and the expansion of services provided by microbial biobanks\u201d.<\/td>\n<td>Derlene Attili de Angelis<\/td>\n<\/tr>\n<tr>\n<td>2)Potencial Biotecnol\u00f3gico de Fungos e Leveduras<br \/>\nIsoladas no Nordeste Brasileiro<\/td>\n<td>Antonio Marcio Barbosa Junior<\/td>\n<\/tr>\n<tr>\n<td>3)Microalgas como agentes de biorremedia\u00e7\u00e3o.<\/td>\n<td>Alfredo Oliveira G\u00e1lvez<\/td>\n<\/tr>\n<tr>\n<td>Debate<\/td>\n<td><\/td>\n<\/tr>\n<tr>\n<td>25\/10\/2025 \u00e0s 18:00<\/td>\n<td><\/td>\n<td>Palestra<\/td>\n<td>Inova\u00e7\u00e3o em Movimento: Conex\u00f5es entre Startups, Universidade Privada e o Futuro da Biotecnologia<\/td>\n<td>Angela Faustino Jozala<\/td>\n<\/tr>\n<tr>\n<td><\/td>\n<td><\/td>\n<td><\/td>\n<td><\/td>\n<td><\/td>\n<td><\/td>\n<\/tr>\n<tr>\n<td colspan=\"1\" rowspan=\"10\">\n<div>SALA 8<\/div>\n<\/td>\n<td colspan=\"1\" rowspan=\"4\">\n<div>26\/10\/2025 \u00e0s 13:00<\/div>\n<\/td>\n<td colspan=\"1\" rowspan=\"4\">\n<div>Bioprodutos microbianos<\/div>\n<\/td>\n<td colspan=\"1\" rowspan=\"4\">\n<div>Mesa Redonda<\/div>\n<\/td>\n<td>1) Biofilmes f\u00fangicos: da biologia \u00e0 aplica\u00e7\u00e3o tecnol\u00f3gica<\/td>\n<td>Luis Henrique Guimaraes<\/td>\n<\/tr>\n<tr>\n<td>2)Corbion e o Futuro da Microbiologia Industrial Sustent\u00e1vel.<\/td>\n<td>Bruna Montalv\u00e3o Lima Ferraz &#8211; Pesquisadora da Empresa Corbion<\/td>\n<\/tr>\n<tr>\n<td>3) &#8220;Pigmentos microbianos &#8211; da bioprospec\u00e7\u00e3o ao produto final&#8221;<\/td>\n<td>Julio Cesar de Carvalho<\/td>\n<\/tr>\n<tr>\n<td>Debate<\/td>\n<td><\/td>\n<\/tr>\n<tr>\n<td>26\/10\/2025 \u00e0s 15:00<\/td>\n<td><\/td>\n<td>Palestra<\/td>\n<td>Do laborat\u00f3rio ao campo: Inova\u00e7\u00e3o sustent\u00e1vel com besticidas microbianos<\/td>\n<td>T\u00falio Alexandre Freire da Silva<\/td>\n<\/tr>\n<tr>\n<td colspan=\"1\" rowspan=\"4\">\n<div>26\/10\/2025 \u00e0s 16:30<\/div>\n<\/td>\n<td colspan=\"1\" rowspan=\"4\">\n<div>Biocombust\u00edveis<\/div>\n<\/td>\n<td colspan=\"1\" rowspan=\"4\">\n<div>Mesa Redonda<\/div>\n<\/td>\n<td>1) Enzimas para combust\u00edveis de avia\u00e7\u00e3o e qu\u00edmicos sustent\u00e1veis<\/td>\n<td>Leticia Maria Zanphorlin Murakami<\/td>\n<\/tr>\n<tr>\n<td>2) Biocombust\u00edveis e qu\u00edmicos renov\u00e1veis: a experi\u00eancia da Unidade Embrapii Embrapa Agroenergia<\/td>\n<td>Monica Caramez Triches Damaso<\/td>\n<\/tr>\n<tr>\n<td>3) Hidrog\u00eanio verde: Tecnologias de obten\u00e7\u00e3o a partir de res\u00edduos agroindustriais<\/td>\n<td>Sandra Imaculada Maintgner<\/td>\n<\/tr>\n<tr>\n<td>Debate<\/td>\n<td><\/td>\n<\/tr>\n<tr>\n<td>26\/10\/2025 \u00e0s 18:00<\/td>\n<td><\/td>\n<td>Palestra<\/td>\n<td>Plataformas biotecnol\u00f3gicas CNPEM\/MCTI para a convers\u00e3o de biomassa em energia e qu\u00edmicos sustent\u00e1veis<\/td>\n<td>Mario Tyago Murakami<\/td>\n<\/tr>\n<tr>\n<td><\/td>\n<td><\/td>\n<td><\/td>\n<td><\/td>\n<td><\/td>\n<td><\/td>\n<\/tr>\n<tr>\n<td colspan=\"1\" rowspan=\"6\">\n<div>SALA 6<\/div>\n<\/td>\n<td colspan=\"1\" rowspan=\"4\">\n<div>27\/10\/2025 13:00 \u00e1s 18h<\/div>\n<\/td>\n<td colspan=\"1\" rowspan=\"4\">\n<div>Biotecnologia Microbiana Aplicada \u00e0 Saude<\/div>\n<\/td>\n<td>Palestra<\/td>\n<td>Microencapsula\u00e7\u00e3o de probi\u00f3tico para inova\u00e7\u00e3o de produtos funcionais<\/td>\n<td>Leandro Fragoso, CEO da Startaup SymbioPlus<\/td>\n<\/tr>\n<tr>\n<td>Palestra<\/td>\n<td>Terapia Trombol\u00edtica do Futuro: Uma Perspectiva Baseada em Microalgas<\/td>\n<td>Raquel Pedrosa<\/td>\n<\/tr>\n<tr>\n<td>Palestra<\/td>\n<td>Perspectivas do uso de microalgas na ind\u00fastria de nutri\u00e7\u00e3o humana e animal?<\/td>\n<td>Eloisa Zanin Pytlowanciv<\/td>\n<\/tr>\n<tr>\n<td>Palestra<\/td>\n<td>Antimicrobial peptides combined with small molecules: A promising approach to fight Staphylococcus aureus infections<\/td>\n<td>Fabio Aguiar Alves<\/td>\n<\/tr>\n<tr>\n<td><\/td>\n<td><\/td>\n<td>palestra<\/td>\n<td>Therapeutic strategies by modulation of the microbiota: How and when to introduce pre-, pro-, syn- or postbiotics?<\/td>\n<td>Gwenael Jan<\/td>\n<\/tr>\n<tr>\n<td>18 \u00e1s 19h<\/td>\n<td>Apresenta\u00e7\u00e3o Oral de Trabalhos da \u00c1rea de Microbiologia Industrial e Biotecnologia<\/td>\n<td>Apresenta\u00e7\u00e3o oral de trabalhos<\/td>\n<td>Trabalhos selecionados da \u00e1rea de Microbiologia Industrial e Biotecnologia<\/td>\n<td>3 trabalhos selecionados<\/td>\n<\/tr>\n<\/tbody>\n<\/table>\n","protected":false},"excerpt":{"rendered":"<p>Local Data\/Hora T\u00edtulo da Atividade Atividade T\u00edtulo da Apresenta\u00e7\u00e3o Palestrantes SALA 3 25\/10\/2025 \u00e0s 13:00 Starup nascidas nas Universidades Mesa redonda 1)Desenvolvimento de Bioprodutos de origem microbiana: da universidade para o mercado Adalberto Pessoa Junior 2) Caminhos Tecnol\u00f3gicos dos Bioinsumos: Da idea\u00e7\u00e3o ao mercado. Clarissa Hamajo Okino Delgado, Empresa Ikove 3) Empreendedorismo acad\u00eamico e cria\u00e7\u00e3o [&hellip;]<\/p>\n","protected":false},"author":1,"featured_media":0,"parent":0,"menu_order":0,"comment_status":"closed","ping_status":"closed","template":"","meta":[],"_links":{"self":[{"href":"https:\/\/sbmicrobiologia.org.br\/33cbm2025\/wp-json\/wp\/v2\/pages\/489"}],"collection":[{"href":"https:\/\/sbmicrobiologia.org.br\/33cbm2025\/wp-json\/wp\/v2\/pages"}],"about":[{"href":"https:\/\/sbmicrobiologia.org.br\/33cbm2025\/wp-json\/wp\/v2\/types\/page"}],"author":[{"embeddable":true,"href":"https:\/\/sbmicrobiologia.org.br\/33cbm2025\/wp-json\/wp\/v2\/users\/1"}],"replies":[{"embeddable":true,"href":"https:\/\/sbmicrobiologia.org.br\/33cbm2025\/wp-json\/wp\/v2\/comments?post=489"}],"version-history":[{"count":8,"href":"https:\/\/sbmicrobiologia.org.br\/33cbm2025\/wp-json\/wp\/v2\/pages\/489\/revisions"}],"predecessor-version":[{"id":1059,"href":"https:\/\/sbmicrobiologia.org.br\/33cbm2025\/wp-json\/wp\/v2\/pages\/489\/revisions\/1059"}],"wp:attachment":[{"href":"https:\/\/sbmicrobiologia.org.br\/33cbm2025\/wp-json\/wp\/v2\/media?parent=489"}],"curies":[{"name":"wp","href":"https:\/\/api.w.org\/{rel}","templated":true}]}}