{"id":482,"date":"2025-05-13T17:24:32","date_gmt":"2025-05-13T20:24:32","guid":{"rendered":"https:\/\/sbmicrobiologia.org.br\/33cbm2025\/?page_id=482"},"modified":"2025-10-24T15:00:45","modified_gmt":"2025-10-24T18:00:45","slug":"area-micologia","status":"publish","type":"page","link":"https:\/\/sbmicrobiologia.org.br\/33cbm2025\/area-micologia\/","title":{"rendered":"A\u0301rea Micologia"},"content":{"rendered":"<table dir=\"ltr\" border=\"1\" cellspacing=\"0\" cellpadding=\"0\" data-sheets-root=\"1\" data-sheets-baot=\"1\">\n<colgroup>\n<col width=\"52\" \/>\n<col width=\"209\" \/>\n<col width=\"199\" \/>\n<col width=\"104\" \/>\n<col width=\"921\" \/>\n<col width=\"213\" \/><\/colgroup>\n<tbody>\n<tr>\n<td>Local<\/td>\n<td>Data\/Hora<\/td>\n<td>T\u00edtulo da Atividade<\/td>\n<td>Atividade<\/td>\n<td>T\u00edtulo da Apresenta\u00e7\u00e3o<\/td>\n<td>Palestrantes<\/td>\n<\/tr>\n<tr>\n<td colspan=\"1\" rowspan=\"9\">\n<div>SALA 2<\/div>\n<\/td>\n<td colspan=\"1\" rowspan=\"4\">\n<div>26\/10\/2025 \u00e0s 13:00<\/div>\n<\/td>\n<td colspan=\"1\" rowspan=\"4\">\n<div>Virul\u00eancia F\u00fangica<\/div>\n<\/td>\n<td colspan=\"1\" rowspan=\"4\">\n<div>Mesa redonda<\/div>\n<\/td>\n<td>1) The role of protein acetylation in the virulence of human pathogenic fungi<\/td>\n<td>Andre Damasio<\/td>\n<\/tr>\n<tr>\n<td>2) The Overlapping Landscape: Genetic Determinants of Stress Resistance and Virulence in Cryptococcus neoformans<\/td>\n<td>Renata Castiglioni Pascon<\/td>\n<\/tr>\n<tr>\n<td>3) Stress management in the 21st century: Lessons from Candida albicans<\/td>\n<td>Rafael Messias Gandra<\/td>\n<\/tr>\n<tr>\n<td>4) How Fonsecaea pedrosoi deals with copper excess: responses to host nutritional immunity<\/td>\n<td>Mirelle Garcia Silva Bail\u00e3o<\/td>\n<\/tr>\n<tr>\n<td>26\/10\/2025 \u00e0s 15:00<\/td>\n<td><\/td>\n<td>Palestra<\/td>\n<td>Pathogen-specific adaptation in Candida auris and Candida parapsilosis focusing on antifungal resistance and virulence.<\/td>\n<td>Attila Gacser<\/td>\n<\/tr>\n<tr>\n<td colspan=\"1\" rowspan=\"3\">\n<div>26\/10\/2025 \u00e0s 16:30<\/div>\n<\/td>\n<td colspan=\"1\" rowspan=\"3\">\n<div>Diagn\u00f3stico e Epidemiologia<\/div>\n<\/td>\n<td colspan=\"1\" rowspan=\"3\">\n<div>Mesa redonda<\/div>\n<\/td>\n<td>1) Vigil\u00e2ncia de leveduras multirresistentes a antif\u00fangicos em hospitais de refer\u00eancia para doen\u00e7as infecciosas do Sistema \u00danico de Sa\u00fade<\/td>\n<td>Rodrigo Almeida Paes<\/td>\n<\/tr>\n<tr>\n<td>2) A One Health journey to uncover antifungal resistance<\/td>\n<td>Daniel de Assis Santos<\/td>\n<\/tr>\n<tr>\n<td>3) Next generation sequencing for tracking and diagnosis of endemic fungal<br \/>\ndiseases<\/td>\n<td>V\u00e2nia Aparecida Vicente<\/td>\n<\/tr>\n<tr>\n<td>26\/10\/2025 \u00e0s 18:00<\/td>\n<td><\/td>\n<td>Palestra<\/td>\n<td>Fungal Enzymes and their consortia towards biotechnological applications using Artificial intelligence (AI) and Machine learning (ML) tools<\/td>\n<td>Pratyoosh Shukla<\/td>\n<\/tr>\n<tr>\n<td><\/td>\n<td><\/td>\n<td><\/td>\n<td><\/td>\n<td><\/td>\n<td><\/td>\n<\/tr>\n<tr>\n<td>Sala?<\/td>\n<td>27\/10\/2025 11:00 \u00e0s 12h00<\/td>\n<td>Reuni\u00e3o de \u00e1rea: Micologia<\/td>\n<td><\/td>\n<td><\/td>\n<td><\/td>\n<\/tr>\n<tr>\n<td colspan=\"1\" rowspan=\"9\">\n<div>SALA 1<\/div>\n<\/td>\n<td colspan=\"1\" rowspan=\"4\">\n<div>27\/10\/2025 \u00e0s 13:00<\/div>\n<\/td>\n<td colspan=\"1\" rowspan=\"4\">\n<div>Biodiversidade e Biotecnologia<\/div>\n<\/td>\n<td colspan=\"1\" rowspan=\"4\">\n<div>Mesa redonda<\/div>\n<\/td>\n<td>1) Diversity of aquatic ascomycetes in Amazonia<\/td>\n<td>Patr\u00edcia Fi\u00faza<\/td>\n<\/tr>\n<tr>\n<td>2) Fungos de cavernas do Brasil: diversidade, potencial biotecnol\u00f3gico e patog\u00eanico<\/td>\n<td>Cristina Maria de Souza Motta<\/td>\n<\/tr>\n<tr>\n<td>3) An\u00e1lise integrativa de Gen\u00f4mica Comparativa, Is\u00f3topos Est\u00e1veis e Biogeografia na investiga\u00e7\u00e3o da biologia da intera\u00e7\u00e3o de um macrofungo neotropical<\/td>\n<td>Arist\u00f3teles G\u00f3es-Neto<\/td>\n<\/tr>\n<tr>\n<td>4) Brom\u00e9lias como Hotspots de Leveduras Cultiv\u00e1veis: Diversidade Oculta, Novas Esp\u00e9cies e Potencial Biotecnol\u00f3gico<\/td>\n<td>Melissa Fontes Landell<\/td>\n<\/tr>\n<tr>\n<td>27\/10\/2025 \u00e0s 15:00<\/td>\n<td><\/td>\n<td>Palestra<\/td>\n<td>Biofilme em Scedosporium: um fator chave na adapta\u00e7\u00e3o, virul\u00eancia e resist\u00eancia<\/td>\n<td>Andre Santos<\/td>\n<\/tr>\n<tr>\n<td colspan=\"1\" rowspan=\"3\">\n<div>27\/10\/2025 \u00e0s 16:30<\/div>\n<\/td>\n<td colspan=\"1\" rowspan=\"3\">\n<div>Intera\u00e7\u00e3o fungo-hospedeiro<\/div>\n<\/td>\n<td colspan=\"1\" rowspan=\"3\">\n<div>Mesa redonda<\/div>\n<\/td>\n<td>1) Produtos naturais e sua influ\u00eancia na intera\u00e7\u00e3o Candida spp- c\u00e9lula hospedeira<\/td>\n<td>\u00c9rika de Ara\u00fajo Abi-chacra<\/td>\n<\/tr>\n<tr>\n<td>2) Consequences of In Vivo and In Vitro Interactions Between Pathogenic Bacteria and Fungi<\/td>\n<td>Rafael Wesley Bastos<\/td>\n<\/tr>\n<tr>\n<td>3) Science, generosity, and humanity: the legacy of Professor Celuta S. Alviano (lecture to be delivered\u00a0in\u00a0Portuguese)<\/td>\n<td>Marcio L Rodrigues<\/td>\n<\/tr>\n<tr>\n<td>27\/10\/2025 \u00e0s 18:00<\/td>\n<td><\/td>\n<td>Apresenta\u00e7\u00f5es orais de trabalhos selecionados<\/td>\n<td>204\/1776-0 &#8211; MATHEUS CAMARGO: Beyond the gleam of dsRNA: novel ssRNA viruses infecting the entomopathogenic fungus Metarhizium; 204\/1394-0FERNANDA ADRIELLE DA SILVA ROCHA: An\u00e1lise dos compostos vol\u00e1teis de Trichoderma agriamazonicum e sua aplica\u00e7\u00e3o no controle de fitopat\u00f3genos; 204\/1633-0 DEBORAH CORR\u00caA FUZETI: Role of the MAPK\/HOG pathway in osmotic stress response and melanization in Sporothrix brasiliensis; 204\/1604-0SAMUEL SALOM\u00c3O SILVA DE OLIVEIRA: Isolation and characterization of Capsicum annuum leaf peptides and antifungal activity against Fusarium and Colletotrichum<\/td>\n<td>MATHEUS CAMARGO; FERNANDA ADRIELLE DA SILVA ROCHA; DEBORAH CORR\u00caA FUZETI; SAMUEL SALOM\u00c3O SILVA DE OLIVEIRA<\/td>\n<\/tr>\n<\/tbody>\n<\/table>\n","protected":false},"excerpt":{"rendered":"<p>Local Data\/Hora T\u00edtulo da Atividade Atividade T\u00edtulo da Apresenta\u00e7\u00e3o Palestrantes SALA 2 26\/10\/2025 \u00e0s 13:00 Virul\u00eancia F\u00fangica Mesa redonda 1) The role of protein acetylation in the virulence of human pathogenic fungi Andre Damasio 2) The Overlapping Landscape: Genetic Determinants of Stress Resistance and Virulence in Cryptococcus neoformans Renata Castiglioni Pascon 3) Stress management in [&hellip;]<\/p>\n","protected":false},"author":1,"featured_media":0,"parent":0,"menu_order":0,"comment_status":"closed","ping_status":"closed","template":"","meta":[],"_links":{"self":[{"href":"https:\/\/sbmicrobiologia.org.br\/33cbm2025\/wp-json\/wp\/v2\/pages\/482"}],"collection":[{"href":"https:\/\/sbmicrobiologia.org.br\/33cbm2025\/wp-json\/wp\/v2\/pages"}],"about":[{"href":"https:\/\/sbmicrobiologia.org.br\/33cbm2025\/wp-json\/wp\/v2\/types\/page"}],"author":[{"embeddable":true,"href":"https:\/\/sbmicrobiologia.org.br\/33cbm2025\/wp-json\/wp\/v2\/users\/1"}],"replies":[{"embeddable":true,"href":"https:\/\/sbmicrobiologia.org.br\/33cbm2025\/wp-json\/wp\/v2\/comments?post=482"}],"version-history":[{"count":6,"href":"https:\/\/sbmicrobiologia.org.br\/33cbm2025\/wp-json\/wp\/v2\/pages\/482\/revisions"}],"predecessor-version":[{"id":1120,"href":"https:\/\/sbmicrobiologia.org.br\/33cbm2025\/wp-json\/wp\/v2\/pages\/482\/revisions\/1120"}],"wp:attachment":[{"href":"https:\/\/sbmicrobiologia.org.br\/33cbm2025\/wp-json\/wp\/v2\/media?parent=482"}],"curies":[{"name":"wp","href":"https:\/\/api.w.org\/{rel}","templated":true}]}}