{"id":480,"date":"2025-05-13T17:23:45","date_gmt":"2025-05-13T20:23:45","guid":{"rendered":"https:\/\/sbmicrobiologia.org.br\/33cbm2025\/?page_id=480"},"modified":"2025-10-24T15:35:40","modified_gmt":"2025-10-24T18:35:40","slug":"area-genetica-e-bioinformatica","status":"publish","type":"page","link":"https:\/\/sbmicrobiologia.org.br\/33cbm2025\/area-genetica-e-bioinformatica\/","title":{"rendered":"A\u0301rea Gene\u0301tica e Bioinforma\u0301tica"},"content":{"rendered":"<table cellspacing=\"0\" cellpadding=\"0\">\n<tbody>\n<tr>\n<td valign=\"middle\">\n<p align=\"center\"><span style=\"color: #000000; font-family: Arial; font-size: medium;\"><b>Local<\/b><b><\/b><\/span><\/p>\n<\/td>\n<td valign=\"middle\">\n<p align=\"center\"><span style=\"color: #010101; font-family: Arial; font-size: medium;\"><b>Data\/Hora<\/b><b><\/b><\/span><\/p>\n<\/td>\n<td valign=\"middle\">\n<p align=\"center\"><span style=\"color: #010101; font-family: Arial; font-size: medium;\"><b>T\u00edtulo da Atividade<\/b><b><\/b><\/span><\/p>\n<\/td>\n<td valign=\"middle\">\n<p align=\"center\"><span style=\"color: #010101; font-family: Arial; font-size: medium;\"><b>Atividade<\/b><b><\/b><\/span><\/p>\n<\/td>\n<td valign=\"middle\">\n<p align=\"center\"><span style=\"color: #010101; font-family: Arial; font-size: medium;\"><b>T\u00edtulo da Apresenta\u00e7\u00e3o<\/b><b><\/b><\/span><\/p>\n<\/td>\n<td valign=\"middle\">\n<p align=\"center\"><span style=\"color: #010101; font-family: Arial; font-size: medium;\"><b>Palestrantes<\/b><b><\/b><\/span><\/p>\n<\/td>\n<\/tr>\n<tr>\n<td rowspan=\"11\" valign=\"middle\">\n<p align=\"center\"><span style=\"color: #000000; font-family: Arial; font-size: medium;\"><b>SALA 1<\/b><b><\/b><\/span><\/p>\n<\/td>\n<td rowspan=\"3\" valign=\"middle\">\n<p align=\"center\"><span style=\"color: #010101; font-family: Arial; font-size: medium;\"><b>28\/10\/2025 \u00e0s 13:00 &#8211; 14:45<\/b><b><\/b><\/span><\/p>\n<\/td>\n<td rowspan=\"3\" valign=\"middle\">\n<p align=\"center\"><span style=\"color: #000000; font-family: Arial; font-size: medium;\">Atualiza\u00e7\u00f5es e insights no estudo de ves\u00edculas extracelulares &#8211; avan\u00e7os e desafios.<span class=\"Apple-converted-space\">\u00a0 \u00a0 \u00a0 \u00a0 \u00a0 \u00a0 \u00a0 \u00a0 \u00a0 \u00a0 \u00a0 \u00a0 \u00a0 \u00a0 \u00a0 \u00a0 \u00a0 \u00a0 <\/span>Mediadora: Renata Cristina Pic\u00e3o<\/span><\/p>\n<\/td>\n<td rowspan=\"3\" valign=\"middle\">\n<p align=\"center\"><span style=\"color: #010101; font-family: Arial; font-size: medium;\">Mesa redonda<\/span><\/p>\n<\/td>\n<td valign=\"middle\">\n<p align=\"center\"><span style=\"color: #010101; font-family: Arial; font-size: medium;\">Exploring the progress and open questions in yeast extracellular vesicle studies<\/span><\/p>\n<\/td>\n<td valign=\"middle\">\n<p align=\"center\"><span style=\"color: #010101; font-family: Arial; font-size: medium;\">Leonardo Nimrichter<\/span><\/p>\n<\/td>\n<\/tr>\n<tr>\n<td valign=\"middle\">\n<p align=\"center\"><span style=\"color: #010101; font-family: Arial; font-size: medium;\">Microbial villains in Brazilian citriculture: What do we know and how can<\/span><\/p>\n<p align=\"center\"><span style=\"color: #010101; font-family: Arial; font-size: medium;\">we protect o orchards?<\/span><\/p>\n<\/td>\n<td valign=\"middle\">\n<p align=\"center\"><span style=\"color: #010101; font-family: Arial; font-size: medium;\">Ta\u00edcia Fill <\/span><\/p>\n<\/td>\n<\/tr>\n<tr>\n<td valign=\"middle\">\n<p align=\"center\"><span style=\"color: #010101; font-family: Arial; font-size: medium;\">Ves\u00edculas extracelulares como mecanismo de dissemina\u00e7\u00e3o da resist\u00eancia a antibi\u00f3ticos em bact\u00e9rias<\/span><\/p>\n<\/td>\n<td valign=\"middle\">\n<p align=\"center\"><span style=\"color: #010101; font-family: Arial; font-size: medium;\">Helisson Faoro<\/span><\/p>\n<\/td>\n<\/tr>\n<tr>\n<td valign=\"middle\">\n<p align=\"center\"><span style=\"color: #010101; font-family: Arial; font-size: medium;\"><b>28\/10\/2025 \u00e0s 14:45 &#8211; 15:15<\/b><b><\/b><\/span><\/p>\n<\/td>\n<td valign=\"middle\"><\/td>\n<td valign=\"middle\">\n<p align=\"center\"><span style=\"color: #010101; font-family: Arial; font-size: medium;\">Palestra<\/span><\/p>\n<\/td>\n<td valign=\"middle\">\n<p align=\"center\"><span style=\"color: #010101; font-family: Arial; font-size: medium;\">Bacterial extracellular vesicles as new players in bacteria-host interactions<\/span><\/p>\n<\/td>\n<td valign=\"middle\">\n<p align=\"center\"><span style=\"color: #000000; font-family: Arial; font-size: medium;\">Eric Guedon<\/span><\/p>\n<\/td>\n<\/tr>\n<tr>\n<td valign=\"middle\">\n<p align=\"center\"><span style=\"color: #010101; font-family: Arial; font-size: medium;\"><b>28\/10\/2025 \u00e0s 15:15 &#8211; 16:00<\/b><b><\/b><\/span><\/p>\n<\/td>\n<td valign=\"middle\"><\/td>\n<td valign=\"middle\">\n<p align=\"center\"><span style=\"color: #010101; font-family: Arial; font-size: medium;\">Palestra<\/span><\/p>\n<\/td>\n<td valign=\"middle\">\n<p align=\"center\"><span style=\"color: #000000; font-family: Arial; font-size: medium;\">Exploring extracellular vesicles in the genus<i> Faecalibacterium<\/i><i><\/i><\/span><\/p>\n<\/td>\n<td valign=\"middle\">\n<p align=\"center\"><span style=\"color: #010101; font-family: Arial; font-size: medium;\">Jean Marc Chatel<\/span><\/p>\n<\/td>\n<\/tr>\n<tr>\n<td colspan=\"5\" valign=\"middle\">\n<p align=\"center\"><span style=\"color: #010101; font-family: Arial; font-size: medium;\"><b>Coffee break 16:00 &#8211; 16:30<\/b><b><\/b><\/span><\/p>\n<\/td>\n<\/tr>\n<tr>\n<td rowspan=\"3\" valign=\"middle\">\n<p align=\"center\"><span style=\"color: #010101; font-family: Arial; font-size: medium;\"><b>28\/10\/2025 \u00e0s 16:30<\/b><b><\/b><\/span><\/p>\n<\/td>\n<td rowspan=\"3\" valign=\"middle\">\n<p align=\"center\"><span style=\"color: #000000; font-family: Arial; font-size: medium;\">Ves\u00edculas extracelulares microbianas: da Comunica\u00e7\u00e3o Celular aos Avan\u00e7os Biotecnol\u00f3gicos. <span class=\"Apple-converted-space\">\u00a0 \u00a0 \u00a0 \u00a0 \u00a0 \u00a0 \u00a0 \u00a0 \u00a0 \u00a0 \u00a0 \u00a0 \u00a0 <\/span>Mediadora: Fl\u00e1via Aburjaile<\/span><\/p>\n<\/td>\n<td rowspan=\"3\" valign=\"middle\">\n<p align=\"center\"><span style=\"color: #010101; font-family: Arial; font-size: medium;\">Mesa redonda<\/span><\/p>\n<\/td>\n<td valign=\"middle\">\n<p align=\"center\"><span style=\"color: #010101; font-family: Arial; font-size: medium;\">Mensageiras da comunica\u00e7\u00e3o f\u00fangica: uma jornada pelas formas e fun\u00e7\u00f5es das ves\u00edculas extracelulares<\/span><\/p>\n<\/td>\n<td valign=\"middle\">\n<p align=\"center\"><span style=\"color: #010101; font-family: Arial; font-size: medium;\">Juliana Rizzo<\/span><\/p>\n<\/td>\n<\/tr>\n<tr>\n<td valign=\"middle\">\n<p align=\"center\"><span style=\"color: #010101; font-family: Arial; font-size: medium;\">Extracellular Vesicles from Free-Living Amoebae: Drivers of Adaptation, Pathogenesis, Drug Resistance, and Biotechnological Advances<\/span><\/p>\n<\/td>\n<td valign=\"middle\">\n<p align=\"center\"><span style=\"color: #010101; font-family: Arial; font-size: medium;\">Allan Jefferson Guimar\u00e3es<\/span><\/p>\n<\/td>\n<\/tr>\n<tr>\n<td valign=\"middle\">\n<p align=\"center\"><span style=\"color: #010101; font-family: Arial; font-size: medium;\">Explorando as Ves\u00edculas Extracelulares Bacterianas: Foco nos Pat\u00f3genos de Prioridade cr\u00edtica da OMS <\/span><\/p>\n<\/td>\n<td valign=\"middle\">\n<p align=\"center\"><span style=\"color: #010101; font-family: Arial; font-size: medium;\">Luciene Minarini<\/span><\/p>\n<\/td>\n<\/tr>\n<tr>\n<td rowspan=\"2\" valign=\"middle\">\n<p align=\"center\"><span style=\"color: #010101; font-family: Arial; font-size: medium;\"><b>28\/10\/2025 \u00e0s 18:00<\/b><b><\/b><\/span><\/p>\n<\/td>\n<td rowspan=\"2\" valign=\"middle\">\n<p align=\"center\"><span style=\"color: #000000; font-family: Arial; font-size: medium;\">Hackathon<\/span><\/p>\n<\/td>\n<td rowspan=\"2\" valign=\"middle\">\n<p align=\"center\"><span style=\"color: #000000; font-family: Arial; font-size: medium;\">Oficina<\/span><\/p>\n<\/td>\n<td rowspan=\"2\" valign=\"middle\">\n<p align=\"center\"><span style=\"color: #000000; font-family: Arial; font-size: medium;\">Microbiologia 4.0: Diagn\u00f3sticos de casos complexos com Gen\u00f4mica e Metagen\u00f4mica<\/span><\/p>\n<\/td>\n<td valign=\"middle\">\n<p align=\"center\"><span style=\"color: #000000; font-family: Arial; font-size: medium;\">Deyvid Emanuel Amgarten <span class=\"Apple-converted-space\">\u00a0 \u00a0<\/span><\/span><\/p>\n<\/td>\n<\/tr>\n<tr>\n<td valign=\"middle\">\n<p align=\"center\"><span style=\"color: #000000; font-family: Arial; font-size: medium;\">Raquel Riyuzo de Almeida Franco<\/span><\/p>\n<\/td>\n<\/tr>\n<\/tbody>\n<\/table>\n<p>&nbsp;<\/p>\n<table>\n<tbody>\n<tr>\n<td>28\/10<\/td>\n<td>10h -11h30<\/td>\n<td><\/td>\n<td>Apresenta\u00e7\u00e3o de trabalhos orais selecionados<\/td>\n<td>Espa\u00e7o para 30-40 pessoas<\/td>\n<\/tr>\n<\/tbody>\n<\/table>\n","protected":false},"excerpt":{"rendered":"<p>Local Data\/Hora T\u00edtulo da Atividade Atividade T\u00edtulo da Apresenta\u00e7\u00e3o Palestrantes SALA 1 28\/10\/2025 \u00e0s 13:00 &#8211; 14:45 Atualiza\u00e7\u00f5es e insights no estudo de ves\u00edculas extracelulares &#8211; avan\u00e7os e desafios.\u00a0 \u00a0 \u00a0 \u00a0 \u00a0 \u00a0 \u00a0 \u00a0 \u00a0 \u00a0 \u00a0 \u00a0 \u00a0 \u00a0 \u00a0 \u00a0 \u00a0 \u00a0 Mediadora: Renata Cristina Pic\u00e3o Mesa redonda Exploring the progress [&hellip;]<\/p>\n","protected":false},"author":1,"featured_media":0,"parent":0,"menu_order":0,"comment_status":"closed","ping_status":"closed","template":"","meta":[],"_links":{"self":[{"href":"https:\/\/sbmicrobiologia.org.br\/33cbm2025\/wp-json\/wp\/v2\/pages\/480"}],"collection":[{"href":"https:\/\/sbmicrobiologia.org.br\/33cbm2025\/wp-json\/wp\/v2\/pages"}],"about":[{"href":"https:\/\/sbmicrobiologia.org.br\/33cbm2025\/wp-json\/wp\/v2\/types\/page"}],"author":[{"embeddable":true,"href":"https:\/\/sbmicrobiologia.org.br\/33cbm2025\/wp-json\/wp\/v2\/users\/1"}],"replies":[{"embeddable":true,"href":"https:\/\/sbmicrobiologia.org.br\/33cbm2025\/wp-json\/wp\/v2\/comments?post=480"}],"version-history":[{"count":7,"href":"https:\/\/sbmicrobiologia.org.br\/33cbm2025\/wp-json\/wp\/v2\/pages\/480\/revisions"}],"predecessor-version":[{"id":1132,"href":"https:\/\/sbmicrobiologia.org.br\/33cbm2025\/wp-json\/wp\/v2\/pages\/480\/revisions\/1132"}],"wp:attachment":[{"href":"https:\/\/sbmicrobiologia.org.br\/33cbm2025\/wp-json\/wp\/v2\/media?parent=480"}],"curies":[{"name":"wp","href":"https:\/\/api.w.org\/{rel}","templated":true}]}}