{"id":478,"date":"2025-05-13T17:22:42","date_gmt":"2025-05-13T20:22:42","guid":{"rendered":"https:\/\/sbmicrobiologia.org.br\/33cbm2025\/?page_id=478"},"modified":"2025-10-24T15:32:05","modified_gmt":"2025-10-24T18:32:05","slug":"area-ensino","status":"publish","type":"page","link":"https:\/\/sbmicrobiologia.org.br\/33cbm2025\/area-ensino\/","title":{"rendered":"\u00c1rea Ensino"},"content":{"rendered":"<table dir=\"ltr\" border=\"1\" cellspacing=\"0\" cellpadding=\"0\" data-sheets-root=\"1\" data-sheets-baot=\"1\">\n<colgroup>\n<col width=\"52\" \/>\n<col width=\"278\" \/>\n<col width=\"256\" \/>\n<col width=\"71\" \/>\n<col width=\"271\" \/>\n<col width=\"216\" \/><\/colgroup>\n<tbody>\n<tr>\n<td>Local<\/td>\n<td>Data\/Hora<\/td>\n<td>T\u00edtulo da Atividade<\/td>\n<td>Atividade<\/td>\n<td>T\u00edtulo da Apresenta\u00e7\u00e3o<\/td>\n<td>Palestrantes<\/td>\n<\/tr>\n<tr>\n<td colspan=\"1\" rowspan=\"8\">\n<div>SALA 4<\/div>\n<\/td>\n<td colspan=\"1\" rowspan=\"3\">\n<div>27\/10\/2025 \u00e0s 13:00<\/div>\n<\/td>\n<td colspan=\"1\" rowspan=\"3\">\n<div>Novas possibilidades para o Ensino de Microbiologia<\/div>\n<\/td>\n<td colspan=\"1\" rowspan=\"3\">\n<div>Mesa redonda<\/div>\n<\/td>\n<td>1) Aprendizado Baseada em Projetos<\/td>\n<td>Rafael Ciro Marques Cavalcante<\/td>\n<\/tr>\n<tr>\n<td>2) Intelig\u00eancia Artificial para o Ensino de Microbiologia: Conecta#Adote<\/td>\n<td>Ana Carolina Ramos Moreno<\/td>\n<\/tr>\n<tr>\n<td>3) IA na Pr\u00e1tica: Usando o Teachable Machine para Identificar Microrganismos e Ensinar Microbiologia de Forma Interativa<\/td>\n<td>M\u00e1rcio Luis Moreira de Souza<\/td>\n<\/tr>\n<tr>\n<td>27\/10\/2025 \u00e0s 15:00<\/td>\n<td><\/td>\n<td>Palestra<\/td>\n<td>A\u00e7\u00f5es de Ensino e Extens\u00e3o sobre Mudan\u00e7as Clim\u00e1ticas e Sa\u00fade<\/td>\n<td>Karla Tereza Silva Ribeiro<\/td>\n<\/tr>\n<tr>\n<td colspan=\"1\" rowspan=\"3\">\n<div>27\/10\/2025 \u00e0s 16:30<\/div>\n<\/td>\n<td colspan=\"1\" rowspan=\"3\">\n<div>Engajamento e interdisciplinaridade no ensino: desafios e possibilidades<\/div>\n<\/td>\n<td colspan=\"1\" rowspan=\"3\">\n<div>Mesa redonda<\/div>\n<\/td>\n<td>1) Engajamento e interdisciplinaridade no ensino: desafios e possibilidades<\/td>\n<td>F\u00e1bio Alessandro Pieri<\/td>\n<\/tr>\n<tr>\n<td>2) Vale nota? um caminho poss\u00edvel para engajar os alunos.<\/td>\n<td>Alexandre Louren\u00e7o<\/td>\n<\/tr>\n<tr>\n<td>3) Extens\u00e3o, Divulga\u00e7\u00e3o Cient\u00edfica e Ensino de Microbiologia: Que\u00a0Trisal\u00a0\u00e9\u00a0Esse?<\/td>\n<td>Jorge Luiz Fortuna<\/td>\n<\/tr>\n<tr>\n<td>27\/10\/2025 \u00e0s 18:00<\/td>\n<td><\/td>\n<td>Roda de Conversa<\/td>\n<td>Compartilhando Saberes: roda de conversa sobre ensino de microbiologia<\/td>\n<td>Bruno Severo Gomes<\/td>\n<\/tr>\n<tr>\n<td colspan=\"1\" rowspan=\"4\">\n<div><\/div>\n<\/td>\n<td colspan=\"1\" rowspan=\"4\">\n<div>26\/10\/2025 &#8211; 08:00h \u00e0s 12:00h<\/div>\n<\/td>\n<td colspan=\"1\" rowspan=\"4\">\n<div><\/div>\n<\/td>\n<td colspan=\"1\" rowspan=\"4\">\n<div>Curso<\/div>\n<\/td>\n<td colspan=\"1\" rowspan=\"4\">\n<div>Projeto #Adote e a Educa\u00e7\u00e3o em Microbiologia: \u201cVacinas em Foco\u201d como Eixo de Divulga\u00e7\u00e3o Cient\u00edfica<\/div>\n<\/td>\n<td>Rita de C\u00e1ssia Caf\u00e9 Ferreira<\/td>\n<\/tr>\n<tr>\n<td>F\u00e1bio Alessandro Pieri<\/td>\n<\/tr>\n<tr>\n<td>Rafael Ciro Cavalcante<\/td>\n<\/tr>\n<tr>\n<td>Ana Carolina Ramos Moreno<\/td>\n<\/tr>\n<\/tbody>\n<\/table>\n<p>Posteres &#8211; Proposta no dia 26\/10\/2025 a noite<br \/>\nApresenta\u00e7\u00f5es orais e reuni\u00e3o de \u00e1rea &#8211; 27\/10\/2025 09:00h &#8211; 12h<\/p>\n","protected":false},"excerpt":{"rendered":"<p>Local Data\/Hora T\u00edtulo da Atividade Atividade T\u00edtulo da Apresenta\u00e7\u00e3o Palestrantes SALA 4 27\/10\/2025 \u00e0s 13:00 Novas possibilidades para o Ensino de Microbiologia Mesa redonda 1) Aprendizado Baseada em Projetos Rafael Ciro Marques Cavalcante 2) Intelig\u00eancia Artificial para o Ensino de Microbiologia: Conecta#Adote Ana Carolina Ramos Moreno 3) IA na Pr\u00e1tica: Usando o Teachable Machine para [&hellip;]<\/p>\n","protected":false},"author":1,"featured_media":0,"parent":0,"menu_order":0,"comment_status":"closed","ping_status":"closed","template":"","meta":[],"_links":{"self":[{"href":"https:\/\/sbmicrobiologia.org.br\/33cbm2025\/wp-json\/wp\/v2\/pages\/478"}],"collection":[{"href":"https:\/\/sbmicrobiologia.org.br\/33cbm2025\/wp-json\/wp\/v2\/pages"}],"about":[{"href":"https:\/\/sbmicrobiologia.org.br\/33cbm2025\/wp-json\/wp\/v2\/types\/page"}],"author":[{"embeddable":true,"href":"https:\/\/sbmicrobiologia.org.br\/33cbm2025\/wp-json\/wp\/v2\/users\/1"}],"replies":[{"embeddable":true,"href":"https:\/\/sbmicrobiologia.org.br\/33cbm2025\/wp-json\/wp\/v2\/comments?post=478"}],"version-history":[{"count":4,"href":"https:\/\/sbmicrobiologia.org.br\/33cbm2025\/wp-json\/wp\/v2\/pages\/478\/revisions"}],"predecessor-version":[{"id":1131,"href":"https:\/\/sbmicrobiologia.org.br\/33cbm2025\/wp-json\/wp\/v2\/pages\/478\/revisions\/1131"}],"wp:attachment":[{"href":"https:\/\/sbmicrobiologia.org.br\/33cbm2025\/wp-json\/wp\/v2\/media?parent=478"}],"curies":[{"name":"wp","href":"https:\/\/api.w.org\/{rel}","templated":true}]}}