{"id":475,"date":"2025-05-13T17:20:31","date_gmt":"2025-05-13T20:20:31","guid":{"rendered":"https:\/\/sbmicrobiologia.org.br\/33cbm2025\/?page_id=475"},"modified":"2025-10-24T14:59:40","modified_gmt":"2025-10-24T17:59:40","slug":"area-colec%cc%a7a%cc%83o-de-culturas-e-taxonomia","status":"publish","type":"page","link":"https:\/\/sbmicrobiologia.org.br\/33cbm2025\/area-colec%cc%a7a%cc%83o-de-culturas-e-taxonomia\/","title":{"rendered":"A\u0301rea Colec\u0327a\u0303o de Culturas e Taxonomia"},"content":{"rendered":"<table dir=\"ltr\" border=\"1\" cellspacing=\"0\" cellpadding=\"0\" data-sheets-root=\"1\" data-sheets-baot=\"1\">\n<colgroup>\n<col width=\"52\" \/>\n<col width=\"83\" \/>\n<col width=\"199\" \/>\n<col width=\"71\" \/>\n<col width=\"316\" \/>\n<col width=\"177\" \/><\/colgroup>\n<tbody>\n<tr>\n<td>Local<\/td>\n<td>Data\/Hora<\/td>\n<td>T\u00edtulo da Atividade<\/td>\n<td>Atividade<\/td>\n<td>T\u00edtulo da Apresenta\u00e7\u00e3o<\/td>\n<td>Palestrantes<\/td>\n<\/tr>\n<tr>\n<td><\/td>\n<td>26\/10\/2025<br \/>\n\u00e0s 16h<\/td>\n<td>Reuni\u00e3o da \u00e1rea de Cole\u00e7\u00f5es de Culturas e Taxonomia<\/td>\n<td>Reuni\u00e3o<\/td>\n<td><\/td>\n<td>Chirlei Glienke e Aline Souto<\/td>\n<\/tr>\n<tr>\n<td colspan=\"1\" rowspan=\"10\">\n<div>SALA 3<\/div>\n<\/td>\n<td colspan=\"1\" rowspan=\"3\">\n<div>27\/10\/2025 \u00e0s 13:00<\/div>\n<\/td>\n<td colspan=\"1\" rowspan=\"3\">\n<div>Potencialidades das cole\u00e7\u00f5es microbiol\u00f3gicas para al\u00e9m da pesquisa e o desenvolvimento tecnol\u00f3gico<\/div>\n<\/td>\n<td colspan=\"1\" rowspan=\"3\">\n<div>Mesa redonda<\/div>\n<\/td>\n<td>1) Abordagem gen\u00f4mica em cole\u00e7\u00f5es biol\u00f3gicas: \u00e1n\u00e1lise filogen\u00e9tica e caracteriza\u00e7\u00e3o microrganismo por sequenciamento de nova gera\u00e7\u00e3o<\/td>\n<td>Gilvan Ferreira da Silva<\/td>\n<\/tr>\n<tr>\n<td>2) Cole\u00e7\u00f5es Biol\u00f3gicas: Um Portal para o Conhecimento e a Divulga\u00e7\u00e3o Cient\u00edfica<\/td>\n<td>Simone Quinelato Bezerra<\/td>\n<\/tr>\n<tr>\n<td>3) Biobancos microbianos: pilares essenciais para inova\u00e7\u00e3o e desenvolvimento da bioeconomia<\/td>\n<td>Lara Dur\u00e3es Sette<\/td>\n<\/tr>\n<tr>\n<td>27\/10\/2025 \u00e0s 14:30<\/td>\n<td><\/td>\n<td>Palestra<\/td>\n<td>Gest\u00e3o de Cole\u00e7\u00f5es microbiol\u00f3gicas: Desafios e oportunidades<\/td>\n<td>Marcelo Pelajo Machado<\/td>\n<\/tr>\n<tr>\n<td colspan=\"1\" rowspan=\"2\">\n<div>27\/10\/2025<br \/>\n\u00e0s 15:30<\/div>\n<\/td>\n<td colspan=\"1\" rowspan=\"2\">\n<div>Cat\u00e1logo\u00a0da Vida do Brasil: sonho ou realidade?<\/div>\n<\/td>\n<td colspan=\"1\" rowspan=\"2\">\n<div>Mesa<br \/>\nredonda<\/div>\n<\/td>\n<td>1) Cat\u00e1logo Fauna e Funga do Brasil<\/td>\n<td>Domingos Ben\u00edcio Oliveira Silva Cardoso<\/td>\n<\/tr>\n<tr>\n<td>2) Cat\u00e1logo Bacteria e Archaea do Brasil<\/td>\n<td>Marinella Silva Laport<\/td>\n<\/tr>\n<tr>\n<td colspan=\"1\" rowspan=\"3\">\n<div>27\/10\/2025 \u00e0s 16:30<\/div>\n<\/td>\n<td colspan=\"1\" rowspan=\"3\">\n<div>Protocolo Nagoia no contexto das cole\u00e7\u00f5es microbiol\u00f3gicas<\/div>\n<\/td>\n<td colspan=\"1\" rowspan=\"3\">\n<div>Mesa redonda<\/div>\n<\/td>\n<td>1) A exig\u00eancia de associa\u00e7\u00e3o de estrangeiros para acesso ao PG brasileiro e o problema da descri\u00e7\u00e3o de esp\u00e9cies microbianas no Brasil<\/td>\n<td>Chirlei Glienke<\/td>\n<\/tr>\n<tr>\n<td>2) M\u00f3dulo SisGen para estrangeiros e a Rede de Parceiros da Biodiversidade Brasileira (PRBio)<\/td>\n<td>Chirlei Glienke e Manuela da Silva<\/td>\n<\/tr>\n<tr>\n<td>3) O processo internacional envolvendo Informa\u00e7\u00f5es de Sequ\u00eancias Digitais e o impacto nas pesquisas acad\u00eamicas<\/td>\n<td>Manuela da Silva<\/td>\n<\/tr>\n<tr>\n<td>27\/10\/2025 \u00e0s 18:00<\/td>\n<td><\/td>\n<td>Palestra<\/td>\n<td>Microbiological Collections of Paran\u00e1 Network (CMRP\/Taxonline): From Conservation to Innovation<\/td>\n<td>Vania Aparecida Vicente<\/td>\n<\/tr>\n<\/tbody>\n<\/table>\n","protected":false},"excerpt":{"rendered":"<p>Local Data\/Hora T\u00edtulo da Atividade Atividade T\u00edtulo da Apresenta\u00e7\u00e3o Palestrantes 26\/10\/2025 \u00e0s 16h Reuni\u00e3o da \u00e1rea de Cole\u00e7\u00f5es de Culturas e Taxonomia Reuni\u00e3o Chirlei Glienke e Aline Souto SALA 3 27\/10\/2025 \u00e0s 13:00 Potencialidades das cole\u00e7\u00f5es microbiol\u00f3gicas para al\u00e9m da pesquisa e o desenvolvimento tecnol\u00f3gico Mesa redonda 1) Abordagem gen\u00f4mica em cole\u00e7\u00f5es biol\u00f3gicas: \u00e1n\u00e1lise filogen\u00e9tica [&hellip;]<\/p>\n","protected":false},"author":1,"featured_media":0,"parent":0,"menu_order":0,"comment_status":"closed","ping_status":"closed","template":"","meta":[],"_links":{"self":[{"href":"https:\/\/sbmicrobiologia.org.br\/33cbm2025\/wp-json\/wp\/v2\/pages\/475"}],"collection":[{"href":"https:\/\/sbmicrobiologia.org.br\/33cbm2025\/wp-json\/wp\/v2\/pages"}],"about":[{"href":"https:\/\/sbmicrobiologia.org.br\/33cbm2025\/wp-json\/wp\/v2\/types\/page"}],"author":[{"embeddable":true,"href":"https:\/\/sbmicrobiologia.org.br\/33cbm2025\/wp-json\/wp\/v2\/users\/1"}],"replies":[{"embeddable":true,"href":"https:\/\/sbmicrobiologia.org.br\/33cbm2025\/wp-json\/wp\/v2\/comments?post=475"}],"version-history":[{"count":5,"href":"https:\/\/sbmicrobiologia.org.br\/33cbm2025\/wp-json\/wp\/v2\/pages\/475\/revisions"}],"predecessor-version":[{"id":1119,"href":"https:\/\/sbmicrobiologia.org.br\/33cbm2025\/wp-json\/wp\/v2\/pages\/475\/revisions\/1119"}],"wp:attachment":[{"href":"https:\/\/sbmicrobiologia.org.br\/33cbm2025\/wp-json\/wp\/v2\/media?parent=475"}],"curies":[{"name":"wp","href":"https:\/\/api.w.org\/{rel}","templated":true}]}}