{"id":468,"date":"2025-05-13T16:59:18","date_gmt":"2025-05-13T19:59:18","guid":{"rendered":"https:\/\/sbmicrobiologia.org.br\/33cbm2025\/?page_id=468"},"modified":"2025-10-20T12:19:59","modified_gmt":"2025-10-20T15:19:59","slug":"area-ambiental","status":"publish","type":"page","link":"https:\/\/sbmicrobiologia.org.br\/33cbm2025\/area-ambiental\/","title":{"rendered":"A\u0301rea Ambiental"},"content":{"rendered":"<table dir=\"ltr\" border=\"1\" cellspacing=\"0\" cellpadding=\"0\" data-sheets-root=\"1\" data-sheets-baot=\"1\">\n<colgroup>\n<col width=\"73\" \/>\n<col width=\"74\" \/>\n<col width=\"199\" \/>\n<col width=\"71\" \/>\n<col width=\"335\" \/>\n<col width=\"257\" \/><\/colgroup>\n<tbody>\n<tr>\n<td>Local<\/td>\n<td>Data\/Hora<\/td>\n<td>T\u00edtulo da Atividade<\/td>\n<td>Atividade<\/td>\n<td>T\u00edtulo da Apresenta\u00e7\u00e3o<\/td>\n<td>Palestrantes<\/td>\n<\/tr>\n<tr>\n<td colspan=\"1\" rowspan=\"11\">\n<div>SALA 4<\/div>\n<\/td>\n<td colspan=\"1\" rowspan=\"4\">\n<div>26\/10\/2025 \u00e0s 13:00<\/div>\n<\/td>\n<td colspan=\"1\" rowspan=\"4\">\n<div>Modelos, predi\u00e7\u00f5es e redes microbianas<\/div>\n<\/td>\n<td colspan=\"1\" rowspan=\"4\">\n<div>Mesa Redonda<\/div>\n<\/td>\n<td>1) Expand Your Toolbox: Machine Learning for Decoding Microbial Ecology\u2019s Complex Data<\/td>\n<td>Gustavo Fernandes Camargo Fonseca<\/td>\n<\/tr>\n<tr>\n<td>2) Microbioma Planct\u00f4nico da Bacia de Santos:Din\u00e2mica, Diversidade\u00a0e\u00a0Ecogen\u00f4mica<\/td>\n<td>Natascha Menezes Bergo<\/td>\n<\/tr>\n<tr>\n<td>3) Biodiversidade microbiana e mudan\u00e7as clim\u00e1ticas<\/td>\n<td>Pedro Milet Meirelles<\/td>\n<\/tr>\n<tr>\n<td>4) Ecologia Microbiana em lagoas costeiras do RS<\/td>\n<td>Ng Haig They<\/td>\n<\/tr>\n<tr>\n<td>26\/10\/2025 \u00e0s 15:00<\/td>\n<td><\/td>\n<td>Palestra<\/td>\n<td>Impact of climate change on tropical freshwater ecosystems: what can microbiomes tell us?<\/td>\n<td>Dra. Val\u00e9ria Maia Merzel<\/td>\n<\/tr>\n<tr>\n<td colspan=\"1\" rowspan=\"5\">\n<div>26\/10\/2025 \u00e0s 16:30<\/div>\n<\/td>\n<td colspan=\"1\" rowspan=\"5\">\n<div>Apresenta\u00e7\u00e3o trabalhos orais selecionados<\/div>\n<\/td>\n<td colspan=\"1\" rowspan=\"5\">\n<div>Apresenta\u00e7\u00e3o de trabalhos<\/div>\n<\/td>\n<td>204\/1295-0 Mobilome of the newly discovered active hydrothermal vents in the Red Sea<\/td>\n<td>J\u00fania Schultz, Sharifah Altalhi, Ant\u00f4nio Pedro Camargo, Nikos C. Kyrpides, Alexandre Soares Rosado<\/td>\n<\/tr>\n<tr>\n<td>204\/1539-0 Soil Fungal Diversity and Functional Profiles in Two Contrasting Antarctic Environments<\/td>\n<td>Camila Kessler, Marahia Isabel Guevara Robayo, Luiz Henrique Rosa, Michel Rodrigo Zambrano Passarini<\/td>\n<\/tr>\n<tr>\n<td>204\/1885-0 Unveiling the Role of Archaea in the Rare Biosphere: Potential Keystone Taxa in Ecosystem Dynamics in Len\u00e7\u00f3is Maranhenses National Park<\/td>\n<td>Ana Carolina de Ara\u00fajo Butarelli , Francielli Vilela Peres, Leonardo Dall\u2019Agnol, Emanuelle Costa Ramos, Ulisses Denache, Renato Romano, Fl\u00favio Modolon da Silva, Vivian Helena Pellizari<\/td>\n<\/tr>\n<tr>\n<td>204\/2633-0 Evaluation and prediction of Reactive Black B adsorption by Cladosporium cladosporioides biomass using artificial neural networks<\/td>\n<td>Eduardo Beraldo de Morais, Rossean Golin, Kezya dos Santos Nogueira, Manoel Marcos Santiago Nassarden, Renata Gabriele da Silva Barros<\/td>\n<\/tr>\n<tr>\n<td>204\/3153-0 Urbanization drives gut microbiota divergence: insights from metagenomic profiling of traditional and urban populations<\/td>\n<td>Lucas Amoroso Lopes de Carvalho, Maarten Ciers, Marie Thorp, Chris Callewaert, David Good, Emma Allen-Vercoe, Lars Vereecke, Luciana Campos Paulino<\/td>\n<\/tr>\n<tr>\n<td>26\/10\/2025 \u00e0s 18:00<\/td>\n<td><\/td>\n<td>Palestra<\/td>\n<td>A thawing Arctic: how climate change impacts aquatic fungal communities from permafrost\u00a0ponds<\/td>\n<td>Mariana Kluge<\/td>\n<\/tr>\n<tr>\n<td><\/td>\n<td><\/td>\n<td><\/td>\n<td><\/td>\n<td><\/td>\n<td><\/td>\n<\/tr>\n<tr>\n<td colspan=\"1\" rowspan=\"9\">\n<div>SALA 2<\/div>\n<\/td>\n<td colspan=\"1\" rowspan=\"3\">\n<div>27\/10\/2025 \u00e0s 13:00<\/div>\n<\/td>\n<td colspan=\"1\" rowspan=\"3\">\n<div>Intera\u00e7\u00f5es microbianas<\/div>\n<\/td>\n<td colspan=\"1\" rowspan=\"3\">\n<div>Mesa redonda<\/div>\n<\/td>\n<td>1) Abelhas sem ferr\u00e3o e seus parceiros microbianos: desafios para a conserva\u00e7\u00e3o e o manejo sustent\u00e1vel<\/td>\n<td>T\u00e1ssio Brito de Oliveira<\/td>\n<\/tr>\n<tr>\n<td>2) Interatoma do ciclo do metano em ambientes de \u00e1gua doce<\/td>\n<td>Cristina Rossi Nakayama<\/td>\n<\/tr>\n<tr>\n<td>3) Stochastic forces prevail: Assembly of dominant and rare bacteria in planktonic and periphytic lake habitats.<\/td>\n<td>Karine Felix Ribeiro<\/td>\n<\/tr>\n<tr>\n<td>27\/10\/2025 \u00e0s 15:00<\/td>\n<td><\/td>\n<td>Palestra<\/td>\n<td>A vida na escurid\u00e3o: buscando extremofilos em subsuperficies terrestres e marinhas do Brasil como novos modelos para evolu\u00e7\u00e3o\u00a0e\u00a0astrobiologia<\/td>\n<td>Amanda Bendia<\/td>\n<\/tr>\n<tr>\n<td colspan=\"1\" rowspan=\"3\">\n<div>27\/10\/2025 \u00e0s 16:30<\/div>\n<\/td>\n<td colspan=\"1\" rowspan=\"3\">\n<div>Fronteiras da microbiologia ambiental<\/div>\n<\/td>\n<td colspan=\"1\" rowspan=\"3\">\n<div>Mesa redonda<\/div>\n<\/td>\n<td>1) A plastisfera em ambientes costeiros\u00a0do sul do Brasil<\/td>\n<td>Renata Medina<\/td>\n<\/tr>\n<tr>\n<td>2) Metavir\u00f4mica aplicada \u00e0 ecologia microbiana<\/td>\n<td>Lucymara Fassarella Agnez Lima<\/td>\n<\/tr>\n<tr>\n<td>3) Enterococos tolerantes a metais pesados isolados de aves marinhas no Arquip\u00e9lago de<br \/>\nAbrolhos como bioindicadores da polui\u00e7\u00e3o ambiental<\/td>\n<td>Ana Palua Frazzon<\/td>\n<\/tr>\n<tr>\n<td>27\/10\/2025 \u00e0s 18:00<\/td>\n<td>REUNI\u00c3O DE \u00c1REA &#8211; MICROBIOLOGIA AMBIENTAL<\/td>\n<td>Reuni\u00e3o de \u00e1rea<\/td>\n<td><\/td>\n<td><\/td>\n<\/tr>\n<tr>\n<td><\/td>\n<td><\/td>\n<td><\/td>\n<td><\/td>\n<td><\/td>\n<\/tr>\n<\/tbody>\n<\/table>\n","protected":false},"excerpt":{"rendered":"<p>Local Data\/Hora T\u00edtulo da Atividade Atividade T\u00edtulo da Apresenta\u00e7\u00e3o Palestrantes SALA 4 26\/10\/2025 \u00e0s 13:00 Modelos, predi\u00e7\u00f5es e redes microbianas Mesa Redonda 1) Expand Your Toolbox: Machine Learning for Decoding Microbial Ecology\u2019s Complex Data Gustavo Fernandes Camargo Fonseca 2) Microbioma Planct\u00f4nico da Bacia de Santos:Din\u00e2mica, Diversidade\u00a0e\u00a0Ecogen\u00f4mica Natascha Menezes Bergo 3) Biodiversidade microbiana e mudan\u00e7as clim\u00e1ticas [&hellip;]<\/p>\n","protected":false},"author":1,"featured_media":0,"parent":0,"menu_order":0,"comment_status":"closed","ping_status":"closed","template":"","meta":[],"_links":{"self":[{"href":"https:\/\/sbmicrobiologia.org.br\/33cbm2025\/wp-json\/wp\/v2\/pages\/468"}],"collection":[{"href":"https:\/\/sbmicrobiologia.org.br\/33cbm2025\/wp-json\/wp\/v2\/pages"}],"about":[{"href":"https:\/\/sbmicrobiologia.org.br\/33cbm2025\/wp-json\/wp\/v2\/types\/page"}],"author":[{"embeddable":true,"href":"https:\/\/sbmicrobiologia.org.br\/33cbm2025\/wp-json\/wp\/v2\/users\/1"}],"replies":[{"embeddable":true,"href":"https:\/\/sbmicrobiologia.org.br\/33cbm2025\/wp-json\/wp\/v2\/comments?post=468"}],"version-history":[{"count":14,"href":"https:\/\/sbmicrobiologia.org.br\/33cbm2025\/wp-json\/wp\/v2\/pages\/468\/revisions"}],"predecessor-version":[{"id":1063,"href":"https:\/\/sbmicrobiologia.org.br\/33cbm2025\/wp-json\/wp\/v2\/pages\/468\/revisions\/1063"}],"wp:attachment":[{"href":"https:\/\/sbmicrobiologia.org.br\/33cbm2025\/wp-json\/wp\/v2\/media?parent=468"}],"curies":[{"name":"wp","href":"https:\/\/api.w.org\/{rel}","templated":true}]}}