{"id":23,"date":"2024-11-06T18:01:11","date_gmt":"2024-11-06T21:01:11","guid":{"rendered":"https:\/\/sbmicrobiologia.org.br\/33cbm2025\/?page_id=23"},"modified":"2025-07-31T10:29:18","modified_gmt":"2025-07-31T13:29:18","slug":"datas-e-prazos","status":"publish","type":"page","link":"https:\/\/sbmicrobiologia.org.br\/33cbm2025\/datas-e-prazos\/","title":{"rendered":"Datas e prazos"},"content":{"rendered":"\t\t<div data-elementor-type=\"wp-page\" data-elementor-id=\"23\" class=\"elementor elementor-23\">\n\t\t\t\t\t\t<section class=\"elementor-section elementor-top-section elementor-element elementor-element-0177576 elementor-section-boxed elementor-section-height-default elementor-section-height-default\" data-id=\"0177576\" data-element_type=\"section\">\n\t\t\t\t\t\t<div class=\"elementor-container elementor-column-gap-default\">\n\t\t\t\t\t<div class=\"elementor-column elementor-col-100 elementor-top-column elementor-element elementor-element-0ecb0d5\" data-id=\"0ecb0d5\" data-element_type=\"column\">\n\t\t\t<div class=\"elementor-widget-wrap elementor-element-populated\">\n\t\t\t\t\t\t<div class=\"elementor-element elementor-element-f5c10ba pp-table-center elementor-widget elementor-widget-pp-table\" data-id=\"f5c10ba\" data-element_type=\"widget\" data-settings=\"{&quot;table_type&quot;:&quot;responsive&quot;}\" data-widget_type=\"pp-table.default\">\n\t\t\t\t<div class=\"elementor-widget-container\">\n\t\t\t\t\t<div class=\"pp-table-container\">\n\t\t\t<table \n\t\t\tclass=\"pp-table tablesaw\" data-tablesaw-mode=\"stack\"\t\t\t\t>\n\t\t\t\t\t\t\t<colgroup>\n\t\t\t\t\t\t\t\t<col\n\t\t\t\t\tspan=\"1\"\n\t\t\t\t\tclass=\"elementor-repeater-item-9565e18\"\n\t\t\t\t\t\t\t\t\t\t\tstyle=\"\n\t\t\t\t\t\t\t\t\t\t\t\t\t\t\t\t\t\t\t\t\"\n\t\t\t\t\t\t\t\t\t\t>\n\t\t\t\t\t\t\t<\/colgroup>\n\t\t\t\t\t\t<thead>\n\t\t\t\t<tr class=\"pp-table-row\">\n\t\t\t\t\t<th class=\"pp-table-cell pp-table-cell-95845e4\"><span class=\"pp-table-cell-content\"><span class=\"pp-table-cell-text\">Data<\/span><\/span><\/th><th class=\"pp-table-cell pp-table-cell-bfe68b4\"><span class=\"pp-table-cell-content\"><span class=\"pp-table-cell-text\">&nbsp;<\/span><\/span><\/th>\t\t\t\t<\/tr>\n\t\t\t<\/thead>\n\t\t\t\t\t<tfoot>\n\t\t\t<\/tr>\t\t<\/tfoot>\n\t\t\t\t<tbody>\n\t\t\t<tr ><td class=\"pp-table-cell pp-table-cell-5d03872\"><span class=\"pp-table-cell-content\"><span class=\"pp-table-cell-text\">01\/10\/2024 a 19\/11\/2024<\/span><\/span><\/td><td class=\"pp-table-cell pp-table-cell-6990eac\"><span class=\"pp-table-cell-content\"><span class=\"pp-table-cell-text\">Pr\u00e9-venda de Inscri\u00e7\u00f5es online com valor de lan\u00e7amento, permitido pagamento via PIX ou cart\u00e3o de cr\u00e9dito em duas vezes sem juros.<\/span><\/span><\/td><\/tr><tr ><td class=\"pp-table-cell pp-table-cell-3c5cc3a\"><span class=\"pp-table-cell-content\"><span class=\"pp-table-cell-text\">01\/02\/2025<\/span><\/span><\/td><td class=\"pp-table-cell pp-table-cell-31e3e35\"><span class=\"pp-table-cell-content\"><span class=\"pp-table-cell-text\">Inscri\u00e7\u00f5es online e submiss\u00e3o dos resumos.<\/span><\/span><\/td><\/tr><tr ><td class=\"pp-table-cell pp-table-cell-1ba1aeb\"><span class=\"pp-table-cell-content\"><span class=\"pp-table-cell-text\">A partir de 01\/02\/2025<\/span><\/span><\/td><td class=\"pp-table-cell pp-table-cell-cc73285\"><span class=\"pp-table-cell-content\"><span class=\"pp-table-cell-text\">Inscri\u00e7\u00f5es online (pagamento atrav\u00e9s de Pix e cart\u00e3o de cr\u00e9dito em duas vezes sem juros).<\/span><\/span><\/td><\/tr><tr ><td class=\"pp-table-cell pp-table-cell-8b5e4f4\"><span class=\"pp-table-cell-content\"><span class=\"pp-table-cell-text\">31\/07\/2025 \u00e0s 23h59m<br><small> (hor\u00e1rio de Bras\u00edlia)<\/small><\/span><\/span><\/td><td class=\"pp-table-cell pp-table-cell-6a3eae0\"><span class=\"pp-table-cell-content\"><span class=\"pp-table-cell-text\">Prazo final para submiss\u00e3o dos Resumos.\n\n<\/span><\/span><\/td><\/tr><tr ><td class=\"pp-table-cell pp-table-cell-324266e\"><span class=\"pp-table-cell-content\"><span class=\"pp-table-cell-text\">24\/08\/2025 a 20\/09\/2025<\/span><\/span><\/td><td class=\"pp-table-cell pp-table-cell-17e5418\"><span class=\"pp-table-cell-content\"><span class=\"pp-table-cell-text\">Previs\u00e3o para divulga\u00e7\u00e3o dos aceites<\/span><\/span><\/td><\/tr><tr ><td class=\"pp-table-cell pp-table-cell-bbc37c3\"><span class=\"pp-table-cell-content\"><span class=\"pp-table-cell-text\">30\/09\/2025<\/span><\/span><\/td><td class=\"pp-table-cell pp-table-cell-07d07bf\"><span class=\"pp-table-cell-content\"><span class=\"pp-table-cell-text\">Termina o prazo das inscri\u00e7\u00f5es com valores promocionais.<\/span><\/span><\/td><\/tr><tr ><td class=\"pp-table-cell pp-table-cell-f887662\"><span class=\"pp-table-cell-content\"><span class=\"pp-table-cell-text\">30\/09\/2025<\/span><\/span><\/td><td class=\"pp-table-cell pp-table-cell-eb8817c\"><span class=\"pp-table-cell-content\"><span class=\"pp-table-cell-text\">Inscri\u00e7\u00f5es com envio de resumos n\u00e3o pagas at\u00e9 esta data ter\u00e3o seus resumos cancelados sem pr\u00e9vio aviso.<\/span><\/span><\/td><\/tr><tr ><td class=\"pp-table-cell pp-table-cell-cb04525\"><span class=\"pp-table-cell-content\"><span class=\"pp-table-cell-text\">30\/09\/2025<\/span><\/span><\/td><td class=\"pp-table-cell pp-table-cell-d62f6bf\"><span class=\"pp-table-cell-content\"><span class=\"pp-table-cell-text\">T\u00e9rmino do prazo das inscri\u00e7\u00f5es online.<\/span><\/span><\/td><\/tr><tr ><td class=\"pp-table-cell pp-table-cell-a107de3\"><span class=\"pp-table-cell-content\"><span class=\"pp-table-cell-text\">01\/10\/2025 a 04\/10\/2025<\/span><\/span><\/td><td class=\"pp-table-cell pp-table-cell-a06d48d\"><span class=\"pp-table-cell-content\"><span class=\"pp-table-cell-text\">Permitido efetuar inscri\u00e7\u00e3o com pagamento no local do evento.\n\n<\/span><\/span><\/td><\/tr>\t\t<\/tbody>\n\t\t\t\t\t<\/table>\n\t\t<\/div>\n\t\t\t\t<\/div>\n\t\t\t\t<\/div>\n\t\t\t\t<div class=\"elementor-element elementor-element-e12a59d elementor-widget elementor-widget-text-editor\" data-id=\"e12a59d\" data-element_type=\"widget\" data-widget_type=\"text-editor.default\">\n\t\t\t\t<div class=\"elementor-widget-container\">\n\t\t\t<style>\/*! elementor - v3.21.0 - 18-04-2024 *\/\n.elementor-widget-text-editor.elementor-drop-cap-view-stacked .elementor-drop-cap{background-color:#69727d;color:#fff}.elementor-widget-text-editor.elementor-drop-cap-view-framed .elementor-drop-cap{color:#69727d;border:3px solid;background-color:transparent}.elementor-widget-text-editor:not(.elementor-drop-cap-view-default) .elementor-drop-cap{margin-top:8px}.elementor-widget-text-editor:not(.elementor-drop-cap-view-default) .elementor-drop-cap-letter{width:1em;height:1em}.elementor-widget-text-editor .elementor-drop-cap{float:left;text-align:center;line-height:1;font-size:50px}.elementor-widget-text-editor .elementor-drop-cap-letter{display:inline-block}<\/style>\t\t\t\t<p><strong>CANCELAMENTO DE INSCRI\u00c7\u00c3O:<\/strong><br \/>A solicita\u00e7\u00e3o dever\u00e1 ser encaminhada ao e-mail\u00a0<a href=\"mailto:financeiro@sbmicrobiologia.org.br\">financeiro@sbmicrobiologia.org.br<\/a>\u00a0at\u00e9 o dia\u00a0<strong>01\/09\/2025<\/strong>, informando o n\u00famero da inscri\u00e7\u00e3o, o nome completo do inscrito e os dados para dep\u00f3sito em conta corrente.<\/p><p>Ser\u00e3o restitu\u00eddos\u00a0<strong>70% (setenta por cento)<\/strong>\u00a0do valor da inscri\u00e7\u00e3o, descontadas as taxas operacionais e banc\u00e1rias.<\/p><p>As devolu\u00e7\u00f5es ser\u00e3o efetuadas entre os dias 06 e 10 de novembro de 2025.<\/p><p>Quaisquer outras informa\u00e7\u00f5es:\u00a0<a href=\"mailto:financeiro@sbmicrobiologia.org.br\">financeiro@sbmicrobiologia.org.br<\/a><\/p>\t\t\t\t\t\t<\/div>\n\t\t\t\t<\/div>\n\t\t\t\t\t<\/div>\n\t\t<\/div>\n\t\t\t\t\t<\/div>\n\t\t<\/section>\n\t\t\t\t<\/div>\n\t\t","protected":false},"excerpt":{"rendered":"<p>Data &nbsp; 01\/10\/2024 a 19\/11\/2024 Pr\u00e9-venda de Inscri\u00e7\u00f5es online com valor de lan\u00e7amento, permitido pagamento via PIX ou cart\u00e3o de cr\u00e9dito em duas vezes sem juros. 01\/02\/2025 Inscri\u00e7\u00f5es online e submiss\u00e3o dos resumos. A partir de 01\/02\/2025 Inscri\u00e7\u00f5es online (pagamento atrav\u00e9s de Pix e cart\u00e3o de cr\u00e9dito em duas vezes sem juros). 31\/07\/2025 \u00e0s 23h59m [&hellip;]<\/p>\n","protected":false},"author":1,"featured_media":0,"parent":0,"menu_order":0,"comment_status":"closed","ping_status":"closed","template":"","meta":[],"_links":{"self":[{"href":"https:\/\/sbmicrobiologia.org.br\/33cbm2025\/wp-json\/wp\/v2\/pages\/23"}],"collection":[{"href":"https:\/\/sbmicrobiologia.org.br\/33cbm2025\/wp-json\/wp\/v2\/pages"}],"about":[{"href":"https:\/\/sbmicrobiologia.org.br\/33cbm2025\/wp-json\/wp\/v2\/types\/page"}],"author":[{"embeddable":true,"href":"https:\/\/sbmicrobiologia.org.br\/33cbm2025\/wp-json\/wp\/v2\/users\/1"}],"replies":[{"embeddable":true,"href":"https:\/\/sbmicrobiologia.org.br\/33cbm2025\/wp-json\/wp\/v2\/comments?post=23"}],"version-history":[{"count":33,"href":"https:\/\/sbmicrobiologia.org.br\/33cbm2025\/wp-json\/wp\/v2\/pages\/23\/revisions"}],"predecessor-version":[{"id":588,"href":"https:\/\/sbmicrobiologia.org.br\/33cbm2025\/wp-json\/wp\/v2\/pages\/23\/revisions\/588"}],"wp:attachment":[{"href":"https:\/\/sbmicrobiologia.org.br\/33cbm2025\/wp-json\/wp\/v2\/media?parent=23"}],"curies":[{"name":"wp","href":"https:\/\/api.w.org\/{rel}","templated":true}]}}