{"id":21,"date":"2024-11-06T18:00:35","date_gmt":"2024-11-06T21:00:35","guid":{"rendered":"https:\/\/sbmicrobiologia.org.br\/33cbm2025\/?page_id=21"},"modified":"2025-05-15T11:44:32","modified_gmt":"2025-05-15T14:44:32","slug":"valores","status":"publish","type":"page","link":"https:\/\/sbmicrobiologia.org.br\/33cbm2025\/valores\/","title":{"rendered":"Valores"},"content":{"rendered":"<p><strong>FORMAS DE PARTICIPA\u00c7\u00c3O<\/strong><\/p>\n<p>As categorias de inscri\u00e7\u00e3o est\u00e3o dispostas em <strong>S\u00f3cios SBM<\/strong> ou <strong>N\u00c3O S\u00d3CIOS<\/strong>.<\/p>\n<p>Junto ao <strong>33\u00ba CBM<\/strong> acontecer\u00e1 o <strong>Food Micro Latino 2025<\/strong>, evento de Microbiologia de Alimentos.<\/p>\n<p>Todos os inscritos no Food Micro Latino 2025 precisam estar inscritos no 33\u00ba CBM.<\/p>\n<p><strong>INSCRI\u00c7\u00d5ES<\/strong><\/p>\n<div style=\"overflow-x: auto;\">\n<table>\n<thead>\n<tr>\n<th>1. S\u00d3CIO SBM<\/th>\n<th>1\u00ba PRAZO<br \/>\n30\/04\/2025<\/th>\n<th>2\u00ba PRAZO<br \/>\n30\/06\/2025<\/th>\n<th>3\u00ba PRAZO<br \/>\n30\/09\/2025<\/th>\n<th>4\u00ba PRAZO<br \/>\n04\/10\/2025<\/th>\n<\/tr>\n<\/thead>\n<tbody>\n<tr>\n<td>1.1 ALUNO DE GRADUA\u00c7\u00c3O &#8211; S\u00d3CIO SBM<\/td>\n<td>R$ 450,00<\/td>\n<td>R$ 505,00<\/td>\n<td>R$ 560,00<\/td>\n<td>R$ 615,00<\/td>\n<\/tr>\n<tr>\n<td>1.2 ALUNO DE P\u00d3S-GRADUA\u00c7\u00c3O (Mestrado\/Doutorado) &#8211; S\u00d3CIO SBM<\/td>\n<td>R$ 580,00<\/td>\n<td>R$ 635,00<\/td>\n<td>R$ 690,00<\/td>\n<td>R$ 745,00<\/td>\n<\/tr>\n<tr>\n<td>1.3 P\u00d3S-DOUTORANDO &#8211; S\u00d3CIO SBM<\/td>\n<td>R$ 630,00<\/td>\n<td>R$ 685,00<\/td>\n<td>R$ 740,00<\/td>\n<td>R$ 795,00<\/td>\n<\/tr>\n<tr>\n<td>1.4 PROFISSIONAL &#8211; S\u00d3CIO SBM<\/td>\n<td>R$ 700,00<\/td>\n<td>R$ 800,00<\/td>\n<td>R$ 900,00<\/td>\n<td>R$ 1.000,00<\/td>\n<\/tr>\n<\/tbody>\n<\/table>\n<\/div>\n<div style=\"overflow-x: auto;\">\n<table>\n<thead>\n<tr>\n<th>2. N\u00c3O S\u00d3CIO<\/th>\n<th>1\u00ba PRAZO<br \/>\n30\/04\/2025<\/th>\n<th>2\u00ba PRAZO<br \/>\n30\/06\/2025<\/th>\n<th>3\u00ba PRAZO<br \/>\n30\/09\/2025<\/th>\n<th>4\u00ba PRAZO<br \/>\n04\/10\/2025<\/th>\n<\/tr>\n<\/thead>\n<tbody>\n<tr>\n<td>2.1 ALUNO DE GRADUA\u00c7\u00c3O &#8211; N\u00c3O S\u00d3CIO<\/td>\n<td>R$ 550,00<\/td>\n<td>R$ 605,00<\/td>\n<td>R$ 660,00<\/td>\n<td>R$ 715,00<\/td>\n<\/tr>\n<tr>\n<td>2.2 ALUNO DE P\u00d3S-GRADUA\u00c7\u00c3O (Mestrado\/Doutorado) &#8211; N\u00c3O S\u00d3CIO<\/td>\n<td>R$ 760,00<\/td>\n<td>R$ 815,00<\/td>\n<td>R$ 870,00<\/td>\n<td>R$ 925,00<\/td>\n<\/tr>\n<tr>\n<td>2.3 P\u00d3S-DOUTORANDO &#8211; N\u00c3O S\u00d3CIO<\/td>\n<td>R$ 860,00<\/td>\n<td>R$ 915,00<\/td>\n<td>R$ 970,00<\/td>\n<td>R$ 1.025,00<\/td>\n<\/tr>\n<tr>\n<td>2.4 PROFISSIONAL N\u00c3O S\u00d3CIO<\/td>\n<td>R$ 1.010,00<\/td>\n<td>R$ 1.110,00<\/td>\n<td>R$ 1.210,00<\/td>\n<td>R$ 1.310,00<\/td>\n<\/tr>\n<\/tbody>\n<\/table>\n<\/div>\n<p>Junto ao <strong>33\u00ba CBM<\/strong> acontecer\u00e1 o <strong>Food Micro Latino 2025<\/strong>, evento de Microbiologia de Alimentos.<\/p>\n<p>Todos os inscritos no Food Micro Latino 2025 precisam estar inscritos no 33\u00ba CBM.<\/p>\n<div style=\"overflow-x: auto;\">\n<table>\n<thead>\n<tr>\n<th>FOOD MICRO LATINO 2025<\/th>\n<th>1\u00ba PRAZO<br \/>\n30\/04\/2025<\/th>\n<th>2\u00ba PRAZO<br \/>\n30\/06\/2025<\/th>\n<th>3\u00ba PRAZO<br \/>\n30\/09\/2025<\/th>\n<th>4\u00ba PRAZO<br \/>\n04\/10\/2025<\/th>\n<\/tr>\n<\/thead>\n<tbody>\n<tr>\n<td>S\u00d3CIO BRAFP e parceiros<\/td>\n<td>Isento at\u00e9 os 100 primeiros<\/td>\n<td>Isento at\u00e9 os 100 primeiros<\/td>\n<td>R$ 50,00<\/td>\n<td>R$ 70,00<\/td>\n<\/tr>\n<tr>\n<td>N\u00c3O S\u00d3CIOS<\/td>\n<td>R$ 70,00<\/td>\n<td>R$ 90,00<\/td>\n<td>R$ 110,00<\/td>\n<td>R$ 120,00<\/td>\n<\/tr>\n<\/tbody>\n<\/table>\n<\/div>\n<p>&nbsp;<\/p>\n","protected":false},"excerpt":{"rendered":"<p>FORMAS DE PARTICIPA\u00c7\u00c3O As categorias de inscri\u00e7\u00e3o est\u00e3o dispostas em S\u00f3cios SBM ou N\u00c3O S\u00d3CIOS. Junto ao 33\u00ba CBM acontecer\u00e1 o Food Micro Latino 2025, evento de Microbiologia de Alimentos. Todos os inscritos no Food Micro Latino 2025 precisam estar inscritos no 33\u00ba CBM. INSCRI\u00c7\u00d5ES 1. S\u00d3CIO SBM 1\u00ba PRAZO 30\/04\/2025 2\u00ba PRAZO 30\/06\/2025 3\u00ba [&hellip;]<\/p>\n","protected":false},"author":1,"featured_media":0,"parent":0,"menu_order":0,"comment_status":"closed","ping_status":"closed","template":"","meta":[],"_links":{"self":[{"href":"https:\/\/sbmicrobiologia.org.br\/33cbm2025\/wp-json\/wp\/v2\/pages\/21"}],"collection":[{"href":"https:\/\/sbmicrobiologia.org.br\/33cbm2025\/wp-json\/wp\/v2\/pages"}],"about":[{"href":"https:\/\/sbmicrobiologia.org.br\/33cbm2025\/wp-json\/wp\/v2\/types\/page"}],"author":[{"embeddable":true,"href":"https:\/\/sbmicrobiologia.org.br\/33cbm2025\/wp-json\/wp\/v2\/users\/1"}],"replies":[{"embeddable":true,"href":"https:\/\/sbmicrobiologia.org.br\/33cbm2025\/wp-json\/wp\/v2\/comments?post=21"}],"version-history":[{"count":11,"href":"https:\/\/sbmicrobiologia.org.br\/33cbm2025\/wp-json\/wp\/v2\/pages\/21\/revisions"}],"predecessor-version":[{"id":515,"href":"https:\/\/sbmicrobiologia.org.br\/33cbm2025\/wp-json\/wp\/v2\/pages\/21\/revisions\/515"}],"wp:attachment":[{"href":"https:\/\/sbmicrobiologia.org.br\/33cbm2025\/wp-json\/wp\/v2\/media?parent=21"}],"curies":[{"name":"wp","href":"https:\/\/api.w.org\/{rel}","templated":true}]}}