{"id":14,"date":"2024-11-06T17:59:39","date_gmt":"2024-11-06T20:59:39","guid":{"rendered":"https:\/\/sbmicrobiologia.org.br\/33cbm2025\/?page_id=14"},"modified":"2024-11-06T17:59:39","modified_gmt":"2024-11-06T20:59:39","slug":"informacoes-gerais","status":"publish","type":"page","link":"https:\/\/sbmicrobiologia.org.br\/33cbm2025\/informacoes-gerais\/","title":{"rendered":"Informa\u00e7\u00f5es gerais"},"content":{"rendered":"<p>As inscri\u00e7\u00f5es ser\u00e3o aceitas durante todo o prazo de inscri\u00e7\u00e3o online (Mediante disponibilidade de vagas)<\/p>\n<p>Certificados Online: Todos os certificados dever\u00e3o ser acessados online, para impress\u00e3o, na se\u00e7\u00e3o CERTIFICADOS em sua \u00e1rea restrita.<\/p>\n<p>OBS: Os certificados n\u00e3o ser\u00e3o enviados por correio ap\u00f3s o encerramento do Congresso e ficar\u00e3o em nossos sistemas online por 120 dias.<\/p>\n","protected":false},"excerpt":{"rendered":"<p>As inscri\u00e7\u00f5es ser\u00e3o aceitas durante todo o prazo de inscri\u00e7\u00e3o online (Mediante disponibilidade de vagas) Certificados Online: Todos os certificados dever\u00e3o ser acessados online, para impress\u00e3o, na se\u00e7\u00e3o CERTIFICADOS em sua \u00e1rea restrita. OBS: Os certificados n\u00e3o ser\u00e3o enviados por correio ap\u00f3s o encerramento do Congresso e ficar\u00e3o em nossos sistemas online por 120 dias.<\/p>\n","protected":false},"author":1,"featured_media":0,"parent":0,"menu_order":0,"comment_status":"closed","ping_status":"closed","template":"","meta":[],"_links":{"self":[{"href":"https:\/\/sbmicrobiologia.org.br\/33cbm2025\/wp-json\/wp\/v2\/pages\/14"}],"collection":[{"href":"https:\/\/sbmicrobiologia.org.br\/33cbm2025\/wp-json\/wp\/v2\/pages"}],"about":[{"href":"https:\/\/sbmicrobiologia.org.br\/33cbm2025\/wp-json\/wp\/v2\/types\/page"}],"author":[{"embeddable":true,"href":"https:\/\/sbmicrobiologia.org.br\/33cbm2025\/wp-json\/wp\/v2\/users\/1"}],"replies":[{"embeddable":true,"href":"https:\/\/sbmicrobiologia.org.br\/33cbm2025\/wp-json\/wp\/v2\/comments?post=14"}],"version-history":[{"count":1,"href":"https:\/\/sbmicrobiologia.org.br\/33cbm2025\/wp-json\/wp\/v2\/pages\/14\/revisions"}],"predecessor-version":[{"id":15,"href":"https:\/\/sbmicrobiologia.org.br\/33cbm2025\/wp-json\/wp\/v2\/pages\/14\/revisions\/15"}],"wp:attachment":[{"href":"https:\/\/sbmicrobiologia.org.br\/33cbm2025\/wp-json\/wp\/v2\/media?parent=14"}],"curies":[{"name":"wp","href":"https:\/\/api.w.org\/{rel}","templated":true}]}}