{"id":10,"date":"2024-11-06T17:59:02","date_gmt":"2024-11-06T20:59:02","guid":{"rendered":"https:\/\/sbmicrobiologia.org.br\/33cbm2025\/?page_id=10"},"modified":"2024-11-06T18:10:40","modified_gmt":"2024-11-06T21:10:40","slug":"comissoes","status":"publish","type":"page","link":"https:\/\/sbmicrobiologia.org.br\/33cbm2025\/comissoes\/","title":{"rendered":"Comiss\u00f5es"},"content":{"rendered":"<p class=\"p1\"><strong><span class=\"s1\">Coordenadores de \u00c1rea &#8211; Gest\u00e3o 2024 \u2013 2025<\/span><\/strong><\/p>\n<p class=\"p3\"><span class=\"s1\"><b>\u00c1rea &#8211; Microbiologia de Alimentos: <\/b><\/span><\/p>\n<p class=\"p4\">**Virg\u00ednia Farias Alves \u2013 Universidade Federal de Goi\u00e1s &#8211; UFG.<\/p>\n<p class=\"p6\">**Uelinton Manoel Pinto \u2013 Universidade de S\u00e3o Paulo \u2013 USP.<\/p>\n<p class=\"p3\"><span class=\"s1\"><b>\u00c1rea &#8211; Microbiologia Ambiental:<\/b><\/span><\/p>\n<p class=\"p6\">**Cristina Rossi Nakayama \u2013 Universidade Federal de S\u00e3o Paulo \u2013 UNIFESP.<\/p>\n<p class=\"p6\">**Renata Medina da Silva &#8211; Pontif\u00edcia Universidade Cat\u00f3lica do Rio Grande do Sul \u2013 PUC.RS.<\/p>\n<p class=\"p3\"><span class=\"s1\"><b>\u00c1rea &#8211; Microbiologia Cl\u00ednica:<\/b><\/span><\/p>\n<p class=\"p6\">**Leonardo Neves de Andrade &#8211; Universidade de S\u00e3o Paulo &#8211; USP.<\/p>\n<p class=\"p6\">**Keite da Silva Nogueira &#8211; Universidade Federal do Paran\u00e1 &#8211; UFPR<span class=\"s2\">.<\/span><\/p>\n<p class=\"p8\"><span class=\"s1\"><b>\u00c1rea &#8211; Cole\u00e7\u00e3o de Culturas: <\/b><b><\/b><\/span><\/p>\n<p class=\"p6\"><span class=\"s2\">**Chirlei Glienke &#8211;<\/span> Universidade Federal do Paran\u00e1<span class=\"s2\"> \u2013 UFPR.<\/span><\/p>\n<p class=\"p3\">**Aline da Silva Soares Souto &#8211; Funda\u00e7\u00e3o Oswaldo Cruz \u2013 FIOCRUZ.<\/p>\n<p class=\"p3\"><span class=\"s1\"><b>\u00c1rea \u2013 Ensino: <\/b><\/span><\/p>\n<p class=\"p6\">**F\u00e1bio Alessandro Pieri \u2013 Universidade Federal de Juiz de Fora &#8211; UFJF.<\/p>\n<p class=\"p6\">**Rita de C\u00e1ssia Caf\u00e9 Ferreira \u2013 Universidade de S\u00e3o Paulo \u2013 USP.<\/p>\n<p class=\"p3\"><span class=\"s1\"><b>\u00c1rea \u2013 Micotoxinas: <\/b><\/span><\/p>\n<p class=\"p6\">**Liliana de Oliveira Rocha \u2013 Universidade Estadual de Campinas &#8211; UNICAMP.<\/p>\n<p class=\"p6\">**Beatriz Thie Iamanaka &#8211; Instituto de Tecnologia de Alimentos \u2013 ITAL.<\/p>\n<p class=\"p3\"><span class=\"s1\"><b>\u00c1rea &#8211; Microbiologia Industrial e Biotecnologia: <\/b><\/span><\/p>\n<p class=\"p6\">** Ana Lucia Figueiredo Porto &#8211; Universidade Federal Rural de Pernambuco &#8211; UFRPE.<\/p>\n<p class=\"p6\">**Eleni Gomes &#8211; Universidade Estadual Paulista \u2013 UNESP.<\/p>\n<p class=\"p3\"><span class=\"s1\"><b>\u00c1rea &#8211; Infec\u00e7\u00e3o Hospitalar:<\/b><\/span><\/p>\n<p class=\"p6\">**Luciene Andrade da Rocha Minarini \u2013 Universidade Federal de S\u00e3o Paulo &#8211; UNIFESP.<\/p>\n<p class=\"p6\">**Ilana Lopes Baratella da Cunha Camargo &#8211; Universidade de S\u00e3o Paulo \u2013 IFSC.USP.<\/p>\n<p class=\"p3\"><span class=\"s1\"><b>\u00c1rea &#8211; Patogenicidade Bacteriana:<\/b><\/span><\/p>\n<p class=\"p6\">**Rodrigo Tavanelli Hernandes &#8211; Universidade Estadual Paulista &#8211; UNESP.<\/p>\n<p class=\"p6\">**Leticia Miranda Lery Santos &#8211; Funda\u00e7\u00e3o Oswaldo Cruz \u2013 IOC.FIOCRUZ.<\/p>\n<p class=\"p3\"><span class=\"s1\"><b>\u00c1r<\/b><\/span><span class=\"s4\"><b>ea &#8211; Micologia:<\/b><b><\/b><\/span><\/p>\n<p class=\"p3\"><span class=\"s5\">**Juliana Aparecida Rizzo Balancin \u2013 <\/span>Universidade Federal do Rio de Janeiro &#8211; UFRJ<span class=\"s5\">.<\/span><\/p>\n<p class=\"p4\">**Alexandre Melo Bail\u00e3o \u2013 Universidade Federal de Goi\u00e1s &#8211; UFG.<\/p>\n<p class=\"p3\"><span class=\"s1\"><b>\u00c1rea &#8211; Pat\u00f3geno Hospedeiro:<\/b><\/span><\/p>\n<p class=\"p4\">**Ang\u00e9lica Thomaz Vieira &#8211; Universidade Federal de Minas Gerais \u2013 UFMG.<\/p>\n<p class=\"p6\">**Leticia de Albuquerque Maranh\u00e3o Carneiro &#8211; Universidade Federal do Rio de Janeiro &#8211; UFRJ.<\/p>\n<p class=\"p3\"><span class=\"s1\"><b>\u00c1rea &#8211; Microbiologia de Solo:<\/b><\/span><\/p>\n<p class=\"p6\">**Arthur Prud\u00eancio de Araujo Pereira \u2013 Universidade Federal do Cear\u00e1 \u2013 UFC.<\/p>\n<p class=\"p3\">**Ac\u00e1cio Aparecido Navarrete &#8211; Universidade Brasil \u2013 UB.<\/p>\n<p class=\"p3\"><span class=\"s1\"><b>\u00c1rea &#8211; Microbiologia Veterin\u00e1ria:<\/b><\/span><\/p>\n<p class=\"p6\">**Mateus Matiuzzi da Costa &#8211; Universidade Federal do Vale do S\u00e3o Francisco \u2013 UNIVASF.<\/p>\n<p class=\"p6\"><span class=\"s2\">**Franciele Maboni Siqueira &#8211; <\/span>Universidade Federal do Rio Grande do Sul \u2013 UFRGS<span class=\"s2\">.<\/span><\/p>\n<p class=\"p3\"><span class=\"s1\"><b>\u00c1rea &#8211; Virologia:<\/b><\/span><\/p>\n<p class=\"p6\">**Pedro Augusto Alves &#8211; Instituto Ren\u00e9 Rachou \u2013 FIOCRUZ.<\/p>\n<p class=\"p6\">**Leila\u00a0Sabrina\u00a0Ullmann &#8211; Universidade Federal de Mato Grosso do Sul \u2013 UFMS.<\/p>\n<p class=\"p13\"><span class=\"s1\"><b>\u00c1rea &#8211; Gen\u00e9tica de Microrganismos e Bioinform\u00e1tica:<\/b><\/span><\/p>\n<p class=\"p3\">**Renata Cristina Pic\u00e3o &#8211; Universidade Federal do Rio de Janeiro \u2013 UFRJ.<\/p>\n<p class=\"p3\">**Fl\u00e1via Figueira Aburjaile \u2013<span class=\"Apple-converted-space\">\u00a0 <\/span>Universidade Federal de Minas Gerais \u2013 UFMG.<\/p>\n<p>&nbsp;<\/p>\n<p class=\"p1\"><strong><span class=\"s1\">Sociedade Brasileira de Microbiologia<br \/>\n<\/span><\/strong><strong><span class=\"s1\">Diretoria Gest\u00e3o 2024 \u2013 2025<\/span><\/strong><\/p>\n<p class=\"p3\"><b>PRESIDENTE:<\/b><\/p>\n<p class=\"p6\"><span class=\"s3\">**<\/span><span class=\"s6\">Luis Henrique Souza Guimar\u00e3es<\/span><span class=\"s3\"> &#8211; <\/span>Universidade de S\u00e3o Paulo \u2013 FFCLRP-USP.<\/p>\n<p class=\"p3\"><b>VICE-PRESIDENTE:<\/b><b><\/b><\/p>\n<p class=\"p3\">**<span class=\"s6\">Luis Augusto Nero<\/span> &#8211; Universidade Federal de Vi\u00e7osa &#8211; UFV.<\/p>\n<p class=\"p3\"><b>1\u00ba TESOUREIRO:<\/b><\/p>\n<p class=\"p6\"><span class=\"s3\">**<\/span>Alessandro Conrado de Oliveira Silveira &#8211; Funda\u00e7\u00e3o Universidade Regional de Blumenau \u2013 FURB.<\/p>\n<p class=\"p3\"><b>2\u00ba TESOUREIRO:<\/b><\/p>\n<p class=\"p3\">**<span class=\"s6\">V\u00e2nia<b> <\/b>Maria Maciel Melo<\/span> &#8211; Universidade Federal do Cear\u00e1 &#8211; UFC.<\/p>\n<p class=\"p3\"><b>1\u00ba SECRET\u00c1RIO:<\/b><\/p>\n<p class=\"p3\">**<span class=\"s6\">Roxane Maria Fontes Piazza<\/span> &#8211; Instituto Butantan \u2013 IBu.<\/p>\n<p class=\"p3\"><b>2\u00ba SECRET\u00c1RIO:<\/b><\/p>\n<p class=\"p16\"><span class=\"s3\">**<\/span>C\u00e9lia Maria de Almeida Soares \u2013 Universidade Federal de Goi\u00e1s &#8211; UFG<span class=\"s3\">.<\/span><\/p>\n<p class=\"p3\"><b>CONSELHO FISCAL \u2013 1\u00ba MEMBRO:<\/b><\/p>\n<p class=\"p3\">**<span class=\"s6\">Beatriz Ernestina Cabilio Guth<\/span> &#8211; Universidade Federal de S\u00e3o Paulo &#8211; UNIFESP.<\/p>\n<p class=\"p3\"><b>CONSELHO FISCAL \u2013 2\u00ba MEMBRO:<\/b><\/p>\n<p class=\"p3\">**<span class=\"s6\">Felipe Piedade Gon\u00e7alves Neves<\/span> \u2013 Universidade Federal Fluminense &#8211; UFF.<\/p>\n<p class=\"p3\"><b>CONSELHO FISCAL \u2013 3\u00ba MEMBRO:<\/b><\/p>\n<p class=\"p16\"><span class=\"s3\">**<\/span>Luciano dos Santos Bersot &#8211; Universidade Federal do Paran\u00e1<span class=\"s3\">.<\/span><\/p>\n","protected":false},"excerpt":{"rendered":"<p>Coordenadores de \u00c1rea &#8211; Gest\u00e3o 2024 \u2013 2025 \u00c1rea &#8211; Microbiologia de Alimentos: **Virg\u00ednia Farias Alves \u2013 Universidade Federal de Goi\u00e1s &#8211; UFG. **Uelinton Manoel Pinto \u2013 Universidade de S\u00e3o Paulo \u2013 USP. \u00c1rea &#8211; Microbiologia Ambiental: **Cristina Rossi Nakayama \u2013 Universidade Federal de S\u00e3o Paulo \u2013 UNIFESP. **Renata Medina da Silva &#8211; Pontif\u00edcia Universidade [&hellip;]<\/p>\n","protected":false},"author":1,"featured_media":0,"parent":0,"menu_order":0,"comment_status":"closed","ping_status":"closed","template":"","meta":[],"_links":{"self":[{"href":"https:\/\/sbmicrobiologia.org.br\/33cbm2025\/wp-json\/wp\/v2\/pages\/10"}],"collection":[{"href":"https:\/\/sbmicrobiologia.org.br\/33cbm2025\/wp-json\/wp\/v2\/pages"}],"about":[{"href":"https:\/\/sbmicrobiologia.org.br\/33cbm2025\/wp-json\/wp\/v2\/types\/page"}],"author":[{"embeddable":true,"href":"https:\/\/sbmicrobiologia.org.br\/33cbm2025\/wp-json\/wp\/v2\/users\/1"}],"replies":[{"embeddable":true,"href":"https:\/\/sbmicrobiologia.org.br\/33cbm2025\/wp-json\/wp\/v2\/comments?post=10"}],"version-history":[{"count":2,"href":"https:\/\/sbmicrobiologia.org.br\/33cbm2025\/wp-json\/wp\/v2\/pages\/10\/revisions"}],"predecessor-version":[{"id":39,"href":"https:\/\/sbmicrobiologia.org.br\/33cbm2025\/wp-json\/wp\/v2\/pages\/10\/revisions\/39"}],"wp:attachment":[{"href":"https:\/\/sbmicrobiologia.org.br\/33cbm2025\/wp-json\/wp\/v2\/media?parent=10"}],"curies":[{"name":"wp","href":"https:\/\/api.w.org\/{rel}","templated":true}]}}