{"id":44,"date":"2022-04-01T11:38:01","date_gmt":"2022-04-01T14:38:01","guid":{"rendered":"https:\/\/sbmicrobiologia.org.br\/32cbm2023\/?page_id=44"},"modified":"2023-09-18T07:51:05","modified_gmt":"2023-09-18T10:51:05","slug":"valores","status":"publish","type":"page","link":"https:\/\/sbmicrobiologia.org.br\/32cbm2023\/valores\/","title":{"rendered":"Valores"},"content":{"rendered":"\t\t<div data-elementor-type=\"wp-page\" data-elementor-id=\"44\" class=\"elementor elementor-44\">\n\t\t\t\t\t\t\t\t\t<section class=\"elementor-section elementor-top-section elementor-element elementor-element-7494f02 elementor-section-boxed elementor-section-height-default elementor-section-height-default\" data-id=\"7494f02\" data-element_type=\"section\" data-settings=\"{&quot;background_background&quot;:&quot;classic&quot;}\">\n\t\t\t\t\t\t<div class=\"elementor-container elementor-column-gap-default\">\n\t\t\t\t\t<div class=\"elementor-column elementor-col-50 elementor-top-column elementor-element elementor-element-5235175\" data-id=\"5235175\" data-element_type=\"column\">\n\t\t\t<div class=\"elementor-widget-wrap elementor-element-populated\">\n\t\t\t\t\t\t\t\t<div class=\"elementor-element elementor-element-e34e398 elementor-countdown--label-block elementor-widget elementor-widget-countdown\" data-id=\"e34e398\" data-element_type=\"widget\" data-widget_type=\"countdown.default\">\n\t\t\t\t<div class=\"elementor-widget-container\">\n\t\t\t<style>\/*! elementor-pro - v3.6.4 - 15-03-2022 *\/\n.elementor-widget-countdown .elementor-countdown-expire--message{display:none;padding:20px;text-align:center}.elementor-widget-countdown .elementor-countdown-wrapper{-webkit-box-orient:horizontal;-webkit-box-direction:normal;-ms-flex-direction:row;flex-direction:row}.elementor-widget-countdown .elementor-countdown-item{padding:20px 0;text-align:center;color:#fff}.elementor-widget-countdown .elementor-countdown-digits,.elementor-widget-countdown .elementor-countdown-label{line-height:1}.elementor-widget-countdown .elementor-countdown-digits{font-size:69px}.elementor-widget-countdown .elementor-countdown-label{font-size:19px}.elementor-widget-countdown.elementor-countdown--label-block .elementor-countdown-wrapper{display:-webkit-box;display:-ms-flexbox;display:flex;-webkit-box-pack:center;-ms-flex-pack:center;justify-content:center;margin-right:auto;margin-left:auto}.elementor-widget-countdown.elementor-countdown--label-block .elementor-countdown-digits,.elementor-widget-countdown.elementor-countdown--label-block .elementor-countdown-label{display:block}.elementor-widget-countdown.elementor-countdown--label-block .elementor-countdown-item{-ms-flex-preferred-size:0;flex-basis:0;-webkit-box-flex:1;-ms-flex-positive:1;flex-grow:1}.elementor-widget-countdown.elementor-countdown--label-inline{text-align:center}.elementor-widget-countdown.elementor-countdown--label-inline .elementor-countdown-item{display:inline-block;padding-left:5px;padding-right:5px}<\/style>\t\t<div data-expire-actions=\"[{&quot;type&quot;:&quot;hide&quot;}]\" class=\"elementor-countdown-wrapper\" data-date=\"1697630400\">\n\t\t\t<div class=\"elementor-countdown-item\"><span class=\"elementor-countdown-digits elementor-countdown-days\"><\/span> <span class=\"elementor-countdown-label\">Dias<\/span><\/div><div class=\"elementor-countdown-item\"><span class=\"elementor-countdown-digits elementor-countdown-hours\"><\/span> <span class=\"elementor-countdown-label\">Horas<\/span><\/div><div class=\"elementor-countdown-item\"><span class=\"elementor-countdown-digits elementor-countdown-minutes\"><\/span> <span class=\"elementor-countdown-label\">Minutos<\/span><\/div><div class=\"elementor-countdown-item\"><span class=\"elementor-countdown-digits elementor-countdown-seconds\"><\/span> <span class=\"elementor-countdown-label\">Segundos<\/span><\/div>\t\t<\/div>\n\t\t\t\t<\/div>\n\t\t\t\t<\/div>\n\t\t\t\t\t<\/div>\n\t\t<\/div>\n\t\t\t\t<div class=\"elementor-column elementor-col-50 elementor-top-column elementor-element elementor-element-bbaa581\" data-id=\"bbaa581\" data-element_type=\"column\">\n\t\t\t<div class=\"elementor-widget-wrap elementor-element-populated\">\n\t\t\t\t\t\t\t\t<div class=\"elementor-element elementor-element-9682d59 elementor-align-center elementor-widget elementor-widget-button\" data-id=\"9682d59\" data-element_type=\"widget\" data-widget_type=\"button.default\">\n\t\t\t\t<div class=\"elementor-widget-container\">\n\t\t\t\t\t<div class=\"elementor-button-wrapper\">\n\t\t\t<a href=\"https:\/\/sbmicrobiologia.org.br\/32cbm2023\/inscreva-se\/\" class=\"elementor-button-link elementor-button elementor-size-xs elementor-animation-pulse\" role=\"button\">\n\t\t\t\t\t\t<span class=\"elementor-button-content-wrapper\">\n\t\t\t\t\t\t\t<span class=\"elementor-button-icon elementor-align-icon-left\">\n\t\t\t\t<i aria-hidden=\"true\" class=\"far fa-address-card\"><\/i>\t\t\t<\/span>\n\t\t\t\t\t\t<span class=\"elementor-button-text\">INSCREVA-SE AQUI<\/span>\n\t\t<\/span>\n\t\t\t\t\t<\/a>\n\t\t<\/div>\n\t\t\t\t<\/div>\n\t\t\t\t<\/div>\n\t\t\t\t\t<\/div>\n\t\t<\/div>\n\t\t\t\t\t\t\t<\/div>\n\t\t<\/section>\n\t\t\t\t<section class=\"elementor-section elementor-top-section elementor-element elementor-element-8d85804 elementor-section-stretched elementor-section-boxed elementor-section-height-default elementor-section-height-default\" data-id=\"8d85804\" data-element_type=\"section\" data-settings=\"{&quot;stretch_section&quot;:&quot;section-stretched&quot;}\">\n\t\t\t\t\t\t<div class=\"elementor-container elementor-column-gap-default\">\n\t\t\t\t\t<div class=\"elementor-column elementor-col-100 elementor-top-column elementor-element elementor-element-630cc67\" data-id=\"630cc67\" data-element_type=\"column\" data-settings=\"{&quot;background_background&quot;:&quot;classic&quot;}\">\n\t\t\t<div class=\"elementor-widget-wrap elementor-element-populated\">\n\t\t\t\t\t\t\t\t<div class=\"elementor-element elementor-element-b8f2b51 elementor-widget elementor-widget-Table\" data-id=\"b8f2b51\" data-element_type=\"widget\" data-widget_type=\"Table.default\">\n\t\t\t\t<div class=\"elementor-widget-container\">\n\t\t\t\t\t<table class=\"tafe-table\">\n\t\t\t<thead  class=\"tafe-table-header\">\n\t\t\t\t<tr>\n\t\t\t\t\t<th class=\"elementor-inline-editing elementor-repeater-item-e375d7b\"   >Tipo de Inscri\u00e7\u00e3o <\/th><th class=\"elementor-inline-editing elementor-repeater-item-0eda525\"   >Valor 01\/10\/2022 a 30\/11\/2022<\/th><th class=\"elementor-inline-editing elementor-repeater-item-6bd9592\"   >Valor 01\/12\/2022 a 20\/09\/2023<\/th><th class=\"elementor-inline-editing elementor-repeater-item-cdd3047\"   >Valor 21\/09\/2023 a 01\/10\/2023<\/th><th class=\"elementor-inline-editing elementor-repeater-item-784cee3\"   >Local<\/th>\t\t\t\t<\/tr>\n\t\t\t<\/thead>\n\t\t\t<tbody class=\"tafe-table-body\">\n\t\t\t\t<tr>\n\t\t\t\t\t<td   class=\"elementor-repeater-item-d3cff1b\" >Aluno de Gradua\u00e7\u00e3o - S\u00d3CIO FILIADO Sociedade Brasileira de Microbiologia<\/td><td   class=\"elementor-repeater-item-34e9e64\" >R$ 235,00<\/td><td   class=\"elementor-repeater-item-ecdad74\" >R$ 280,00<\/td><td   class=\"elementor-repeater-item-5cd2ad0\" >R$ 325,00<\/td><td   class=\"elementor-repeater-item-59c3355\" >R$ 380,00<\/td><\/tr><tr><td   class=\"elementor-repeater-item-3439c06\" >Aluno de Gradua\u00e7\u00e3o - N\u00c3O S\u00d3CIO<\/td><td   class=\"elementor-repeater-item-e249ae3\" >R$ 345,00<\/td><td   class=\"elementor-repeater-item-046213a\" >R$ 410,00<\/td><td   class=\"elementor-repeater-item-7cfaad3\" >R$  475,00<\/td><td   class=\"elementor-repeater-item-34d5529\" >R$ 540,00<\/td><\/tr><tr><td   class=\"elementor-repeater-item-2f08673\" >Aluno de P\u00f3s-Gradua\u00e7\u00e3o (Mestrando \/ Doutorando) - S\u00d3CIO FILIADO Sociedade Brasileira de Microbiologia<\/td><td   class=\"elementor-repeater-item-35afde4\" >R$ 315,00<\/td><td   class=\"elementor-repeater-item-e5b9b3f\" >R$ 370,00<\/td><td   class=\"elementor-repeater-item-46274f2\" >R$ 425,00<\/td><td   class=\"elementor-repeater-item-fd038ab\" >R$ 490,00<\/td><\/tr><tr><td   class=\"elementor-repeater-item-0f424b6\" >Aluno de P\u00f3s-Gradua\u00e7\u00e3o (Mestrando \/ Doutorando) - N\u00c3O S\u00d3CIO<\/td><td   class=\"elementor-repeater-item-9241f8c\" >R$ 495,00<\/td><td   class=\"elementor-repeater-item-9298d21\" >R$ 580,00<\/td><td   class=\"elementor-repeater-item-182bba3\" >R$ 665,00<\/td><td   class=\"elementor-repeater-item-62d579d\" >R$ 760,00<\/td><\/tr><tr><td   class=\"elementor-repeater-item-7b40f40\" >P\u00f3s-Doutorando - S\u00d3CIO FILIADO Sociedade Brasileira de Microbiologia<\/td><td   class=\"elementor-repeater-item-c1d5125\" >R$ 355,00<\/td><td   class=\"elementor-repeater-item-27b10ee\" >R$ 420,00<\/td><td   class=\"elementor-repeater-item-07972bc\" >R$ 485,00<\/td><td   class=\"elementor-repeater-item-fc0135b\" >R$ 560,00<\/td><\/tr><tr><td   class=\"elementor-repeater-item-f482e21\" >P\u00f3s-Doutorado - N\u00c3O S\u00d3CIO<\/td><td   class=\"elementor-repeater-item-1e81f82\" >R$ 555,00<\/td><td   class=\"elementor-repeater-item-4605775\" >R$ 650,00<\/td><td   class=\"elementor-repeater-item-88b377a\" >R$ 745,00<\/td><td   class=\"elementor-repeater-item-2e5ea5c\" >R$ 860,00<\/td><\/tr><tr><td   class=\"elementor-repeater-item-8a28445\" >Profissional - S\u00d3CIO FILIADO Sociedade Brasileira de Microbiologia<\/td><td   class=\"elementor-repeater-item-92f6dc6\" >R$ 435,00<\/td><td   class=\"elementor-repeater-item-5adeba8\" >R$ 510,00<\/td><td   class=\"elementor-repeater-item-e882ee4\" >R$ 585,00<\/td><td   class=\"elementor-repeater-item-b845e61\" >R$ 670,00<\/td><\/tr><tr><td   class=\"elementor-repeater-item-96c91d8\" >Profissional - N\u00c3O S\u00d3CIO<\/td><td   class=\"elementor-repeater-item-de17a7e\" >R$ 655,00<\/td><td   class=\"elementor-repeater-item-d72d113\" >R$ 760,00<\/td><td   class=\"elementor-repeater-item-e1f6c9d\" >R$ 875,00<\/td><td   class=\"elementor-repeater-item-5cad40d\" >R$ 1.010,00<\/td><\/tr><tr><td   class=\"elementor-repeater-item-fd0aa88\" >Curso 04 Horas - S\u00d3CIO FILIADO Sociedade Brasileira de Microbiologia<\/td><td   class=\"elementor-repeater-item-47e87fc\" >R$ -<\/td><td   class=\"elementor-repeater-item-e589f6b\" >R$ 60,00<\/td><td   class=\"elementor-repeater-item-7f84c3b\" >R$ 65,00<\/td><td   class=\"elementor-repeater-item-8e83c02\" >R$ 80,00<\/td><\/tr><tr><td   class=\"elementor-repeater-item-c91eac7\" >Curso 04 Horas - N\u00c3O S\u00d3CIO<\/td><td   class=\"elementor-repeater-item-507f5c2\" >R$ -<\/td><td   class=\"elementor-repeater-item-24bb2d7\" >R$ 100,00<\/td><td   class=\"elementor-repeater-item-d6cce34\" >R$ 105,00<\/td><td   class=\"elementor-repeater-item-9abe9ed\" >R$ 120,00<\/td><\/tr><tr><td   class=\"elementor-repeater-item-e9dd2b4\" >Curso 08 Horas - S\u00d3CIO FILIADO Sociedade Brasileira de Microbiologia<\/td><td   class=\"elementor-repeater-item-7056340\" >R$ -<\/td><td   class=\"elementor-repeater-item-e9b778e\" >R$ 100,00<\/td><td   class=\"elementor-repeater-item-2fb7b76\" >R$ 105,00<\/td><td   class=\"elementor-repeater-item-04fee78\" >R$ 120,00<\/td><\/tr><tr><td   class=\"elementor-repeater-item-4d8cf6c\" >Curso 08 Horas - N\u00c3O S\u00d3CIO<\/td><td   class=\"elementor-repeater-item-d480eb3\" >R$ -<\/td><td   class=\"elementor-repeater-item-889f702\" >R$ 150,00<\/td><td   class=\"elementor-repeater-item-bcb069c\" >R$ 155,00<\/td><td   class=\"elementor-repeater-item-d6c1c5c\" >R$ 180,00<\/td>\t\t\t\t<\/tr>\n\t\t\t<\/tbody>\n\t\t<\/table>\n\t\t\n\t\t\t\t<\/div>\n\t\t\t\t<\/div>\n\t\t\t\t\t<\/div>\n\t\t<\/div>\n\t\t\t\t\t\t\t<\/div>\n\t\t<\/section>\n\t\t\t\t\t\t\t<\/div>\n\t\t","protected":false},"excerpt":{"rendered":"<p>Dias Horas Minutos Segundos INSCREVA-SE AQUI Tipo de Inscri\u00e7\u00e3o Valor 01\/10\/2022 a 30\/11\/2022 Valor 01\/12\/2022 a 20\/09\/2023 Valor 21\/09\/2023 a 01\/10\/2023 Local Aluno de Gradua\u00e7\u00e3o &#8211; S\u00d3CIO FILIADO Sociedade Brasileira de Microbiologia R$ 235,00 R$ 280,00 R$ 325,00 R$ 380,00 Aluno de Gradua\u00e7\u00e3o &#8211; N\u00c3O S\u00d3CIO R$ 345,00 R$ 410,00 R$ 475,00 R$ 540,00 Aluno [&hellip;]<\/p>\n","protected":false},"author":1,"featured_media":0,"parent":0,"menu_order":0,"comment_status":"closed","ping_status":"closed","template":"elementor_theme","meta":{"footnotes":""},"class_list":["post-44","page","type-page","status-publish","hentry"],"_links":{"self":[{"href":"https:\/\/sbmicrobiologia.org.br\/32cbm2023\/wp-json\/wp\/v2\/pages\/44","targetHints":{"allow":["GET"]}}],"collection":[{"href":"https:\/\/sbmicrobiologia.org.br\/32cbm2023\/wp-json\/wp\/v2\/pages"}],"about":[{"href":"https:\/\/sbmicrobiologia.org.br\/32cbm2023\/wp-json\/wp\/v2\/types\/page"}],"author":[{"embeddable":true,"href":"https:\/\/sbmicrobiologia.org.br\/32cbm2023\/wp-json\/wp\/v2\/users\/1"}],"replies":[{"embeddable":true,"href":"https:\/\/sbmicrobiologia.org.br\/32cbm2023\/wp-json\/wp\/v2\/comments?post=44"}],"version-history":[{"count":70,"href":"https:\/\/sbmicrobiologia.org.br\/32cbm2023\/wp-json\/wp\/v2\/pages\/44\/revisions"}],"predecessor-version":[{"id":1308,"href":"https:\/\/sbmicrobiologia.org.br\/32cbm2023\/wp-json\/wp\/v2\/pages\/44\/revisions\/1308"}],"wp:attachment":[{"href":"https:\/\/sbmicrobiologia.org.br\/32cbm2023\/wp-json\/wp\/v2\/media?parent=44"}],"curies":[{"name":"wp","href":"https:\/\/api.w.org\/{rel}","templated":true}]}}