{"id":42,"date":"2022-04-01T11:38:01","date_gmt":"2022-04-01T14:38:01","guid":{"rendered":"https:\/\/sbmicrobiologia.org.br\/32cbm2023\/?page_id=42"},"modified":"2023-08-30T11:01:01","modified_gmt":"2023-08-30T14:01:01","slug":"comissoes","status":"publish","type":"page","link":"https:\/\/sbmicrobiologia.org.br\/32cbm2023\/comissoes\/","title":{"rendered":"Comiss\u00f5es"},"content":{"rendered":"\t\t<div data-elementor-type=\"wp-page\" data-elementor-id=\"42\" class=\"elementor elementor-42\">\n\t\t\t\t\t\t\t\t\t<section class=\"elementor-section elementor-top-section elementor-element elementor-element-8c0c759 elementor-section-boxed elementor-section-height-default elementor-section-height-default\" data-id=\"8c0c759\" data-element_type=\"section\">\n\t\t\t\t\t\t<div class=\"elementor-container elementor-column-gap-default\">\n\t\t\t\t\t<div class=\"elementor-column elementor-col-100 elementor-top-column elementor-element elementor-element-984c582\" data-id=\"984c582\" data-element_type=\"column\" data-settings=\"{&quot;background_background&quot;:&quot;classic&quot;}\">\n\t\t\t<div class=\"elementor-widget-wrap elementor-element-populated\">\n\t\t\t\t\t\t\t\t<div class=\"elementor-element elementor-element-5c23f1e elementor-widget elementor-widget-text-editor\" data-id=\"5c23f1e\" data-element_type=\"widget\" data-widget_type=\"text-editor.default\">\n\t\t\t\t<div class=\"elementor-widget-container\">\n\t\t\t<style>\/*! elementor - v3.6.1 - 23-03-2022 *\/\n.elementor-widget-text-editor.elementor-drop-cap-view-stacked .elementor-drop-cap{background-color:#818a91;color:#fff}.elementor-widget-text-editor.elementor-drop-cap-view-framed .elementor-drop-cap{color:#818a91;border:3px solid;background-color:transparent}.elementor-widget-text-editor:not(.elementor-drop-cap-view-default) .elementor-drop-cap{margin-top:8px}.elementor-widget-text-editor:not(.elementor-drop-cap-view-default) .elementor-drop-cap-letter{width:1em;height:1em}.elementor-widget-text-editor .elementor-drop-cap{float:left;text-align:center;line-height:1;font-size:50px}.elementor-widget-text-editor .elementor-drop-cap-letter{display:inline-block}<\/style>\t\t\t\t<h5 class=\"p2\"><span class=\"s1\" style=\"color: #993366;\"><b>Diretoria<\/b><\/span><\/h5><p class=\"p3\"><b>PRESIDENTE:<\/b><\/p><p class=\"p4\"><span class=\"s2\">Luis Henrique Souza Guimar\u00e3es<\/span><span class=\"s3\"> &#8211; <\/span>Universidade de S\u00e3o Paulo \u2013 FFCLRP-USP.<\/p><p class=\"p3\"><b>VICE-PRESIDENTE:<\/b><\/p><p class=\"p3\"><span class=\"s2\">Luis Augusto Nero<\/span> &#8211; Universidade Federal de Vi\u00e7osa &#8211; UFV.<\/p><p class=\"p3\"><b>TESOUREIRO:<\/b><\/p><p class=\"p3\"><span class=\"s2\">Karen Spadari Ferreira<\/span> &#8211; Universidade Federal de S\u00e3o Paulo \u2013 UNIFESP.<\/p><p class=\"p3\"><b>2\u00ba TESOUREIRO:<\/b><\/p><p class=\"p3\"><span class=\"s2\">V\u00e2nia<b> <\/b>Maria Maciel Melo<\/span> &#8211; Universidade Federal do Cear\u00e1 &#8211; UFC.<\/p><p class=\"p3\"><b>1\u00ba SECRET\u00c1RIO:<\/b><\/p><p class=\"p3\"><span class=\"s2\">Roxane Maria Fontes Piazza<\/span><span class=\"Apple-converted-space\">\u00a0 <\/span>&#8211; Instituto Butantan \u2013 IBu.<\/p><p class=\"p3\"><b>2\u00ba SECRET\u00c1RIO:<\/b><\/p><p class=\"p6\">C\u00e9lia Maria de Almeida Soares \u2013 Universidade Federal de Goi\u00e1s &#8211; UFG<span class=\"s3\">.<\/span><\/p><p class=\"p3\"><b>CONSELHO FISCAL \u2013 1\u00ba MEMBRO:<\/b><\/p><p class=\"p3\"><span class=\"s2\">Beatriz Ernestina Cabilio Guth<\/span> &#8211; Universidade Federal de S\u00e3o Paulo &#8211; UNIFESP.<\/p><p class=\"p3\"><b>CONSELHO FISCAL \u2013 2\u00ba MEMBRO:<\/b><\/p><p class=\"p3\"><span class=\"s2\">Felipe Piedade Gon\u00e7alves Neves<\/span> \u2013 Universidade Federal Fluminense &#8211; UFF).<\/p><p class=\"p3\"><b>CONSELHO FISCAL \u2013 3\u00ba MEMBRO:<\/b><\/p><p class=\"p6\">Luciano dos Santos Bersot &#8211; Universidade Federal do Paran\u00e1<span class=\"s3\">.<\/span><\/p><p class=\"p6\"><span class=\"s3\">\u00a0<\/span><\/p><h5 class=\"p2\"><span class=\"s1\" style=\"color: #993366;\"><b>Comiss\u00e3o Cient\u00edfica<\/b><\/span><\/h5><p class=\"p3\"><span class=\"s1\"><b>\u00c1rea &#8211; Microbiologia de Alimentos:<span class=\"Apple-converted-space\">\u00a0<\/span><\/b><\/span><\/p><p class=\"p8\">Virg\u00ednia Farias Alves \u2013 Universidade Federal de Goi\u00e1s &#8211; UFG.<\/p><p class=\"p4\">Uelinton Manoel Pinto \u2013 Universidade de S\u00e3o Paulo \u2013 USP.<\/p><p class=\"p3\"><span class=\"s1\"><b>\u00c1rea &#8211; Microbiologia Ambiental:<\/b><\/span><\/p><p class=\"p8\">Diogo de Azevedo Jurelevicius \u2013 Universidade Federal do Rio de Janeiro \u2013 UFRJ.<\/p><p class=\"p4\">Cristina Rossi Nakayama \u2013 Universidade Federal de S\u00e3o Paulo \u2013 UNIFESP.<span class=\"Apple-converted-space\">\u00a0<\/span><\/p><p class=\"p3\"><span class=\"s1\"><b>\u00c1rea &#8211; Microbiologia Cl\u00ednica:<\/b><\/span><\/p><p class=\"p4\">Mara Cristina Scheffer &#8211; Universidade Federal de Santa Catarina &#8211; UFSC.<\/p><p class=\"p4\">Keite da Silva Nogueira &#8211; Universidade Federal do Paran\u00e1 &#8211; UFPR<span class=\"s4\">.<\/span><\/p><p class=\"p3\"><span class=\"s1\"><b>\u00c1rea &#8211; Cole\u00e7\u00e3o de Culturas:<span class=\"Apple-converted-space\">\u00a0<\/span><\/b><\/span><\/p><p class=\"p4\"><span class=\"s4\">Chirlei Glienke &#8211;<\/span> Universidade Federal do Paran\u00e1<span class=\"s4\"> \u2013 UFPR.<\/span><\/p><p class=\"p4\">Cristina Maria de Souza Motta \u2013 Universidade Federal de Pernambuco \u2013 UFPE.<\/p><p class=\"p3\"><span class=\"s1\"><b>\u00c1rea \u2013 Ensino:<span class=\"Apple-converted-space\">\u00a0<\/span><\/b><\/span><\/p><p class=\"p4\">F\u00e1bio Alessandro Pieri \u2013 Universidade Federal de Juiz de Fora &#8211; UFJF.<\/p><p class=\"p4\">Rita de C\u00e1ssia Caf\u00e9 Ferreira \u2013 Universidade de S\u00e3o Paulo \u2013 USP.<\/p><p class=\"p3\"><span class=\"s1\"><b>\u00c1rea \u2013 Micotoxinas:<span class=\"Apple-converted-space\">\u00a0<\/span><\/b><\/span><\/p><p class=\"p4\"><span class=\"s4\">Mariana Venturini Copetti \u2013\u00a0Universidade Federal de Santa Maria \u2013 UFSM. <\/span><\/p><p class=\"p4\">Liliana de Oliveira Rocha \u2013 Universidade Estadual de Campinas &#8211; UNICAMP.<\/p><p class=\"p3\"><span class=\"s1\"><b>\u00c1rea &#8211; Microbiologia Industrial e Biotecnologia:<span class=\"Apple-converted-space\">\u00a0<\/span><\/b><\/span><\/p><p class=\"p4\">Lu\u00eds Henrique Souza Guimar\u00e3es \u2013 Universidade de S\u00e3o Paulo \u2013 FFCLRP-USP.<\/p><p class=\"p4\">Ana Lucia Figueiredo Porto (Universidade Federal Rural de Pernambuco &#8211; UFRPE).<\/p><p class=\"p3\"><span class=\"s1\"><b>\u00c1rea &#8211; Infec\u00e7\u00e3o Hospitalar:<\/b><\/span><\/p><p class=\"p4\">Ana Paula D&#8217;Alincourt Carvalho Assef &#8211; Funda\u00e7\u00e3o Oswaldo Cruz &#8211; FIOCRUZ.<\/p><p class=\"p4\">Luciene Andrade da Rocha Minarini \u2013 Universidade Federal de S\u00e3o Paulo &#8211; UNIFESP.<\/p><p class=\"p3\"><span class=\"s1\"><b>\u00c1rea &#8211; Patogenicidade Bacteriana:<\/b><\/span><\/p><p class=\"p4\">Rodrigo Tavanelli Hernandes &#8211; Universidade Estadual Paulista- IBB-UNESP. <span class=\"Apple-converted-space\">\u00a0<\/span><\/p><p class=\"p4\">Luis Caetano Martha Antunes \u2013 Funda\u00e7\u00e3o Oswaldo Cruz &#8211; FIOCRUZ.<\/p><p class=\"p14\"><span class=\"s1\"><b>\u00c1rea &#8211; Micologia:<\/b><\/span><\/p><p class=\"p8\">Livia Kmetzsch Rosa e Silva \u2013 Universidade Federal do Rio Grande do Sul \u2013 UFRGS.<\/p><p class=\"p8\">Alexandre Bail\u00e3o \u2013 Universidade Federal de Goi\u00e1s &#8211; UFG.<\/p><p class=\"p3\"><span class=\"s1\"><b>\u00c1rea &#8211; Pat\u00f3geno Hospedeiro:<\/b><\/span><\/p><p class=\"p8\">Ang\u00e9lica Thomaz Vieira &#8211; Universidade Federal de Minas Gerais \u2013 UFMG.<\/p><p class=\"p4\">Leticia de Albuquerque Maranh\u00e3o Carneiro &#8211; Universidade Federal do Rio de Janeiro &#8211; UFRJ.<\/p><p class=\"p3\"><span class=\"s1\"><b>\u00c1rea &#8211; Microbiologia de Solo:<\/b><\/span><\/p><p class=\"p4\"><span class=\"s4\">Siu Mui Tsai &#8211; Universidade de S\u00e3o Paulo &#8211; USP.<\/span><\/p><p class=\"p4\">Arthur Prud\u00eancio de Araujo Pereira \u2013 Universidade Federal do Cear\u00e1 \u2013 UFC.<\/p><p class=\"p3\"><span class=\"s1\"><b>\u00c1rea &#8211; Microbiologia Veterin\u00e1ria:<\/b><\/span><\/p><p class=\"p4\">Miliane Moreira Soares de Souza \u2013 Universidade Federal Rural do Rio de Janeiro \u2013 UFRRJ.<\/p><p class=\"p4\"><span class=\"s4\">Franciele Maboni Siqueira &#8211; <\/span>Universidade Federal do Rio Grande do Sul \u2013 UFRGS<span class=\"s4\">.<\/span><\/p><p class=\"p3\"><span class=\"s1\"><b>\u00c1rea &#8211; Virologia:<\/b><\/span><\/p><p class=\"p4\">Bet\u00e2nia Paiva Drumond \u2013 Universidade Federal de Minas Gerais \u2013 UFMG.<\/p><p class=\"p4\">Adriana Luchs \u2013 Instituto Adolfo Lutz \u2013 IAL.<\/p><p style=\"font-weight: 400;\"><strong>\u00c1rea &#8211; Gen\u00e9tica de Microrganismos e Bioinform\u00e1tica:<\/strong><\/p><p style=\"font-weight: 400;\">Rommel Thiago Juc\u00e1 Ramos \u2013 Universidade Federal do Par\u00e1 &#8211; UFPA.<\/p><h5><strong><span style=\"color: #993366;\">Administra\u00e7\u00e3o<\/span><\/strong><\/h5><p>Jos\u00e9 Jair \u2013 Departamento Financeiro<\/p>\t\t\t\t\t\t<\/div>\n\t\t\t\t<\/div>\n\t\t\t\t\t<\/div>\n\t\t<\/div>\n\t\t\t\t\t\t\t<\/div>\n\t\t<\/section>\n\t\t\t\t\t\t\t<\/div>\n\t\t","protected":false},"excerpt":{"rendered":"<p>Diretoria PRESIDENTE: Luis Henrique Souza Guimar\u00e3es &#8211; Universidade de S\u00e3o Paulo \u2013 FFCLRP-USP. VICE-PRESIDENTE: Luis Augusto Nero &#8211; Universidade Federal de Vi\u00e7osa &#8211; UFV. TESOUREIRO: Karen Spadari Ferreira &#8211; Universidade Federal de S\u00e3o Paulo \u2013 UNIFESP. 2\u00ba TESOUREIRO: V\u00e2nia Maria Maciel Melo &#8211; Universidade Federal do Cear\u00e1 &#8211; UFC. 1\u00ba SECRET\u00c1RIO: Roxane Maria Fontes Piazza\u00a0 [&hellip;]<\/p>\n","protected":false},"author":1,"featured_media":0,"parent":0,"menu_order":0,"comment_status":"closed","ping_status":"closed","template":"elementor_theme","meta":{"footnotes":""},"class_list":["post-42","page","type-page","status-publish","hentry"],"_links":{"self":[{"href":"https:\/\/sbmicrobiologia.org.br\/32cbm2023\/wp-json\/wp\/v2\/pages\/42","targetHints":{"allow":["GET"]}}],"collection":[{"href":"https:\/\/sbmicrobiologia.org.br\/32cbm2023\/wp-json\/wp\/v2\/pages"}],"about":[{"href":"https:\/\/sbmicrobiologia.org.br\/32cbm2023\/wp-json\/wp\/v2\/types\/page"}],"author":[{"embeddable":true,"href":"https:\/\/sbmicrobiologia.org.br\/32cbm2023\/wp-json\/wp\/v2\/users\/1"}],"replies":[{"embeddable":true,"href":"https:\/\/sbmicrobiologia.org.br\/32cbm2023\/wp-json\/wp\/v2\/comments?post=42"}],"version-history":[{"count":37,"href":"https:\/\/sbmicrobiologia.org.br\/32cbm2023\/wp-json\/wp\/v2\/pages\/42\/revisions"}],"predecessor-version":[{"id":1279,"href":"https:\/\/sbmicrobiologia.org.br\/32cbm2023\/wp-json\/wp\/v2\/pages\/42\/revisions\/1279"}],"wp:attachment":[{"href":"https:\/\/sbmicrobiologia.org.br\/32cbm2023\/wp-json\/wp\/v2\/media?parent=42"}],"curies":[{"name":"wp","href":"https:\/\/api.w.org\/{rel}","templated":true}]}}