{"id":33,"date":"2022-04-01T11:35:18","date_gmt":"2022-04-01T14:35:18","guid":{"rendered":"https:\/\/sbmicrobiologia.org.br\/32cbm2023\/?page_id=33"},"modified":"2023-04-27T06:14:40","modified_gmt":"2023-04-27T09:14:40","slug":"apresentacao","status":"publish","type":"page","link":"https:\/\/sbmicrobiologia.org.br\/32cbm2023\/apresentacao\/","title":{"rendered":"Apresenta\u00e7\u00e3o"},"content":{"rendered":"\t\t<div data-elementor-type=\"wp-page\" data-elementor-id=\"33\" class=\"elementor elementor-33\">\n\t\t\t\t\t\t\t\t\t<section class=\"elementor-section elementor-top-section elementor-element elementor-element-c5ba8fc elementor-section-boxed elementor-section-height-default elementor-section-height-default\" data-id=\"c5ba8fc\" data-element_type=\"section\">\n\t\t\t\t\t\t<div class=\"elementor-container elementor-column-gap-default\">\n\t\t\t\t\t<div class=\"elementor-column elementor-col-100 elementor-top-column elementor-element elementor-element-af09748\" data-id=\"af09748\" data-element_type=\"column\" data-settings=\"{&quot;background_background&quot;:&quot;classic&quot;}\">\n\t\t\t<div class=\"elementor-widget-wrap elementor-element-populated\">\n\t\t\t\t\t\t\t\t<div class=\"elementor-element elementor-element-4f900be elementor-widget elementor-widget-heading\" data-id=\"4f900be\" data-element_type=\"widget\" data-widget_type=\"heading.default\">\n\t\t\t\t<div class=\"elementor-widget-container\">\n\t\t\t<style>\/*! elementor - v3.6.1 - 23-03-2022 *\/\n.elementor-heading-title{padding:0;margin:0;line-height:1}.elementor-widget-heading .elementor-heading-title[class*=elementor-size-]>a{color:inherit;font-size:inherit;line-height:inherit}.elementor-widget-heading .elementor-heading-title.elementor-size-small{font-size:15px}.elementor-widget-heading .elementor-heading-title.elementor-size-medium{font-size:19px}.elementor-widget-heading .elementor-heading-title.elementor-size-large{font-size:29px}.elementor-widget-heading .elementor-heading-title.elementor-size-xl{font-size:39px}.elementor-widget-heading .elementor-heading-title.elementor-size-xxl{font-size:59px}<\/style><h2 class=\"elementor-heading-title elementor-size-default\">Prezados(as) Colegas Microbiologistas<\/h2>\t\t<\/div>\n\t\t\t\t<\/div>\n\t\t\t\t<div class=\"elementor-element elementor-element-2c9e0e8 elementor-widget elementor-widget-text-editor\" data-id=\"2c9e0e8\" data-element_type=\"widget\" data-widget_type=\"text-editor.default\">\n\t\t\t\t<div class=\"elementor-widget-container\">\n\t\t\t<style>\/*! elementor - v3.6.1 - 23-03-2022 *\/\n.elementor-widget-text-editor.elementor-drop-cap-view-stacked .elementor-drop-cap{background-color:#818a91;color:#fff}.elementor-widget-text-editor.elementor-drop-cap-view-framed .elementor-drop-cap{color:#818a91;border:3px solid;background-color:transparent}.elementor-widget-text-editor:not(.elementor-drop-cap-view-default) .elementor-drop-cap{margin-top:8px}.elementor-widget-text-editor:not(.elementor-drop-cap-view-default) .elementor-drop-cap-letter{width:1em;height:1em}.elementor-widget-text-editor .elementor-drop-cap{float:left;text-align:center;line-height:1;font-size:50px}.elementor-widget-text-editor .elementor-drop-cap-letter{display:inline-block}<\/style>\t\t\t\t<p style=\"font-weight: 400;\">Ap\u00f3s dois anos dif\u00edceis em decorr\u00eancia da pandemia de Covid-19, que nos obrigou a suspender nossas atividades presenciais, \u00e9 com grande alegria que anunciamos o 32\u00b0 Congresso Brasileiro de Microbiologia (CBM-2023), organizado pela Sociedade Brasileira de Microbiologia (SBM), a ser realizado no per\u00edodo de\u00a018 a 22 de Outubro de 2023, no Rafain Palace Hotel &amp; Convention, em Foz do Igua\u00e7u &#8211; PR, Brasil.<\/p><p style=\"font-weight: 400;\">Estamos empenhados na elabora\u00e7\u00e3o de um programa cient\u00edfico de\u00a0 alto n\u00edvel, atrativo e diversificado, contemplando ao m\u00e1ximo as diferentes \u00e1reas da Microbiologia. Dessa vez, queremos os microbiologistas mais integrados ao evento, colaborando com a prepara\u00e7\u00e3o do programa cient\u00edfico.<\/p><p>\u00a0Em breve enviaremos um formul\u00e1rio para que possam fazer sugest\u00f5es de temas e indica\u00e7\u00e3o de conferencistas. Assim temos certeza que nosso evento contemplar\u00e1 temas atuais e relevantes, na fronteira do conhecimento em Microbiologia, estimulando a participa\u00e7\u00e3o de todos, estudantes e pesquisadores, al\u00e9m de promover uma maior aproxima\u00e7\u00e3o entre microbiologistas brasileiros e a SBM. Comece a se organizar para estar neste importante evento cient\u00edfico, que tanto nos enriquece academicamente e pessoalmente, pensado para oferecer, com conforto e qualidade, ci\u00eancia de alto n\u00edvel e momentos \u00fanicos a serem saboreados na linda cidade de Foz do Igua\u00e7u e imedia\u00e7\u00f5es.<\/p><p style=\"font-weight: 400;\">Estamos certos de que, com a sua colabora\u00e7\u00e3o e participa\u00e7\u00e3o o 32\u00b0 CBM ser\u00e1 um sucesso!<\/p><p style=\"font-weight: 400;\">Cordialmente<\/p><p style=\"font-weight: 400;\">Prof. Dr. Lu\u00eds Henrique Souza Guimar\u00e3es<br \/>Presidente da SBM<\/p>\t\t\t\t\t\t<\/div>\n\t\t\t\t<\/div>\n\t\t\t\t\t<\/div>\n\t\t<\/div>\n\t\t\t\t\t\t\t<\/div>\n\t\t<\/section>\n\t\t\t\t<section class=\"elementor-section elementor-top-section elementor-element elementor-element-fa0bb19 elementor-section-stretched elementor-section-boxed elementor-section-height-default elementor-section-height-default\" data-id=\"fa0bb19\" data-element_type=\"section\" data-settings=\"{&quot;background_background&quot;:&quot;classic&quot;,&quot;stretch_section&quot;:&quot;section-stretched&quot;}\">\n\t\t\t\t\t\t\t<div class=\"elementor-background-overlay\"><\/div>\n\t\t\t\t\t\t\t<div class=\"elementor-container elementor-column-gap-default\">\n\t\t\t\t\t<div class=\"elementor-column elementor-col-100 elementor-top-column elementor-element elementor-element-647cd76\" data-id=\"647cd76\" data-element_type=\"column\">\n\t\t\t<div class=\"elementor-widget-wrap elementor-element-populated\">\n\t\t\t\t\t\t\t\t<div class=\"elementor-element elementor-element-e1ced6f elementor-widget elementor-widget-heading\" data-id=\"e1ced6f\" data-element_type=\"widget\" data-widget_type=\"heading.default\">\n\t\t\t\t<div class=\"elementor-widget-container\">\n\t\t\t<h2 class=\"elementor-heading-title elementor-size-default\">Programa\u00e7\u00e3o<\/h2>\t\t<\/div>\n\t\t\t\t<\/div>\n\t\t\t\t<div class=\"elementor-element elementor-element-de57acb elementor-widget elementor-widget-text-editor\" data-id=\"de57acb\" data-element_type=\"widget\" data-widget_type=\"text-editor.default\">\n\t\t\t\t<div class=\"elementor-widget-container\">\n\t\t\t\t\t\t\t<p>Informamos que a programa\u00e7\u00e3o abaixo est\u00e1 em processo de elabora\u00e7\u00e3o, portanto, sujeita a altera\u00e7\u00f5es.<\/p>\t\t\t\t\t\t<\/div>\n\t\t\t\t<\/div>\n\t\t\t\t<div class=\"elementor-element elementor-element-2d6dec2 elementor-align-center elementor-widget elementor-widget-button\" data-id=\"2d6dec2\" data-element_type=\"widget\" data-widget_type=\"button.default\">\n\t\t\t\t<div class=\"elementor-widget-container\">\n\t\t\t\t\t<div class=\"elementor-button-wrapper\">\n\t\t\t<a href=\"https:\/\/sbmicrobiologia.org.br\/32cbm2023\/programacao\/\" target=\"_blank\" class=\"elementor-button-link elementor-button elementor-size-xs elementor-animation-pulse\" role=\"button\">\n\t\t\t\t\t\t<span class=\"elementor-button-content-wrapper\">\n\t\t\t\t\t\t\t<span class=\"elementor-button-icon elementor-align-icon-left\">\n\t\t\t\t<i aria-hidden=\"true\" class=\"far fa-calendar-check\"><\/i>\t\t\t<\/span>\n\t\t\t\t\t\t<span class=\"elementor-button-text\">Clique aqui para acessar a programa\u00e7\u00e3o do evento<\/span>\n\t\t<\/span>\n\t\t\t\t\t<\/a>\n\t\t<\/div>\n\t\t\t\t<\/div>\n\t\t\t\t<\/div>\n\t\t\t\t\t<\/div>\n\t\t<\/div>\n\t\t\t\t\t\t\t<\/div>\n\t\t<\/section>\n\t\t\t\t\t\t\t<\/div>\n\t\t","protected":false},"excerpt":{"rendered":"<p>Prezados(as) Colegas Microbiologistas Ap\u00f3s dois anos dif\u00edceis em decorr\u00eancia da pandemia de Covid-19, que nos obrigou a suspender nossas atividades presenciais, \u00e9 com grande alegria que anunciamos o 32\u00b0 Congresso Brasileiro de Microbiologia (CBM-2023), organizado pela Sociedade Brasileira de Microbiologia (SBM), a ser realizado no per\u00edodo de\u00a018 a 22 de Outubro de 2023, no Rafain [&hellip;]<\/p>\n","protected":false},"author":1,"featured_media":0,"parent":0,"menu_order":0,"comment_status":"closed","ping_status":"closed","template":"","meta":{"footnotes":""},"class_list":["post-33","page","type-page","status-publish","hentry"],"_links":{"self":[{"href":"https:\/\/sbmicrobiologia.org.br\/32cbm2023\/wp-json\/wp\/v2\/pages\/33","targetHints":{"allow":["GET"]}}],"collection":[{"href":"https:\/\/sbmicrobiologia.org.br\/32cbm2023\/wp-json\/wp\/v2\/pages"}],"about":[{"href":"https:\/\/sbmicrobiologia.org.br\/32cbm2023\/wp-json\/wp\/v2\/types\/page"}],"author":[{"embeddable":true,"href":"https:\/\/sbmicrobiologia.org.br\/32cbm2023\/wp-json\/wp\/v2\/users\/1"}],"replies":[{"embeddable":true,"href":"https:\/\/sbmicrobiologia.org.br\/32cbm2023\/wp-json\/wp\/v2\/comments?post=33"}],"version-history":[{"count":67,"href":"https:\/\/sbmicrobiologia.org.br\/32cbm2023\/wp-json\/wp\/v2\/pages\/33\/revisions"}],"predecessor-version":[{"id":976,"href":"https:\/\/sbmicrobiologia.org.br\/32cbm2023\/wp-json\/wp\/v2\/pages\/33\/revisions\/976"}],"wp:attachment":[{"href":"https:\/\/sbmicrobiologia.org.br\/32cbm2023\/wp-json\/wp\/v2\/media?parent=33"}],"curies":[{"name":"wp","href":"https:\/\/api.w.org\/{rel}","templated":true}]}}