{"id":1051,"date":"2023-06-07T11:21:41","date_gmt":"2023-06-07T14:21:41","guid":{"rendered":"https:\/\/sbmicrobiologia.org.br\/32cbm2023\/?page_id=1051"},"modified":"2023-10-09T15:05:07","modified_gmt":"2023-10-09T18:05:07","slug":"premiacoes","status":"publish","type":"page","link":"https:\/\/sbmicrobiologia.org.br\/32cbm2023\/premiacoes\/","title":{"rendered":"Premia\u00e7\u00f5es"},"content":{"rendered":"\t\t<div data-elementor-type=\"wp-page\" data-elementor-id=\"1051\" class=\"elementor elementor-1051\">\n\t\t\t\t\t\t\t\t\t<section class=\"elementor-section elementor-top-section elementor-element elementor-element-9939729 elementor-section-boxed elementor-section-height-default elementor-section-height-default\" data-id=\"9939729\" data-element_type=\"section\">\n\t\t\t\t\t\t<div class=\"elementor-container elementor-column-gap-default\">\n\t\t\t\t\t<div class=\"elementor-column elementor-col-100 elementor-top-column elementor-element elementor-element-81068fd\" data-id=\"81068fd\" data-element_type=\"column\" data-settings=\"{&quot;background_background&quot;:&quot;classic&quot;}\">\n\t\t\t<div class=\"elementor-widget-wrap elementor-element-populated\">\n\t\t\t\t\t\t\t\t<div class=\"elementor-element elementor-element-50af764 elementor-widget elementor-widget-heading\" data-id=\"50af764\" data-element_type=\"widget\" data-widget_type=\"heading.default\">\n\t\t\t\t<div class=\"elementor-widget-container\">\n\t\t\t<style>\/*! elementor - v3.6.1 - 23-03-2022 *\/\n.elementor-heading-title{padding:0;margin:0;line-height:1}.elementor-widget-heading .elementor-heading-title[class*=elementor-size-]>a{color:inherit;font-size:inherit;line-height:inherit}.elementor-widget-heading .elementor-heading-title.elementor-size-small{font-size:15px}.elementor-widget-heading .elementor-heading-title.elementor-size-medium{font-size:19px}.elementor-widget-heading .elementor-heading-title.elementor-size-large{font-size:29px}.elementor-widget-heading .elementor-heading-title.elementor-size-xl{font-size:39px}.elementor-widget-heading .elementor-heading-title.elementor-size-xxl{font-size:59px}<\/style><h2 class=\"elementor-heading-title elementor-size-default\">PREMIA\u00c7\u00c3O JOVEM MICROBIOLOGISTA DE ALIMENTOS<\/h2>\t\t<\/div>\n\t\t\t\t<\/div>\n\t\t\t\t<div class=\"elementor-element elementor-element-fd60afc elementor-widget elementor-widget-text-editor\" data-id=\"fd60afc\" data-element_type=\"widget\" data-widget_type=\"text-editor.default\">\n\t\t\t\t<div class=\"elementor-widget-container\">\n\t\t\t<style>\/*! elementor - v3.6.1 - 23-03-2022 *\/\n.elementor-widget-text-editor.elementor-drop-cap-view-stacked .elementor-drop-cap{background-color:#818a91;color:#fff}.elementor-widget-text-editor.elementor-drop-cap-view-framed .elementor-drop-cap{color:#818a91;border:3px solid;background-color:transparent}.elementor-widget-text-editor:not(.elementor-drop-cap-view-default) .elementor-drop-cap{margin-top:8px}.elementor-widget-text-editor:not(.elementor-drop-cap-view-default) .elementor-drop-cap-letter{width:1em;height:1em}.elementor-widget-text-editor .elementor-drop-cap{float:left;text-align:center;line-height:1;font-size:50px}.elementor-widget-text-editor .elementor-drop-cap-letter{display:inline-block}<\/style>\t\t\t\t<div class=\"page\" title=\"Page 1\"><div class=\"layoutArea\"><div class=\"column\"><div class=\"page\" title=\"Page 1\"><div class=\"layoutArea\"><div class=\"column\"><div class=\"page\" title=\"Page 1\"><div class=\"layoutArea\"><div class=\"column\"><p style=\"font-weight: 400;\">A\u00a0<strong>Associa\u00e7\u00e3o Brasileira para a Prote\u00e7\u00e3o dos Alimentos<\/strong>\u00a0ira\u0301 promover uma premiac\u0327a\u0303o para valorizar o jovem microbiologista de alimentos durante o 32o Congresso Brasileiro de Microbiologia, entre os dias 18 e 22 de outubro de 2023, em Foz do Iguac\u0327u, Brasil.<\/p><p style=\"font-weight: 400;\"><strong>Objetivos da premia\u00e7\u00e3o JOVEM MICROBIOLOGISTA DE ALIMENTOS<\/strong><\/p><ul style=\"font-weight: 400;\"><li>Apoiar e encorajar estudantes e rece\u0301m titulados (Mestres e Doutores) a apresentar resultados de suas pesquisas de treinamentos na a\u0301rea de Microbiologia de Alimentos<\/li><li>Estimular a participa\u00e7\u00e3o de jovens microbiologistas no 32o Congresso Brasileiro de Microbiologia<\/li><\/ul><\/div><\/div><\/div><\/div><\/div><\/div><\/div><\/div><\/div>\t\t\t\t\t\t<\/div>\n\t\t\t\t<\/div>\n\t\t\t\t<div class=\"elementor-element elementor-element-cee9059 elementor-widget elementor-widget-button\" data-id=\"cee9059\" data-element_type=\"widget\" data-widget_type=\"button.default\">\n\t\t\t\t<div class=\"elementor-widget-container\">\n\t\t\t\t\t<div class=\"elementor-button-wrapper\">\n\t\t\t<a href=\"https:\/\/sbmicrobiologia.org.br\/32cbm2023\/wp-content\/uploads\/2023\/06\/CBM-2023-premio-ABRAPA-2023-06-14-1.pdf\" target=\"_blank\" class=\"elementor-button-link elementor-button elementor-size-sm\" role=\"button\">\n\t\t\t\t\t\t<span class=\"elementor-button-content-wrapper\">\n\t\t\t\t\t\t\t<span class=\"elementor-button-icon elementor-align-icon-left\">\n\t\t\t\t<i aria-hidden=\"true\" class=\"fas fa-external-link-square-alt\"><\/i>\t\t\t<\/span>\n\t\t\t\t\t\t<span class=\"elementor-button-text\">Download do Edital<\/span>\n\t\t<\/span>\n\t\t\t\t\t<\/a>\n\t\t<\/div>\n\t\t\t\t<\/div>\n\t\t\t\t<\/div>\n\t\t\t\t<div class=\"elementor-element elementor-element-939e7a6 elementor-widget-divider--view-line elementor-widget elementor-widget-divider\" data-id=\"939e7a6\" data-element_type=\"widget\" data-widget_type=\"divider.default\">\n\t\t\t\t<div class=\"elementor-widget-container\">\n\t\t\t<style>\/*! elementor - v3.6.1 - 23-03-2022 *\/\n.elementor-widget-divider{--divider-border-style:none;--divider-border-width:1px;--divider-color:#2c2c2c;--divider-icon-size:20px;--divider-element-spacing:10px;--divider-pattern-height:24px;--divider-pattern-size:20px;--divider-pattern-url:none;--divider-pattern-repeat:repeat-x}.elementor-widget-divider .elementor-divider{display:-webkit-box;display:-ms-flexbox;display:flex}.elementor-widget-divider .elementor-divider__text{font-size:15px;line-height:1;max-width:95%}.elementor-widget-divider .elementor-divider__element{margin:0 var(--divider-element-spacing);-ms-flex-negative:0;flex-shrink:0}.elementor-widget-divider .elementor-icon{font-size:var(--divider-icon-size)}.elementor-widget-divider .elementor-divider-separator{display:-webkit-box;display:-ms-flexbox;display:flex;margin:0;direction:ltr}.elementor-widget-divider--view-line_icon .elementor-divider-separator,.elementor-widget-divider--view-line_text .elementor-divider-separator{-webkit-box-align:center;-ms-flex-align:center;align-items:center}.elementor-widget-divider--view-line_icon .elementor-divider-separator:after,.elementor-widget-divider--view-line_icon .elementor-divider-separator:before,.elementor-widget-divider--view-line_text .elementor-divider-separator:after,.elementor-widget-divider--view-line_text .elementor-divider-separator:before{display:block;content:\"\";border-bottom:0;-webkit-box-flex:1;-ms-flex-positive:1;flex-grow:1;border-top:var(--divider-border-width) var(--divider-border-style) var(--divider-color)}.elementor-widget-divider--element-align-left .elementor-divider .elementor-divider-separator>.elementor-divider__svg:first-of-type{-webkit-box-flex:0;-ms-flex-positive:0;flex-grow:0;-ms-flex-negative:100;flex-shrink:100}.elementor-widget-divider--element-align-left .elementor-divider-separator:before{content:none}.elementor-widget-divider--element-align-left .elementor-divider__element{margin-left:0}.elementor-widget-divider--element-align-right .elementor-divider .elementor-divider-separator>.elementor-divider__svg:last-of-type{-webkit-box-flex:0;-ms-flex-positive:0;flex-grow:0;-ms-flex-negative:100;flex-shrink:100}.elementor-widget-divider--element-align-right .elementor-divider-separator:after{content:none}.elementor-widget-divider--element-align-right .elementor-divider__element{margin-right:0}.elementor-widget-divider:not(.elementor-widget-divider--view-line_text):not(.elementor-widget-divider--view-line_icon) .elementor-divider-separator{border-top:var(--divider-border-width) var(--divider-border-style) var(--divider-color)}.elementor-widget-divider--separator-type-pattern{--divider-border-style:none}.elementor-widget-divider--separator-type-pattern.elementor-widget-divider--view-line .elementor-divider-separator,.elementor-widget-divider--separator-type-pattern:not(.elementor-widget-divider--view-line) .elementor-divider-separator:after,.elementor-widget-divider--separator-type-pattern:not(.elementor-widget-divider--view-line) .elementor-divider-separator:before,.elementor-widget-divider--separator-type-pattern:not([class*=elementor-widget-divider--view]) .elementor-divider-separator{width:100%;min-height:var(--divider-pattern-height);-webkit-mask-size:var(--divider-pattern-size) 100%;mask-size:var(--divider-pattern-size) 100%;-webkit-mask-repeat:var(--divider-pattern-repeat);mask-repeat:var(--divider-pattern-repeat);background-color:var(--divider-color);-webkit-mask-image:var(--divider-pattern-url);mask-image:var(--divider-pattern-url)}.elementor-widget-divider--no-spacing{--divider-pattern-size:auto}.elementor-widget-divider--bg-round{--divider-pattern-repeat:round}.rtl .elementor-widget-divider .elementor-divider__text{direction:rtl}<\/style>\t\t<div class=\"elementor-divider\">\n\t\t\t<span class=\"elementor-divider-separator\">\n\t\t\t\t\t\t<\/span>\n\t\t<\/div>\n\t\t\t\t<\/div>\n\t\t\t\t<\/div>\n\t\t\t\t<div class=\"elementor-element elementor-element-f16c5a8 elementor-widget elementor-widget-heading\" data-id=\"f16c5a8\" data-element_type=\"widget\" data-widget_type=\"heading.default\">\n\t\t\t\t<div class=\"elementor-widget-container\">\n\t\t\t<h2 class=\"elementor-heading-title elementor-size-default\">DEVELOPING SCIENTIST AWARD COMPETITION<\/h2>\t\t<\/div>\n\t\t\t\t<\/div>\n\t\t\t\t<div class=\"elementor-element elementor-element-97bf597 elementor-widget elementor-widget-text-editor\" data-id=\"97bf597\" data-element_type=\"widget\" data-widget_type=\"text-editor.default\">\n\t\t\t\t<div class=\"elementor-widget-container\">\n\t\t\t\t\t\t\t<div class=\"page\" title=\"Page 1\"><div class=\"layoutArea\"><div class=\"column\"><div class=\"page\" title=\"Page 1\"><div class=\"layoutArea\"><div class=\"column\"><p>The International Committee on Food Microbiology and Hygiene (ICFMH) will sponsor a Developing Scientist Competition at the 32nd Brazilian Congress of Microbiology, Brazil.<\/p><div class=\"page\" title=\"Page 1\"><div class=\"layoutArea\"><div class=\"column\"><p><strong>Purpose of the Developing Scientist Competition<\/strong><\/p><ul><li>To encourage students and recent graduates to present their original research in the field of Food Microbiology.<\/li><li>To foster professionalism in students and recent graduates through contact with peers who attend the 32nd Brazilian Congress of Microbiology.<\/li><\/ul><\/div><\/div><\/div><\/div><\/div><\/div><\/div><\/div><\/div>\t\t\t\t\t\t<\/div>\n\t\t\t\t<\/div>\n\t\t\t\t<div class=\"elementor-element elementor-element-0f09412 elementor-widget elementor-widget-button\" data-id=\"0f09412\" data-element_type=\"widget\" data-widget_type=\"button.default\">\n\t\t\t\t<div class=\"elementor-widget-container\">\n\t\t\t\t\t<div class=\"elementor-button-wrapper\">\n\t\t\t<a href=\"https:\/\/sbmicrobiologia.org.br\/32cbm2023\/wp-content\/uploads\/2023\/06\/CBM-2023-ICFMH-award.pdf\" target=\"_blank\" class=\"elementor-button-link elementor-button elementor-size-sm\" role=\"button\">\n\t\t\t\t\t\t<span class=\"elementor-button-content-wrapper\">\n\t\t\t\t\t\t\t<span class=\"elementor-button-icon elementor-align-icon-left\">\n\t\t\t\t<i aria-hidden=\"true\" class=\"fas fa-external-link-square-alt\"><\/i>\t\t\t<\/span>\n\t\t\t\t\t\t<span class=\"elementor-button-text\">Download<\/span>\n\t\t<\/span>\n\t\t\t\t\t<\/a>\n\t\t<\/div>\n\t\t\t\t<\/div>\n\t\t\t\t<\/div>\n\t\t\t\t<div class=\"elementor-element elementor-element-6561c7d elementor-widget-divider--view-line elementor-widget elementor-widget-divider\" data-id=\"6561c7d\" data-element_type=\"widget\" data-widget_type=\"divider.default\">\n\t\t\t\t<div class=\"elementor-widget-container\">\n\t\t\t\t\t<div class=\"elementor-divider\">\n\t\t\t<span class=\"elementor-divider-separator\">\n\t\t\t\t\t\t<\/span>\n\t\t<\/div>\n\t\t\t\t<\/div>\n\t\t\t\t<\/div>\n\t\t\t\t<div class=\"elementor-element elementor-element-c7552a2 elementor-widget elementor-widget-heading\" data-id=\"c7552a2\" data-element_type=\"widget\" data-widget_type=\"heading.default\">\n\t\t\t\t<div class=\"elementor-widget-container\">\n\t\t\t<h2 class=\"elementor-heading-title elementor-size-default\">PREMIA\u00c7\u00c3O AMERICAN SOCIETY FOR MICROBIOLOGY (ASM) \u2013 2 BEST POSTER AWARDS<\/h2>\t\t<\/div>\n\t\t\t\t<\/div>\n\t\t\t\t<div class=\"elementor-element elementor-element-78c5b86 elementor-widget elementor-widget-text-editor\" data-id=\"78c5b86\" data-element_type=\"widget\" data-widget_type=\"text-editor.default\">\n\t\t\t\t<div class=\"elementor-widget-container\">\n\t\t\t\t\t\t\t<div class=\"page\" title=\"Page 1\"><div class=\"layoutArea\"><div class=\"column\"><div class=\"page\" title=\"Page 1\"><div class=\"layoutArea\"><div class=\"column\"><p class=\"p1\">A <i>American Society for Microbiology<\/i> (ASM) oferecer\u00e1, por interm\u00e9dio de Felipe Piedade Gon\u00e7alves Neves (<i>ASM Country Ambassador to Brazil<\/i>) e Natalia Silva da Costa-Granato (<i>ASM Young Ambassador to Brazil<\/i>), dois pr\u00eamios de melhores p\u00f4steres apresentados no 32\u00ba Congresso Brasileiro de Microbiologia. Essa iniciativa refor\u00e7a o estreitamento dos la\u00e7os entre as maiores sociedades relacionadas \u00e0 \u00e1rea de Microbiologia de cada pa\u00eds e destaca o papel dessas sociedades cient\u00edficas na promo\u00e7\u00e3o e no incentivo \u00e0 pesquisa em Microbiologia e \u00e1reas correlatas no pa\u00eds.<\/p><p class=\"p1\">Os pr\u00eamios (\u201cbest poster awards\u201d) consistem em um e-book da ASM e uma anuidade da ASM para estudantes. Os resumos enviados e apresentados na forma de p\u00f4ster estar\u00e3o concorrendo automaticamente aos pr\u00eamios. Os p\u00f4steres pr\u00e9-selecionados participar\u00e3o da modalidade \u201cPoster Flash Talk\u201d e far\u00e3o uma apresenta\u00e7\u00e3o r\u00e1pida de 5 min em um <i>lounge<\/i> espec\u00edfico na \u00e1rea de exposi\u00e7\u00e3o de p\u00f4ster durante a sess\u00e3o de apresenta\u00e7\u00e3o de p\u00f4steres.<\/p><p><img loading=\"lazy\" decoding=\"async\" class=\"alignnone wp-image-1160\" src=\"https:\/\/sbmicrobiologia.org.br\/32cbm2023\/wp-content\/uploads\/2023\/07\/img-2-300x108.png\" alt=\"\" width=\"180\" height=\"65\" srcset=\"https:\/\/sbmicrobiologia.org.br\/32cbm2023\/wp-content\/uploads\/2023\/07\/img-2-300x108.png 300w, https:\/\/sbmicrobiologia.org.br\/32cbm2023\/wp-content\/uploads\/2023\/07\/img-2.png 429w\" sizes=\"auto, (max-width: 180px) 100vw, 180px\" \/><\/p><\/div><\/div><\/div><\/div><\/div><\/div>\t\t\t\t\t\t<\/div>\n\t\t\t\t<\/div>\n\t\t\t\t<div class=\"elementor-element elementor-element-9f8232d elementor-widget-divider--view-line elementor-widget elementor-widget-divider\" data-id=\"9f8232d\" data-element_type=\"widget\" data-widget_type=\"divider.default\">\n\t\t\t\t<div class=\"elementor-widget-container\">\n\t\t\t\t\t<div class=\"elementor-divider\">\n\t\t\t<span class=\"elementor-divider-separator\">\n\t\t\t\t\t\t<\/span>\n\t\t<\/div>\n\t\t\t\t<\/div>\n\t\t\t\t<\/div>\n\t\t\t\t<div class=\"elementor-element elementor-element-81bbc48 elementor-widget elementor-widget-heading\" data-id=\"81bbc48\" data-element_type=\"widget\" data-widget_type=\"heading.default\">\n\t\t\t\t<div class=\"elementor-widget-container\">\n\t\t\t<h2 class=\"elementor-heading-title elementor-size-default\">Pr\u00eamio \u201cIsaac Roitman\u201d de Inicia\u00e7\u00e3o Cient\u00edfica<\/h2>\t\t<\/div>\n\t\t\t\t<\/div>\n\t\t\t\t<div class=\"elementor-element elementor-element-e186ada elementor-widget elementor-widget-text-editor\" data-id=\"e186ada\" data-element_type=\"widget\" data-widget_type=\"text-editor.default\">\n\t\t\t\t<div class=\"elementor-widget-container\">\n\t\t\t\t\t\t\t<div class=\"page\" title=\"Page 1\"><div class=\"layoutArea\"><div class=\"column\"><div class=\"page\" title=\"Page 1\"><div class=\"layoutArea\"><div class=\"column\"><p class=\"p3\">O pr\u00eamio\u00a0<b>\u201cIsaac Roitman\u201d<\/b>, inspirado na trajet\u00f3ria desse eminente cientista, pretende contribuir para valorizar a forma\u00e7\u00e3o de pesquisadores ingressantes na \u00e1rea de microbiologia.<\/p><p class=\"p4\">A inicia\u00e7\u00e3o Cient\u00edfica universit\u00e1ria foi institu\u00edda em 1951 pelo CNPq e a Inicia\u00e7\u00e3o Cient\u00edfica Junior, para estudantes do ensino b\u00e1sico em 2004, tamb\u00e9m pelo CNPq.<\/p><p class=\"p5\">Podem se candidatar estudantes do ensino b\u00e1sico e de gradua\u00e7\u00e3o de universidades e centros de pesquisas inscritos para a apresenta\u00e7\u00e3o de trabalhos no Congresso Brasileiro de Microbiologia (CBM) e com 1\u00aa autoria.<\/p><\/div><\/div><\/div><\/div><\/div><\/div>\t\t\t\t\t\t<\/div>\n\t\t\t\t<\/div>\n\t\t\t\t<div class=\"elementor-element elementor-element-a7dd21d elementor-widget elementor-widget-button\" data-id=\"a7dd21d\" data-element_type=\"widget\" data-widget_type=\"button.default\">\n\t\t\t\t<div class=\"elementor-widget-container\">\n\t\t\t\t\t<div class=\"elementor-button-wrapper\">\n\t\t\t<a href=\"https:\/\/sbmicrobiologia.org.br\/premio-isaac-roitman-de-iniciacao-cientifica\/\" target=\"_blank\" class=\"elementor-button-link elementor-button elementor-size-sm\" role=\"button\">\n\t\t\t\t\t\t<span class=\"elementor-button-content-wrapper\">\n\t\t\t\t\t\t\t<span class=\"elementor-button-icon elementor-align-icon-left\">\n\t\t\t\t<i aria-hidden=\"true\" class=\"fas fa-external-link-square-alt\"><\/i>\t\t\t<\/span>\n\t\t\t\t\t\t<span class=\"elementor-button-text\">SAIBA MAIS<\/span>\n\t\t<\/span>\n\t\t\t\t\t<\/a>\n\t\t<\/div>\n\t\t\t\t<\/div>\n\t\t\t\t<\/div>\n\t\t\t\t<div class=\"elementor-element elementor-element-b75d79e elementor-widget-divider--view-line elementor-widget elementor-widget-divider\" data-id=\"b75d79e\" data-element_type=\"widget\" data-widget_type=\"divider.default\">\n\t\t\t\t<div class=\"elementor-widget-container\">\n\t\t\t\t\t<div class=\"elementor-divider\">\n\t\t\t<span class=\"elementor-divider-separator\">\n\t\t\t\t\t\t<\/span>\n\t\t<\/div>\n\t\t\t\t<\/div>\n\t\t\t\t<\/div>\n\t\t\t\t<div class=\"elementor-element elementor-element-60e0cf4 elementor-widget elementor-widget-heading\" data-id=\"60e0cf4\" data-element_type=\"widget\" data-widget_type=\"heading.default\">\n\t\t\t\t<div class=\"elementor-widget-container\">\n\t\t\t<h2 class=\"elementor-heading-title elementor-size-default\">PREMIA\u00c7\u00c3O MICROBIOLOGY SOCIETY \u2013 4 BEST POSTER AWARDS<\/h2>\t\t<\/div>\n\t\t\t\t<\/div>\n\t\t\t\t<div class=\"elementor-element elementor-element-2f84bff elementor-widget elementor-widget-text-editor\" data-id=\"2f84bff\" data-element_type=\"widget\" data-widget_type=\"text-editor.default\">\n\t\t\t\t<div class=\"elementor-widget-container\">\n\t\t\t\t\t\t\t<div class=\"page\" title=\"Page 1\"><div class=\"layoutArea\"><div class=\"column\"><div class=\"page\" title=\"Page 1\"><div class=\"layoutArea\"><div class=\"column\"><p>A Microbiology Society (MicrobSoc) oferecer\u00e1 4 (quatro) pr\u00eamios de melhores p\u00f4steres apresentados no 32\u00ba Congresso Brasileiro de Microbiologia. Essa iniciativa marca o in\u00edcio da parceria entre as duas sociedades, refor\u00e7ando o seu conprimisso com a promo\u00e7\u00e3o e o incentivo \u00e0 pesquisa em Microbiologia e \u00e1reas correlatas no pa\u00eds.<\/p><p>Os resumos enviados e apresentados na forma de p\u00f4ster estar\u00e3o concorrendo automaticamente aos pr\u00eamios. Os p\u00f4steres pr\u00e9-selecionados participar\u00e3o da modalidade \u201cPoster Flash Talk\u201d e far\u00e3o uma apresenta\u00e7\u00e3o r\u00e1pida de 5 min em um lounge espec\u00edfico na \u00e1rea de exposi\u00e7\u00e3o de p\u00f4ster durante a sess\u00e3o de apresenta\u00e7\u00e3o de p\u00f4steres.<\/p><\/div><\/div><\/div><\/div><\/div><\/div>\t\t\t\t\t\t<\/div>\n\t\t\t\t<\/div>\n\t\t\t\t<div class=\"elementor-element elementor-element-d8114b4 elementor-widget-divider--view-line elementor-widget elementor-widget-divider\" data-id=\"d8114b4\" data-element_type=\"widget\" data-widget_type=\"divider.default\">\n\t\t\t\t<div class=\"elementor-widget-container\">\n\t\t\t\t\t<div class=\"elementor-divider\">\n\t\t\t<span class=\"elementor-divider-separator\">\n\t\t\t\t\t\t<\/span>\n\t\t<\/div>\n\t\t\t\t<\/div>\n\t\t\t\t<\/div>\n\t\t\t\t<div class=\"elementor-element elementor-element-5521952 elementor-widget elementor-widget-heading\" data-id=\"5521952\" data-element_type=\"widget\" data-widget_type=\"heading.default\">\n\t\t\t\t<div class=\"elementor-widget-container\">\n\t\t\t<h2 class=\"elementor-heading-title elementor-size-default\">PREMIA\u00c7\u00c3O FEMS \u2013 (FEMS Journal best prize)<\/h2>\t\t<\/div>\n\t\t\t\t<\/div>\n\t\t\t\t<div class=\"elementor-element elementor-element-dab620f elementor-widget elementor-widget-text-editor\" data-id=\"dab620f\" data-element_type=\"widget\" data-widget_type=\"text-editor.default\">\n\t\t\t\t<div class=\"elementor-widget-container\">\n\t\t\t\t\t\t\t<div class=\"page\" title=\"Page 1\"><div class=\"layoutArea\"><div class=\"column\"><div class=\"page\" title=\"Page 1\"><div class=\"layoutArea\"><div class=\"column\"><p>A FEMS oferecer\u00e1 1 (um) pr\u00eamio de melhor p\u00f4ster no 32\u00ba Congresso Brasileiro de Microbiologia. Essa iniciativa marca o in\u00edcio da parceria entre a SBM e a FEMS, refor\u00e7ando o seu compromisso com a promo\u00e7\u00e3o e o incentivo \u00e0 pesquisa em Microbiologia e \u00e1reas correlatas no pa\u00eds.<\/p><p>Os resumos enviados e apresentados na forma de p\u00f4ster estar\u00e3o concorrendo automaticamente aos pr\u00eamios. Os p\u00f4steres pr\u00e9-selecionados participar\u00e3o da modalidade \u201cPoster Flash Talk\u201d e far\u00e3o uma apresenta\u00e7\u00e3o r\u00e1pida de 5 min em um lounge espec\u00edfico na \u00e1rea de exposi\u00e7\u00e3o de p\u00f4ster durante a sess\u00e3o de apresenta\u00e7\u00e3o de p\u00f4steres.<\/p><\/div><\/div><\/div><\/div><\/div><\/div>\t\t\t\t\t\t<\/div>\n\t\t\t\t<\/div>\n\t\t\t\t\t<\/div>\n\t\t<\/div>\n\t\t\t\t\t\t\t<\/div>\n\t\t<\/section>\n\t\t\t\t\t\t\t<\/div>\n\t\t","protected":false},"excerpt":{"rendered":"<p>PREMIA\u00c7\u00c3O JOVEM MICROBIOLOGISTA DE ALIMENTOS A\u00a0Associa\u00e7\u00e3o Brasileira para a Prote\u00e7\u00e3o dos Alimentos\u00a0ira\u0301 promover uma premiac\u0327a\u0303o para valorizar o jovem microbiologista de alimentos durante o 32o Congresso Brasileiro de Microbiologia, entre os dias 18 e 22 de outubro de 2023, em Foz do Iguac\u0327u, Brasil. Objetivos da premia\u00e7\u00e3o JOVEM MICROBIOLOGISTA DE ALIMENTOS Apoiar e encorajar estudantes [&hellip;]<\/p>\n","protected":false},"author":1,"featured_media":0,"parent":0,"menu_order":0,"comment_status":"closed","ping_status":"closed","template":"","meta":{"footnotes":""},"class_list":["post-1051","page","type-page","status-publish","hentry"],"_links":{"self":[{"href":"https:\/\/sbmicrobiologia.org.br\/32cbm2023\/wp-json\/wp\/v2\/pages\/1051","targetHints":{"allow":["GET"]}}],"collection":[{"href":"https:\/\/sbmicrobiologia.org.br\/32cbm2023\/wp-json\/wp\/v2\/pages"}],"about":[{"href":"https:\/\/sbmicrobiologia.org.br\/32cbm2023\/wp-json\/wp\/v2\/types\/page"}],"author":[{"embeddable":true,"href":"https:\/\/sbmicrobiologia.org.br\/32cbm2023\/wp-json\/wp\/v2\/users\/1"}],"replies":[{"embeddable":true,"href":"https:\/\/sbmicrobiologia.org.br\/32cbm2023\/wp-json\/wp\/v2\/comments?post=1051"}],"version-history":[{"count":58,"href":"https:\/\/sbmicrobiologia.org.br\/32cbm2023\/wp-json\/wp\/v2\/pages\/1051\/revisions"}],"predecessor-version":[{"id":1385,"href":"https:\/\/sbmicrobiologia.org.br\/32cbm2023\/wp-json\/wp\/v2\/pages\/1051\/revisions\/1385"}],"wp:attachment":[{"href":"https:\/\/sbmicrobiologia.org.br\/32cbm2023\/wp-json\/wp\/v2\/media?parent=1051"}],"curies":[{"name":"wp","href":"https:\/\/api.w.org\/{rel}","templated":true}]}}