{"id":81,"date":"2021-06-10T08:44:39","date_gmt":"2021-06-10T11:44:39","guid":{"rendered":"https:\/\/sbmicrobiologia.org.br\/31cbm2021\/?page_id=81"},"modified":"2021-06-10T15:16:10","modified_gmt":"2021-06-10T18:16:10","slug":"seja-um-patrocinador","status":"publish","type":"page","link":"https:\/\/sbmicrobiologia.org.br\/31cbm2021\/seja-um-patrocinador\/","title":{"rendered":"Seja um patrocinador"},"content":{"rendered":"<p style=\"font-weight: 400;\"><strong>CBM Ouro &#8211; Investimento : R$ 13.800,00<\/strong><\/p>\n<p style=\"font-weight: 400;\">Uma confer\u00eancia de at\u00e9 30 minutos na grade cient\u00edfica<\/p>\n<p style=\"font-weight: 400;\">3 inscri\u00e7\u00f5es no evento<\/p>\n<p style=\"font-weight: 400;\">4 inser\u00e7\u00f5es de 30 seg. nos intervalos ao longo dos 2 dias\/sala<\/p>\n<p style=\"font-weight: 400;\">1 v\u00eddeo de at\u00e9 1 minuto no intervalo do almo\u00e7o por dia\/sala<\/p>\n<p style=\"font-weight: 400;\">Espa\u00e7o do expositor\u00a0\u2013\u00a0Hotsite com inser\u00e7\u00e3o de v\u00eddeos, imagens e<\/p>\n<p style=\"font-weight: 400;\">links de redirecionamento de site externo com link para WhatsApp.<\/p>\n<p style=\"font-weight: 400;\">Logo no site e cards de divulga\u00e7\u00e3o<\/p>\n<p style=\"font-weight: 400;\">At\u00e9 4 cotas<\/p>\n<p>&nbsp;<\/p>\n<p style=\"font-weight: 400;\"><strong>CBM Prata &#8211; Investimento : R$ 10.800,00<\/strong><\/p>\n<p style=\"font-weight: 400;\">Uma confer\u00eancia de at\u00e9 30 minutos na grade cient\u00edfica<\/p>\n<p style=\"font-weight: 400;\">2 inser\u00e7\u00f5es de 30 seg. nos intervalos ao longo dos 2 dias\/ sala<\/p>\n<p style=\"font-weight: 400;\">1 v\u00eddeo de at\u00e9 30 seg. no intervalo do almo\u00e7o por dia\/sala<\/p>\n<p style=\"font-weight: 400;\">Espa\u00e7o do expositor\u00a0\u2013\u00a0Hotsite com inser\u00e7\u00e3o de v\u00eddeos, imagens e<\/p>\n<p style=\"font-weight: 400;\">links de redirecionamento de site externo com link para WhatsApp.<\/p>\n<p style=\"font-weight: 400;\">Logo no site e cards de divulga\u00e7\u00e3o<\/p>\n<p style=\"font-weight: 400;\">At\u00e9 4 cotas<\/p>\n<p>&nbsp;<\/p>\n<p style=\"font-weight: 400;\"><strong>CBM Bronze &#8211; Investimento : R$ 8.800,00<\/strong><\/p>\n<p style=\"font-weight: 400;\">Uma confer\u00eancia de at\u00e9 20 minutos na grade cient\u00edfica<\/p>\n<p style=\"font-weight: 400;\">1 inser\u00e7\u00f5es de 30 seg. nos intervalos ao longo dos 2 dias\/sala<\/p>\n<p style=\"font-weight: 400;\">1 v\u00eddeo de at\u00e9 30 seg. no intervalo do almo\u00e7o por dia\/ sala<\/p>\n<p style=\"font-weight: 400;\">Espa\u00e7o do expositor\u00a0\u2013\u00a0Hotsite com inser\u00e7\u00e3o de v\u00eddeos, imagens e<\/p>\n<p style=\"font-weight: 400;\">links de redirecionamento de site externo com link para WhatsApp.<\/p>\n<p style=\"font-weight: 400;\">Logo no site e cards de divulga\u00e7\u00e3o<\/p>\n<p style=\"font-weight: 400;\">At\u00e9 4 cotas<\/p>\n<p>&nbsp;<\/p>\n<p style=\"font-weight: 400;\"><strong>CBM Expositor &#8211; Investimento : R$ 6.000,00<\/strong><\/p>\n<p style=\"font-weight: 400;\">Espa\u00e7o do expositor\u00a0\u2013\u00a0Hotsite com inser\u00e7\u00e3o de v\u00eddeos,<\/p>\n<p style=\"font-weight: 400;\">imagens e links de redirecionamento de site externo<\/p>\n<p style=\"font-weight: 400;\">com link para WhatsApp.<\/p>\n<p style=\"font-weight: 400;\">Logo no site e cards de divulga\u00e7\u00e3o<\/p>\n<p>&nbsp;<\/p>\n<p style=\"font-weight: 400;\"><strong>V\u00eddeo &#8211; Investimento : R$ 1.000,00<\/strong><\/p>\n<p style=\"font-weight: 400;\">1 v\u00eddeo de at\u00e9 30 segundos no intervalo do almo\u00e7o por dia\/por sala<\/p>\n<p>&nbsp;<\/p>\n<p style=\"font-weight: 400;\">Pagamento em parcelas, sendo a \u00faltima com vencimento em 30 de setembro<\/p>\n<p style=\"font-weight: 400;\">*Outras op\u00e7\u00f5es consulte<\/p>\n<p style=\"font-weight: 400;\">Contato:\u00a0<a href=\"mailto:silvia.neglia@prixeventos.com.br\">silvia.neglia@prixeventos.com.br<\/a><\/p>\n","protected":false},"excerpt":{"rendered":"<p>CBM Ouro &#8211; Investimento : R$ 13.800,00 Uma confer\u00eancia de at\u00e9 30 minutos na grade cient\u00edfica 3 inscri\u00e7\u00f5es no evento 4 inser\u00e7\u00f5es de 30 seg. nos intervalos ao longo dos 2 dias\/sala 1 v\u00eddeo de at\u00e9 1 minuto no intervalo do almo\u00e7o por dia\/sala Espa\u00e7o do expositor\u00a0\u2013\u00a0Hotsite com inser\u00e7\u00e3o de v\u00eddeos, imagens e links de [&hellip;]<\/p>\n","protected":false},"author":1,"featured_media":0,"parent":0,"menu_order":0,"comment_status":"closed","ping_status":"closed","template":"","meta":{"footnotes":""},"class_list":["post-81","page","type-page","status-publish","hentry"],"_links":{"self":[{"href":"https:\/\/sbmicrobiologia.org.br\/31cbm2021\/wp-json\/wp\/v2\/pages\/81","targetHints":{"allow":["GET"]}}],"collection":[{"href":"https:\/\/sbmicrobiologia.org.br\/31cbm2021\/wp-json\/wp\/v2\/pages"}],"about":[{"href":"https:\/\/sbmicrobiologia.org.br\/31cbm2021\/wp-json\/wp\/v2\/types\/page"}],"author":[{"embeddable":true,"href":"https:\/\/sbmicrobiologia.org.br\/31cbm2021\/wp-json\/wp\/v2\/users\/1"}],"replies":[{"embeddable":true,"href":"https:\/\/sbmicrobiologia.org.br\/31cbm2021\/wp-json\/wp\/v2\/comments?post=81"}],"version-history":[{"count":4,"href":"https:\/\/sbmicrobiologia.org.br\/31cbm2021\/wp-json\/wp\/v2\/pages\/81\/revisions"}],"predecessor-version":[{"id":292,"href":"https:\/\/sbmicrobiologia.org.br\/31cbm2021\/wp-json\/wp\/v2\/pages\/81\/revisions\/292"}],"wp:attachment":[{"href":"https:\/\/sbmicrobiologia.org.br\/31cbm2021\/wp-json\/wp\/v2\/media?parent=81"}],"curies":[{"name":"wp","href":"https:\/\/api.w.org\/{rel}","templated":true}]}}