{"id":79,"date":"2021-06-10T08:44:23","date_gmt":"2021-06-10T11:44:23","guid":{"rendered":"https:\/\/sbmicrobiologia.org.br\/31cbm2021\/?page_id=79"},"modified":"2021-08-26T17:50:06","modified_gmt":"2021-08-26T20:50:06","slug":"submissao-de-resumo","status":"publish","type":"page","link":"https:\/\/sbmicrobiologia.org.br\/31cbm2021\/submissao-de-resumo\/","title":{"rendered":"Submiss\u00e3o de Resumo"},"content":{"rendered":"<p>O envio de Resumo dever\u00e1 ser realizado atrav\u00e9s de sua \u00e1rea restrita, impreterivelmente, at\u00e9 o dia 31\/08\/2021 em INGL\u00caS ou PORTUGU\u00caS.<\/p>\n<p>Ser\u00e3o aceitos At\u00e9 2 ( dois ) resumos por inscri\u00e7\u00e3o!<\/p>\n<p>Lembramos que para concorrer aos pr\u00eamios o resumo dever\u00e1 estar obrigatoriamente em ingl\u00eas.<\/p>\n<p><strong>ATEN\u00c7\u00c3O AUTORES:<\/strong>\u00a0Confiram o trabalho antes da postagem final para evitar erros! Os Resumos devem ser submetidos por interm\u00e9dio do formul\u00e1rio on-line, no \u00edcone SUBMISS\u00c3O DE TRABALHO, que voc\u00ea ter\u00e1 acesso atrav\u00e9s da sua\u00a0<a href=\"http:\/\/www.adtevento.com.br\/sbmicrobiologia\/inscricao\/index.asp?eveId=30\" target=\"_blank\" rel=\"noopener\">\u00e1rea restrita<\/a>\u00a0ap\u00f3s a inscri\u00e7\u00e3o no evento.<\/p>\n<p><strong>Instru\u00e7\u00f5es para submiss\u00e3o:<\/strong><\/p>\n<p>Passos para submiss\u00e3o dos resumos<\/p>\n<p>Passo 1) Cadastro da \u00c1rea de conhecimento, Sub-\u00e1rea, T\u00edtulo do Trabalho, Palavras Chaves e Ag\u00eancias Financiadoras<\/p>\n<p>Passo 2) Cadastro das Institui\u00e7\u00f5es dos autores;<\/p>\n<p>Passo 3) Cadastro dos Autores (At\u00e9 10 autores por resumo);<\/p>\n<p>Passo 4) Anexar o resumo em PDF conforme modelo.\u00a0<a href=\"http:\/\/www.automacaodeeventos.com.br\/sigeventos\/sbmicrobiologia\/inscricao\/resumos\/0012\/R0075-1.PDF\" target=\"_blank\" rel=\"noopener\">CLIQUE AQUI PARA BAIXAR O MODELO<\/a><\/p>\n<p>Passo 5) Finalizar a submiss\u00e3o<\/p>\n<p>O Resumo em PDF dever\u00e1 ter apenas uma p\u00e1gina com no m\u00ednimo 1800 e no m\u00e1ximo 2500 caracteres (com espa\u00e7os) e conter breve introdu\u00e7\u00e3o, materiais e m\u00e9todos, discuss\u00e3o dos resultados e conclus\u00e3o.<\/p>\n<p>Os caracteres do T\u00edtulo, Autores, Institui\u00e7\u00f5es, Palavras Chaves e Ag\u00eancias de Fomento n\u00e3o ser\u00e3o contabilizados.<\/p>\n<p>N\u00e3o ser\u00e3o aceitos resumos encaminhados pelo correio ou e-mail<\/p>\n<p>Ser\u00e3o consideradas somente contribui\u00e7\u00f5es cient\u00edficas in\u00e9ditas, originais e no escopo do Congresso, sendo vedado ao autor submeter trabalhos j\u00e1 publicados ou pesquisas em fase de planejamento. Agradecimentos \u00e0s ag\u00eancias de fomento s\u00e3o opcionais.<\/p>\n<p>O Resumo n\u00e3o dever\u00e1 conter cita\u00e7\u00f5es bibliogr\u00e1ficas, nem lista de refer\u00eancias bibliogr\u00e1ficas.<\/p>\n<p>Cabe ao(s) autor(es) assinalar(em) a \u00e1rea de conhecimento do trabalho. Entretanto, a Comiss\u00e3o Cient\u00edfica poder\u00e1 remanejar o trabalho para outra \u00e1rea se achar mais adequado. Inscri\u00e7\u00f5es com envio de resumos n\u00e3o pagas at\u00e9 13\/09\/2021 ter\u00e3o seus resumos cancelados sem pr\u00e9vio aviso.<\/p>\n<p>Para saber se o Resumo foi aceito ou n\u00e3o, os o(s) autor(es) dever\u00e1(\u00e3o) verificar em: Resultado da avalia\u00e7\u00e3o dos trabalhos Em sua <a href=\"http:\/\/www.adtevento.com.br\/sbmicrobiologia\/inscricao\/index.asp?eveId=30\" target=\"_blank\" rel=\"noopener\">\u00e1rea restrita.<\/a><\/p>\n<p>Todos os Resumos aceitos ser\u00e3o publicados nos Anais ONLINE de Resumos, desde que o autor que enviou o resumo esteja com a taxa de inscri\u00e7\u00e3o no congresso quitada. Ser\u00e3o aceitos at\u00e9 DOIS Resumos por inscri\u00e7\u00e3o.<\/p>\n<p><strong>N\u00c3O HAVER\u00c1 APRESENTA\u00c7\u00c3O DE P\u00d4STER!<\/strong><\/p>\n<p>Resumos e inscri\u00e7\u00f5es s\u00e3o intransfer\u00edveis.<\/p>\n<p>A Comiss\u00e3o Organizadora descartar\u00e1 os Resumos que n\u00e3o atenderem a essa exig\u00eancia.<\/p>\n<p><strong>Link para \u00c1reas e Sub \u00c1reas de Atua\u00e7\u00e3o<\/strong>\u00a0<a href=\"http:\/\/www.sbmicrobiologia.org.br\/PDF\/AreasAtuacao.pdf\" target=\"_blank\" rel=\"noopener\">http:\/\/www.sbmicrobiologia.org.br\/PDF\/AreasAtuacao.pdf<\/a><\/p>\n","protected":false},"excerpt":{"rendered":"<p>O envio de Resumo dever\u00e1 ser realizado atrav\u00e9s de sua \u00e1rea restrita, impreterivelmente, at\u00e9 o dia 31\/08\/2021 em INGL\u00caS ou PORTUGU\u00caS. Ser\u00e3o aceitos At\u00e9 2 ( dois ) resumos por inscri\u00e7\u00e3o! Lembramos que para concorrer aos pr\u00eamios o resumo dever\u00e1 estar obrigatoriamente em ingl\u00eas. ATEN\u00c7\u00c3O AUTORES:\u00a0Confiram o trabalho antes da postagem final para evitar erros! [&hellip;]<\/p>\n","protected":false},"author":1,"featured_media":0,"parent":0,"menu_order":0,"comment_status":"closed","ping_status":"closed","template":"","meta":{"footnotes":""},"class_list":["post-79","page","type-page","status-publish","hentry"],"_links":{"self":[{"href":"https:\/\/sbmicrobiologia.org.br\/31cbm2021\/wp-json\/wp\/v2\/pages\/79","targetHints":{"allow":["GET"]}}],"collection":[{"href":"https:\/\/sbmicrobiologia.org.br\/31cbm2021\/wp-json\/wp\/v2\/pages"}],"about":[{"href":"https:\/\/sbmicrobiologia.org.br\/31cbm2021\/wp-json\/wp\/v2\/types\/page"}],"author":[{"embeddable":true,"href":"https:\/\/sbmicrobiologia.org.br\/31cbm2021\/wp-json\/wp\/v2\/users\/1"}],"replies":[{"embeddable":true,"href":"https:\/\/sbmicrobiologia.org.br\/31cbm2021\/wp-json\/wp\/v2\/comments?post=79"}],"version-history":[{"count":7,"href":"https:\/\/sbmicrobiologia.org.br\/31cbm2021\/wp-json\/wp\/v2\/pages\/79\/revisions"}],"predecessor-version":[{"id":520,"href":"https:\/\/sbmicrobiologia.org.br\/31cbm2021\/wp-json\/wp\/v2\/pages\/79\/revisions\/520"}],"wp:attachment":[{"href":"https:\/\/sbmicrobiologia.org.br\/31cbm2021\/wp-json\/wp\/v2\/media?parent=79"}],"curies":[{"name":"wp","href":"https:\/\/api.w.org\/{rel}","templated":true}]}}