{"id":77,"date":"2021-06-10T08:44:14","date_gmt":"2021-06-10T11:44:14","guid":{"rendered":"https:\/\/sbmicrobiologia.org.br\/31cbm2021\/?page_id=77"},"modified":"2021-10-04T07:27:08","modified_gmt":"2021-10-04T10:27:08","slug":"datas","status":"publish","type":"page","link":"https:\/\/sbmicrobiologia.org.br\/31cbm2021\/datas\/","title":{"rendered":"Datas"},"content":{"rendered":"<p><strong><u>Datas e Prazos.<\/u><\/strong><\/p>\n<p><strong>01\/06\/2021<\/strong>\u00a0&#8211; In\u00edcio das Inscri\u00e7\u00f5es online e submiss\u00e3o dos resumos.<\/p>\n<p><strong>31\/08\/2021 \u00e0s 23h59m\u00a0(hor\u00e1rio de Bras\u00edlia)<\/strong>\u00a0&#8211; Prazo final para submiss\u00e3o dos Resumos.<\/p>\n<p><strong>01\/09\/2021 a 24\/09\/2021<\/strong>\u00a0&#8211; Previs\u00e3o para divulga\u00e7\u00e3o dos aceites.<\/p>\n<p><strong>05\/10\/2021\u00a0<\/strong>\u00a0&#8211; Inscri\u00e7\u00f5es com envio de resumos n\u00e3o pagas at\u00e9 esta data ter\u00e3o seus resumos cancelados sem pr\u00e9vio aviso.<\/p>\n<p><strong>05\/10\/2021<\/strong> &#8211;  Inscri\u00e7\u00f5es na categoria <b>Promo\u00e7\u00e3o N\u00e3o S\u00f3cio + Filia\u00e7\u00e3o a SBM<\/b> n\u00e3o pagas at\u00e9 esta data ter\u00e3o as inscri\u00e7\u00f5es convertidas para <b>N\u00e3o S\u00f3cio.<\/b><\/p>\n<p><strong>19\/10\/2021<\/strong> &#8211; T\u00e9rmino do prazo das inscri\u00e7\u00f5es online.<\/p>\n<p><strong>Ap\u00f3s 20\/10\/2021<\/strong> n\u00e3o ser\u00e1 aceito inscri\u00e7\u00f5es.<\/p>\n","protected":false},"excerpt":{"rendered":"<p>Datas e Prazos. 01\/06\/2021\u00a0&#8211; In\u00edcio das Inscri\u00e7\u00f5es online e submiss\u00e3o dos resumos. 31\/08\/2021 \u00e0s 23h59m\u00a0(hor\u00e1rio de Bras\u00edlia)\u00a0&#8211; Prazo final para submiss\u00e3o dos Resumos. 01\/09\/2021 a 24\/09\/2021\u00a0&#8211; Previs\u00e3o para divulga\u00e7\u00e3o dos aceites. 05\/10\/2021\u00a0\u00a0&#8211; Inscri\u00e7\u00f5es com envio de resumos n\u00e3o pagas at\u00e9 esta data ter\u00e3o seus resumos cancelados sem pr\u00e9vio aviso. 05\/10\/2021 &#8211; Inscri\u00e7\u00f5es na categoria Promo\u00e7\u00e3o [&hellip;]<\/p>\n","protected":false},"author":1,"featured_media":0,"parent":0,"menu_order":0,"comment_status":"closed","ping_status":"closed","template":"","meta":{"footnotes":""},"class_list":["post-77","page","type-page","status-publish","hentry"],"_links":{"self":[{"href":"https:\/\/sbmicrobiologia.org.br\/31cbm2021\/wp-json\/wp\/v2\/pages\/77","targetHints":{"allow":["GET"]}}],"collection":[{"href":"https:\/\/sbmicrobiologia.org.br\/31cbm2021\/wp-json\/wp\/v2\/pages"}],"about":[{"href":"https:\/\/sbmicrobiologia.org.br\/31cbm2021\/wp-json\/wp\/v2\/types\/page"}],"author":[{"embeddable":true,"href":"https:\/\/sbmicrobiologia.org.br\/31cbm2021\/wp-json\/wp\/v2\/users\/1"}],"replies":[{"embeddable":true,"href":"https:\/\/sbmicrobiologia.org.br\/31cbm2021\/wp-json\/wp\/v2\/comments?post=77"}],"version-history":[{"count":5,"href":"https:\/\/sbmicrobiologia.org.br\/31cbm2021\/wp-json\/wp\/v2\/pages\/77\/revisions"}],"predecessor-version":[{"id":562,"href":"https:\/\/sbmicrobiologia.org.br\/31cbm2021\/wp-json\/wp\/v2\/pages\/77\/revisions\/562"}],"wp:attachment":[{"href":"https:\/\/sbmicrobiologia.org.br\/31cbm2021\/wp-json\/wp\/v2\/media?parent=77"}],"curies":[{"name":"wp","href":"https:\/\/api.w.org\/{rel}","templated":true}]}}