{"id":70,"date":"2021-06-10T08:43:46","date_gmt":"2021-06-10T11:43:46","guid":{"rendered":"https:\/\/sbmicrobiologia.org.br\/31cbm2021\/?page_id=70"},"modified":"2021-06-11T14:02:46","modified_gmt":"2021-06-11T17:02:46","slug":"comissao-organizadora","status":"publish","type":"page","link":"https:\/\/sbmicrobiologia.org.br\/31cbm2021\/comissao-organizadora\/","title":{"rendered":"Comiss\u00e3o Organizadora"},"content":{"rendered":"<p style=\"font-weight: 400;\"><strong>Diretoria<br \/>\n<\/strong>Presidente<br \/>\nGustavo Henrique Goldman (USP\u2013 FCRP-SP)<\/p>\n<p style=\"font-weight: 400;\"><strong>Vice-presidente<br \/>\n<\/strong>Jorge Luiz Mello Sampaio (USP \u2013 FCF-USP)\\<\/p>\n<p style=\"font-weight: 400;\"><strong>1\u00ba Secret\u00e1rio<br \/>\n<\/strong>Waldir Pereira Elias Junior (Instituto Butantan \u2013 IBu)<\/p>\n<p style=\"font-weight: 400;\"><strong>2\u00ba Secret\u00e1rio<br \/>\n<\/strong>Marcio Louren\u00e7o Rodrigues (Funda\u00e7\u00e3o Oswaldo Cruz \u2013 FIOCRUZ)<\/p>\n<p style=\"font-weight: 400;\"><strong>1\u00ba Tesoureira<br \/>\n<\/strong>Carla Taddei de Castro Neves(USP \u2013 FCF-USP)<\/p>\n<p style=\"font-weight: 400;\"><strong>2\u00ba Tesoureiro<br \/>\n<\/strong>Luiz Henrique Rosa (UFMG)<\/p>\n<p style=\"font-weight: 400;\"><strong>1\u00ba Membro<br \/>\n<\/strong>Ana Lucia Figueiredo Porto (Universidade Federal Rural de Pernambuco \u2013 UFRPE)<\/p>\n<p style=\"font-weight: 400;\"><strong>2\u00ba Membro<br \/>\n<\/strong>Sergio Eduardo Longo Fracalanzza (Universidade Federal do Rio de Janeiro \u2013 UFRJ)<\/p>\n<p style=\"font-weight: 400;\"><strong>3\u00ba Membro<br \/>\n<\/strong>V\u00e2nia Maria Maciel Melo (Universidade Federal do Ceara \u2013 UFC)<\/p>\n<p style=\"font-weight: 400;\"><strong><u><br \/>\nCoordenadores de \u00c1rea<\/u><\/strong><\/p>\n<p style=\"font-weight: 400;\"><u><br \/>\n\u00c1rea &#8211; Microbiologia de Alimentos:<br \/>\n<\/u>Luis Augusta Nero \u2013 Universidade Federal de Vi\u00e7osa \u2013 UFV.<br \/>\nUelinton Manoel Pinto \u2013 Universidade de S\u00e3o Paulo \u2013 USP.<\/p>\n<p style=\"font-weight: 400;\"><u>\u00c1rea &#8211; Microbiologia Ambiental:<br \/>\n<\/u>Diogo de Azevedo Jurelevicius \u2013 Universidade Federal do Rio de Janeiro \u2013 UFRJ.<br \/>\nVivian Helena Pellizari \u2013 Universidade de S\u00e3o Paulo \u2013 USP.<\/p>\n<p style=\"font-weight: 400;\"><u>\u00c1rea &#8211; Microbiologia Cl\u00ednica:<br \/>\n<\/u>Elizabeth de Andrade Marques \u2013 Universidade Estadual do Rio de Janeiro \u2013 UERJ.<br \/>\nIlana Lopes Baratella da Cunha Camargo \u2013 Universidade de S\u00e3o Paulo &#8211; IFSC-USP.<\/p>\n<p style=\"font-weight: 400;\"><u>\u00c1rea &#8211; Cole\u00e7\u00e3o de Culturas e Taxonomia<br \/>\n<\/u>Manuela da Silva \u2013\u00a0Funda\u00e7\u00e3o Oswaldo Cruz \u2013 FIOCRUZ.<br \/>\nCristina Maria de Souza Motta \u2013 Universidade Federal de Pernambuco \u2013 UFPE.<\/p>\n<p style=\"font-weight: 400;\"><u>\u00c1rea \u2013 Ensino:<br \/>\n<\/u>Alexandre Louren\u00e7o \u2013 Universidade de Santo Amaro \u2013 UNISA.<br \/>\nRita de C\u00e1ssia Caf\u00e9 Ferreira \u2013 Universidade de S\u00e3o Paulo \u2013 USP.<\/p>\n<p style=\"font-weight: 400;\"><u>\u00c1rea \u2013 Micotoxinas:<br \/>\n<\/u>Mariana Venturini Copetti \u2013\u00a0Universidade Federal de Santa Maria\u00a0\u2013 UFSM.<br \/>\nAndrezza Maria Fernandes \u2013 Universidade de S\u00e3o Paulo \u2013 USP.<\/p>\n<p style=\"font-weight: 400;\"><u>\u00c1rea &#8211; Microbiologia Industrial e Biotecnologia:<br \/>\n<\/u>Lu\u00eds Henrique Souza Guimar\u00e3es \u2013 Universidade de S\u00e3o Paulo \u2013 FFCLRP-USP.<br \/>\nDavid Alexander Mitchell \u2013 Universidade Federal do Paran\u00e1 \u2013 UFPR.<\/p>\n<p style=\"font-weight: 400;\"><u>\u00c1rea &#8211; Infec\u00e7\u00e3o Hospitalar:<br \/>\n<\/u>Alessandro Conrado de Ol. Silveira \u2013 Funda\u00e7\u00e3o Universidade Regional de Blumenau &#8211; FURB.<br \/>\nMarcelo Pillonetto \u2013 Pontif\u00edcia Universidade Cat\u00f3lica do Paran\u00e1 \u2013 PUCPR.<\/p>\n<p style=\"font-weight: 400;\"><u>\u00c1rea &#8211; Patogenicidade Bacteriana:<br \/>\n<\/u>Rodrigo Tavanelli Hernandes &#8211; Universidade Estadual Paulista- IBB-UNESP.<br \/>\nLuis Caetano Martha Antunes \u2013 Funda\u00e7\u00e3o Oswaldo Cruz &#8211; FIOCRUZ.<\/p>\n<p style=\"font-weight: 400;\"><u>\u00c1rea &#8211; Micologia:<\/u><strong><br \/>\n<\/strong>Marilene Henning Vainstein \u2013 Universidade Federal do Rio Grande do Sul \u2013 UFRGS.<br \/>\nAndr\u00e9 Luis Souza dos Santos \u2013 Universidade Federal do Rio de Janeiro &#8211; UFRJ.<\/p>\n<p style=\"font-weight: 400;\"><u>\u00c1rea &#8211; Pat\u00f3geno Hospedeiro:<br \/>\n<\/u>Ang\u00e9lica Thomaz Vieira &#8211; Universidade Federal de Minas Gerais \u2013 UFMG.<br \/>\nLeonardo Holanda Travassos Corr\u00eaa \u2013 Universidade Federal do Rio de Janeiro \u2013 UFRJ.<\/p>\n<p style=\"font-weight: 400;\"><u>\u00c1rea &#8211; Microbiologia de Solo:<br \/>\n<\/u>Caio T\u00e1vora Rachid Coelho da Costa \u2013 Universidade Federal do Rio de Janeiro \u2013 UFRJ.<\/p>\n<p style=\"font-weight: 400;\"><u>\u00c1rea &#8211; Microbiologia Veterin\u00e1ria:<br \/>\n<\/u>Miliane Moreira Soares de Souza \u2013 Universidade Federal Rural do Rio de Janeiro \u2013 UFRRJ.<br \/>\nVal\u00e9ria Dutra \u2013 Universidade Federal do Mato Grosso \u2013 UFMT.<\/p>\n<p style=\"font-weight: 400;\"><u>\u00c1rea &#8211; Virologia:<br \/>\n<\/u>Bet\u00e2nia Paiva Drumond \u2013 Universidade Federal de Minas Gerais \u2013 UFMG.<br \/>\nAdriana Luchs \u2013 Instituto Adolfo Lutz \u2013 IAL.<\/p>\n<p style=\"font-weight: 400;\"><u>\u00c1rea &#8211; Gen\u00e9tica de Microrganismos e Bioinform\u00e1tica:<\/u><strong><br \/>\n<\/strong>Rommel Thiago Juc\u00e1 Ramos \u2013 Universidade Federal do Par\u00e1 &#8211; UFPA.<br \/>\nIran Malavazi &#8211; Universidade Federal de S\u00e3o Carlos \u2013 UFSC.<\/p>\n<p style=\"font-weight: 400;\"><strong><u>Administra\u00e7\u00e3o<br \/>\n<\/u><\/strong>Wellington Maruchi<strong><br \/>\n<\/strong>Gerente Administrativo e coordenador de Eventos da SBM<\/p>\n<p style=\"font-weight: 400;\">Jos\u00e9 Jair<strong><br \/>\n<\/strong>Departamento Financeiro da SBM<\/p>\n<p style=\"font-weight: 400;\"><strong>\u00a0<\/strong><\/p>\n","protected":false},"excerpt":{"rendered":"<p>Diretoria Presidente Gustavo Henrique Goldman (USP\u2013 FCRP-SP) Vice-presidente Jorge Luiz Mello Sampaio (USP \u2013 FCF-USP)\\ 1\u00ba Secret\u00e1rio Waldir Pereira Elias Junior (Instituto Butantan \u2013 IBu) 2\u00ba Secret\u00e1rio Marcio Louren\u00e7o Rodrigues (Funda\u00e7\u00e3o Oswaldo Cruz \u2013 FIOCRUZ) 1\u00ba Tesoureira Carla Taddei de Castro Neves(USP \u2013 FCF-USP) 2\u00ba Tesoureiro Luiz Henrique Rosa (UFMG) 1\u00ba Membro Ana Lucia Figueiredo [&hellip;]<\/p>\n","protected":false},"author":1,"featured_media":0,"parent":0,"menu_order":0,"comment_status":"closed","ping_status":"closed","template":"","meta":{"footnotes":""},"class_list":["post-70","page","type-page","status-publish","hentry"],"_links":{"self":[{"href":"https:\/\/sbmicrobiologia.org.br\/31cbm2021\/wp-json\/wp\/v2\/pages\/70","targetHints":{"allow":["GET"]}}],"collection":[{"href":"https:\/\/sbmicrobiologia.org.br\/31cbm2021\/wp-json\/wp\/v2\/pages"}],"about":[{"href":"https:\/\/sbmicrobiologia.org.br\/31cbm2021\/wp-json\/wp\/v2\/types\/page"}],"author":[{"embeddable":true,"href":"https:\/\/sbmicrobiologia.org.br\/31cbm2021\/wp-json\/wp\/v2\/users\/1"}],"replies":[{"embeddable":true,"href":"https:\/\/sbmicrobiologia.org.br\/31cbm2021\/wp-json\/wp\/v2\/comments?post=70"}],"version-history":[{"count":5,"href":"https:\/\/sbmicrobiologia.org.br\/31cbm2021\/wp-json\/wp\/v2\/pages\/70\/revisions"}],"predecessor-version":[{"id":321,"href":"https:\/\/sbmicrobiologia.org.br\/31cbm2021\/wp-json\/wp\/v2\/pages\/70\/revisions\/321"}],"wp:attachment":[{"href":"https:\/\/sbmicrobiologia.org.br\/31cbm2021\/wp-json\/wp\/v2\/media?parent=70"}],"curies":[{"name":"wp","href":"https:\/\/api.w.org\/{rel}","templated":true}]}}