{"id":64,"date":"2021-06-10T08:43:21","date_gmt":"2021-06-10T11:43:21","guid":{"rendered":"https:\/\/sbmicrobiologia.org.br\/31cbm2021\/?page_id=64"},"modified":"2021-07-15T12:21:02","modified_gmt":"2021-07-15T15:21:02","slug":"inscricoes","status":"publish","type":"page","link":"https:\/\/sbmicrobiologia.org.br\/31cbm2021\/inscricoes\/","title":{"rendered":"Inscri\u00e7\u00f5es"},"content":{"rendered":"\t\t<div data-elementor-type=\"wp-page\" data-elementor-id=\"64\" class=\"elementor elementor-64\" data-elementor-settings=\"[]\">\n\t\t\t\t\t\t\t<div class=\"elementor-section-wrap\">\n\t\t\t\t\t\t\t<section class=\"elementor-section elementor-top-section elementor-element elementor-element-4ff188a elementor-section-boxed elementor-section-height-default elementor-section-height-default\" data-id=\"4ff188a\" data-element_type=\"section\">\n\t\t\t\t\t\t<div class=\"elementor-container elementor-column-gap-default\">\n\t\t\t\t\t<div class=\"elementor-column elementor-col-100 elementor-top-column elementor-element elementor-element-276b991\" data-id=\"276b991\" data-element_type=\"column\">\n\t\t\t<div class=\"elementor-widget-wrap elementor-element-populated\">\n\t\t\t\t\t\t\t\t<div class=\"elementor-element elementor-element-388d0e7 elementor-widget elementor-widget-text-editor\" data-id=\"388d0e7\" data-element_type=\"widget\" data-widget_type=\"text-editor.default\">\n\t\t\t\t<div class=\"elementor-widget-container\">\n\t\t\t\t\t\t\t\t<p>A inscri\u00e7\u00e3o somente poder\u00e1 ser realizada on-line atrav\u00e9s do link\u00a0<a href=\"http:\/\/www.adtevento.com.br\/sbmicrobiologia\/inscricao\/index.asp?eveId=30\" target=\"_blank\" rel=\"noopener\">INSCRI\u00c7\u00d5ES ONLINE.<\/a><\/p><p>Caso tenha esquecido sua senha ap\u00f3s efetuar sua inscri\u00e7\u00e3o clique em\u00a0<a href=\"http:\/\/www.adtevento.com.br\/sbmicrobiologia\/inscricao\/frm_lembrar_login.asp\" target=\"_blank\" rel=\"noopener\">ESQUECI MINHA SENHA.<\/a><\/p><p>Ela ser\u00e1 enviada atrav\u00e9s do e-mail cadastrado em nossa base de dados.<\/p><p>Ao entrar na\u00a0<a href=\"http:\/\/www.adtevento.com.br\/sbmicrobiologia\/inscricao\/index.asp?eveId=30\" target=\"_blank\" rel=\"noopener\">\u00e1rea reservada<\/a>\u00a0voc\u00ea poder\u00e1 atualizar os seus dados cadastrais, consultar o valor da inscri\u00e7\u00e3o, emitir o boleto banc\u00e1rio para efetuar o pagamento, inscrever o Resumo e imprimir recibos, certificados e o aceite do trabalho.<\/p><p>\u00c9 obrigat\u00f3rio o preenchimento de todos os campos do Formul\u00e1rio de Inscri\u00e7\u00e3o.<\/p><p><strong>IMPORTANTE: <\/strong>DECLARA\u00c7\u00c3O<\/p><p>Para inscri\u00e7\u00f5es nas categorias:<\/p><ul><li>Aluno de Gradua\u00e7\u00e3o,<\/li><li>Aluno de P\u00f3s-Gradua\u00e7\u00e3o (Mestrando \/ Doutorando \/ Especializa\u00e7\u00e3o SBM) e<\/li><li>P\u00f3s-doutorado<\/li><\/ul><p>\u00c9 obrigat\u00f3rio o envio de uma DECLARA\u00c7\u00c3O emitida pela institui\u00e7\u00e3o de ensino, com data inferior a 30 dias, informando a modalidade do curso: GRADUA\u00c7\u00c3O; P\u00d3S-GRADUA\u00c7\u00c3O (Mestrando\/Doutorando) ou P\u00d3S-DOUTORADO, e o semestre\/ano que o aluno est\u00e1 cursando, para o e-mail: financeiro@sbmicrobiologia.org.br.<\/p><p>N\u00e3o ser\u00e1 aceito outro documento que n\u00e3o a Declara\u00e7\u00e3o conforme solicitado.<\/p><p>S\u00f3 ser\u00e1 poss\u00edvel efetuar o pagamento ap\u00f3s o envio da declara\u00e7\u00e3o!<\/p><p><strong>Anuidade:<\/strong><\/p><p>Lembre-se, para voc\u00ea usufruir dos benef\u00edcios da categoria Associado \u00e9 necess\u00e1rio ser anuente adimplente nos \u00faltimos dois anos.<\/p><p>As anuidades poder\u00e3o ser pagas atrav\u00e9s de boleto banc\u00e1rio dispon\u00edvel em sua\u00a0<a href=\"https:\/\/www.adtevento.com.br\/sigassociados\/sbm\/servicos\/\" target=\"_blank\" rel=\"noopener\">\u00e1rea restrita<\/a>\u00a0de associado atrav\u00e9s do site da SBM.<\/p><p><strong>Formas de pagamento:<\/strong><\/p><p><strong>Boleto Banc\u00e1rio<\/strong><\/p><p>O pagamento da inscri\u00e7\u00e3o poder\u00e1 ser feito atrav\u00e9s de boleto banc\u00e1rio \u2013 a vista \u2013 (ficha de compensa\u00e7\u00e3o)<\/p><p>A emiss\u00e3o do boleto ser\u00e1 realizada ap\u00f3s o preenchimento do formul\u00e1rio online de inscri\u00e7\u00e3o.<\/p><p style=\"font-weight: 400;\"><strong>Pagamento com Cart\u00e3o de Debito:<br \/><\/strong>A Vista \u2013 Parcela \u00fanica.<\/p><p style=\"font-weight: 400;\"><strong>Pagamento com Cart\u00e3o de Cr\u00e9dito:<br \/><\/strong>Parcelado em 02 vezes fixas.<\/p><p><strong>Recibo:<\/strong><\/p><p>Ap\u00f3s a confirma\u00e7\u00e3o do pagamento ( dois dias \u00fateis ) pela Institui\u00e7\u00e3o Financeira ser\u00e1 fornecido na \u00e1rea restrita do inscrito com assinatura digital.<\/p><p>A data de emiss\u00e3o do recibo ser\u00e1 a mesma data do pagamento da inscri\u00e7\u00e3o.<\/p>\t\t\t\t\t\t<\/div>\n\t\t\t\t<\/div>\n\t\t\t\t\t<\/div>\n\t\t<\/div>\n\t\t\t\t\t\t\t<\/div>\n\t\t<\/section>\n\t\t\t\t\t\t<\/div>\n\t\t\t\t\t<\/div>\n\t\t","protected":false},"excerpt":{"rendered":"<p>A inscri\u00e7\u00e3o somente poder\u00e1 ser realizada on-line atrav\u00e9s do link\u00a0INSCRI\u00c7\u00d5ES ONLINE. Caso tenha esquecido sua senha ap\u00f3s efetuar sua inscri\u00e7\u00e3o clique em\u00a0ESQUECI MINHA SENHA. Ela ser\u00e1 enviada atrav\u00e9s do e-mail cadastrado em nossa base de dados. Ao entrar na\u00a0\u00e1rea reservada\u00a0voc\u00ea poder\u00e1 atualizar os seus dados cadastrais, consultar o valor da inscri\u00e7\u00e3o, emitir o boleto banc\u00e1rio [&hellip;]<\/p>\n","protected":false},"author":1,"featured_media":0,"parent":0,"menu_order":0,"comment_status":"closed","ping_status":"closed","template":"","meta":{"footnotes":""},"class_list":["post-64","page","type-page","status-publish","hentry"],"_links":{"self":[{"href":"https:\/\/sbmicrobiologia.org.br\/31cbm2021\/wp-json\/wp\/v2\/pages\/64","targetHints":{"allow":["GET"]}}],"collection":[{"href":"https:\/\/sbmicrobiologia.org.br\/31cbm2021\/wp-json\/wp\/v2\/pages"}],"about":[{"href":"https:\/\/sbmicrobiologia.org.br\/31cbm2021\/wp-json\/wp\/v2\/types\/page"}],"author":[{"embeddable":true,"href":"https:\/\/sbmicrobiologia.org.br\/31cbm2021\/wp-json\/wp\/v2\/users\/1"}],"replies":[{"embeddable":true,"href":"https:\/\/sbmicrobiologia.org.br\/31cbm2021\/wp-json\/wp\/v2\/comments?post=64"}],"version-history":[{"count":22,"href":"https:\/\/sbmicrobiologia.org.br\/31cbm2021\/wp-json\/wp\/v2\/pages\/64\/revisions"}],"predecessor-version":[{"id":366,"href":"https:\/\/sbmicrobiologia.org.br\/31cbm2021\/wp-json\/wp\/v2\/pages\/64\/revisions\/366"}],"wp:attachment":[{"href":"https:\/\/sbmicrobiologia.org.br\/31cbm2021\/wp-json\/wp\/v2\/media?parent=64"}],"curies":[{"name":"wp","href":"https:\/\/api.w.org\/{rel}","templated":true}]}}