{"id":62,"date":"2021-06-10T08:04:45","date_gmt":"2021-06-10T11:04:45","guid":{"rendered":"https:\/\/sbmicrobiologia.org.br\/31cbm2021\/?page_id=62"},"modified":"2021-07-15T12:17:57","modified_gmt":"2021-07-15T15:17:57","slug":"apresentacao","status":"publish","type":"page","link":"https:\/\/sbmicrobiologia.org.br\/31cbm2021\/apresentacao\/","title":{"rendered":"Apresenta\u00e7\u00e3o"},"content":{"rendered":"\t\t<div data-elementor-type=\"wp-page\" data-elementor-id=\"62\" class=\"elementor elementor-62\" data-elementor-settings=\"[]\">\n\t\t\t\t\t\t\t<div class=\"elementor-section-wrap\">\n\t\t\t\t\t\t\t<section class=\"elementor-section elementor-top-section elementor-element elementor-element-0a6951e elementor-section-boxed elementor-section-height-default elementor-section-height-default\" data-id=\"0a6951e\" data-element_type=\"section\">\n\t\t\t\t\t\t<div class=\"elementor-container elementor-column-gap-default\">\n\t\t\t\t\t<div class=\"elementor-column elementor-col-100 elementor-top-column elementor-element elementor-element-1486b64\" data-id=\"1486b64\" data-element_type=\"column\">\n\t\t\t<div class=\"elementor-widget-wrap elementor-element-populated\">\n\t\t\t\t\t\t\t\t<section class=\"elementor-section elementor-inner-section elementor-element elementor-element-f903ca9 elementor-section-boxed elementor-section-height-default elementor-section-height-default\" data-id=\"f903ca9\" data-element_type=\"section\">\n\t\t\t\t\t\t<div class=\"elementor-container elementor-column-gap-default\">\n\t\t\t\t\t<div class=\"elementor-column elementor-col-50 elementor-inner-column elementor-element elementor-element-bd2affc\" data-id=\"bd2affc\" data-element_type=\"column\">\n\t\t\t<div class=\"elementor-widget-wrap elementor-element-populated\">\n\t\t\t\t\t\t\t\t<div class=\"elementor-element elementor-element-b1122de elementor-widget elementor-widget-image\" data-id=\"b1122de\" data-element_type=\"widget\" data-settings=\"{&quot;motion_fx_motion_fx_scrolling&quot;:&quot;yes&quot;,&quot;motion_fx_translateY_effect&quot;:&quot;yes&quot;,&quot;motion_fx_devices&quot;:[&quot;desktop&quot;],&quot;motion_fx_translateY_speed&quot;:{&quot;unit&quot;:&quot;px&quot;,&quot;size&quot;:4,&quot;sizes&quot;:[]},&quot;motion_fx_translateY_affectedRange&quot;:{&quot;unit&quot;:&quot;%&quot;,&quot;size&quot;:&quot;&quot;,&quot;sizes&quot;:{&quot;start&quot;:0,&quot;end&quot;:100}}}\" data-widget_type=\"image.default\">\n\t\t\t\t<div class=\"elementor-widget-container\">\n\t\t\t\t\t\t\t\t\t\t\t\t\t\t\t<img loading=\"lazy\" decoding=\"async\" width=\"483\" height=\"445\" src=\"https:\/\/sbmicrobiologia.org.br\/31cbm2021\/wp-content\/uploads\/2021\/06\/mockup.png\" class=\"attachment-large size-large\" alt=\"\" srcset=\"https:\/\/sbmicrobiologia.org.br\/31cbm2021\/wp-content\/uploads\/2021\/06\/mockup.png 483w, https:\/\/sbmicrobiologia.org.br\/31cbm2021\/wp-content\/uploads\/2021\/06\/mockup-300x276.png 300w\" sizes=\"auto, (max-width: 483px) 100vw, 483px\" \/>\t\t\t\t\t\t\t\t\t\t\t\t\t\t\t<\/div>\n\t\t\t\t<\/div>\n\t\t\t\t\t<\/div>\n\t\t<\/div>\n\t\t\t\t<div class=\"elementor-column elementor-col-50 elementor-inner-column elementor-element elementor-element-932f693\" data-id=\"932f693\" data-element_type=\"column\">\n\t\t\t<div class=\"elementor-widget-wrap elementor-element-populated\">\n\t\t\t\t\t\t\t\t<div class=\"elementor-element elementor-element-539d44e elementor-widget elementor-widget-heading\" data-id=\"539d44e\" data-element_type=\"widget\" data-widget_type=\"heading.default\">\n\t\t\t\t<div class=\"elementor-widget-container\">\n\t\t\t<h2 class=\"elementor-heading-title elementor-size-default\">A Sociedade Brasileira de Microbiologia d\u00e1 boas-vindas para toda a comunidade de Microbiologia brasileira. <\/h2>\t\t<\/div>\n\t\t\t\t<\/div>\n\t\t\t\t<div class=\"elementor-element elementor-element-46982d0 elementor-widget elementor-widget-text-editor\" data-id=\"46982d0\" data-element_type=\"widget\" data-widget_type=\"text-editor.default\">\n\t\t\t\t<div class=\"elementor-widget-container\">\n\t\t\t\t\t\t\t\t<p>Por conta das limita\u00e7\u00f5es impostas pela pandemia da covid-19, a diretoria da Sociedade Brasileira de Microbiologia decidiu realizar o seu congresso nacional de modo virtual durante os dias 22, 23 e 24 de Outubro. Mantivemos a mesma organiza\u00e7\u00e3o e a qualidade do nosso congresso presencial, com espa\u00e7o para discuss\u00f5es com todas as \u00e1reas que representam a microbiologia. Ofereceremos uma programa\u00e7\u00e3o com palestrantes nacionais e internacionais de alta qualidade cient\u00edfica.<\/p><p>Contamos com toda a comunidade para um congresso vibrante e de alto n\u00edvel cient\u00edfico.<\/p><p>Atenciosamente,<\/p>\t\t\t\t\t\t<\/div>\n\t\t\t\t<\/div>\n\t\t\t\t<div class=\"elementor-element elementor-element-336a484 elementor-widget elementor-widget-heading\" data-id=\"336a484\" data-element_type=\"widget\" data-widget_type=\"heading.default\">\n\t\t\t\t<div class=\"elementor-widget-container\">\n\t\t\t<h2 class=\"elementor-heading-title elementor-size-default\">Prof. Dr. Gustavo Henrique Goldman<br>\nPresidente da SBM<\/h2>\t\t<\/div>\n\t\t\t\t<\/div>\n\t\t\t\t\t<\/div>\n\t\t<\/div>\n\t\t\t\t\t\t\t<\/div>\n\t\t<\/section>\n\t\t\t\t\t<\/div>\n\t\t<\/div>\n\t\t\t\t\t\t\t<\/div>\n\t\t<\/section>\n\t\t\t\t\t\t<\/div>\n\t\t\t\t\t<\/div>\n\t\t","protected":false},"excerpt":{"rendered":"<p>A Sociedade Brasileira de Microbiologia d\u00e1 boas-vindas para toda a comunidade de Microbiologia brasileira. Por conta das limita\u00e7\u00f5es impostas pela pandemia da covid-19, a diretoria da Sociedade Brasileira de Microbiologia decidiu realizar o seu congresso nacional de modo virtual durante os dias 22, 23 e 24 de Outubro. Mantivemos a mesma organiza\u00e7\u00e3o e a qualidade [&hellip;]<\/p>\n","protected":false},"author":1,"featured_media":0,"parent":0,"menu_order":0,"comment_status":"closed","ping_status":"closed","template":"","meta":{"footnotes":""},"class_list":["post-62","page","type-page","status-publish","hentry"],"_links":{"self":[{"href":"https:\/\/sbmicrobiologia.org.br\/31cbm2021\/wp-json\/wp\/v2\/pages\/62","targetHints":{"allow":["GET"]}}],"collection":[{"href":"https:\/\/sbmicrobiologia.org.br\/31cbm2021\/wp-json\/wp\/v2\/pages"}],"about":[{"href":"https:\/\/sbmicrobiologia.org.br\/31cbm2021\/wp-json\/wp\/v2\/types\/page"}],"author":[{"embeddable":true,"href":"https:\/\/sbmicrobiologia.org.br\/31cbm2021\/wp-json\/wp\/v2\/users\/1"}],"replies":[{"embeddable":true,"href":"https:\/\/sbmicrobiologia.org.br\/31cbm2021\/wp-json\/wp\/v2\/comments?post=62"}],"version-history":[{"count":14,"href":"https:\/\/sbmicrobiologia.org.br\/31cbm2021\/wp-json\/wp\/v2\/pages\/62\/revisions"}],"predecessor-version":[{"id":356,"href":"https:\/\/sbmicrobiologia.org.br\/31cbm2021\/wp-json\/wp\/v2\/pages\/62\/revisions\/356"}],"wp:attachment":[{"href":"https:\/\/sbmicrobiologia.org.br\/31cbm2021\/wp-json\/wp\/v2\/media?parent=62"}],"curies":[{"name":"wp","href":"https:\/\/api.w.org\/{rel}","templated":true}]}}