{"id":445,"date":"2021-07-29T12:04:23","date_gmt":"2021-07-29T15:04:23","guid":{"rendered":"https:\/\/sbmicrobiologia.org.br\/31cbm2021\/?page_id=445"},"modified":"2021-09-10T07:53:03","modified_gmt":"2021-09-10T10:53:03","slug":"premios","status":"publish","type":"page","link":"https:\/\/sbmicrobiologia.org.br\/31cbm2021\/premios\/","title":{"rendered":"Pr\u00eamios"},"content":{"rendered":"<p><strong><br \/>\n<img decoding=\"async\" class=\"alignnone  wp-image-452\" src=\"https:\/\/sbmicrobiologia.org.br\/31cbm2021\/wp-content\/uploads\/2021\/07\/Pensabio.png\" alt=\"\" width=\"175\" \/><\/strong><\/p>\n<p><strong>Pr\u00eamio\u00a0Pensabio<br \/>\n<\/strong><\/p>\n<p>A Sociedade Brasileira de Microbiologia, em parceria com a Pensabio, empresa l\u00edder no ramo de Life Sciences no Brasil,\u00a0criaram o pr\u00eamio Pensabio, que ser\u00e1 concedido aos dois melhores trabalhos apresentados no Congresso Brasileiro de Microbiologia (CBM).<\/p>\n<p>O primeiro pr\u00eamio, em produtos ATCC no valor de cinco mil reais, ser\u00e1 concedido ao primeiro autor do melhor trabalho apresentado no CBM.<\/p>\n<p>O segundo pr\u00eamio, em produtos ATCC no valor de tr\u00eas mil reais, ser\u00e1 concedido ao primeiro autor do segundo melhor trabalho apresentado no CBM.<\/p>\n<p>Todos os resumos de todos as \u00e1reas concorrer\u00e3o automaticamente ao pr\u00eamio. A SBM solicitar\u00e1 aos autores dos trabalhos pr\u00e9-selecionados o envio do trabalho completo para a an\u00e1lise. Resumos, cuja data de submiss\u00e3o ao CBM seja posterior \u00e0 submiss\u00e3o para publica\u00e7\u00e3o, n\u00e3o ser\u00e3o contemplados.<\/p>\n<p>A data limite para envio de resumos foi prorrogada para 31\/08\/2021.<\/p>\n<p>A Comiss\u00e3o Julgadora ser\u00e1 composta por cada um dos coordenadores de \u00e1rea designados pela Diretoria da SBM.<\/p>\n<p>A premia\u00e7\u00e3o ocorrer\u00e1 durante a cerim\u00f4nia de encerramento do CBM.<\/p>\n<p>Participem!!!!<\/p>\n<hr \/>\n<p><strong><br \/>\n<img decoding=\"async\" class=\"alignnone  wp-image-451\" src=\"https:\/\/sbmicrobiologia.org.br\/31cbm2021\/wp-content\/uploads\/2021\/07\/logo-plastlabor-r-300x60.png\" alt=\"\" width=\"175\" srcset=\"https:\/\/sbmicrobiologia.org.br\/31cbm2021\/wp-content\/uploads\/2021\/07\/logo-plastlabor-r-300x60.png 300w, https:\/\/sbmicrobiologia.org.br\/31cbm2021\/wp-content\/uploads\/2021\/07\/logo-plastlabor-r.png 468w\" sizes=\"(max-width: 300px) 100vw, 300px\" \/><\/p>\n<p>Pr\u00eamio Prof.\u00a0Alexandre\u00a0Adler Pereira \u2013 PlastLabor<\/strong><\/p>\n<p>A <strong>PlastLabor<\/strong>, l\u00edder nacional em meios de cultura, e a Sociedade Brasileira de Microbiologia (SBM), estabeleceram parceria para criar o <strong>Pr\u00eamio Prof. <\/strong><strong>Alexandre<\/strong><strong> Adler Pereira<\/strong>, a ser concedido para o melhor trabalho da \u00e1rea de Infec\u00e7\u00e3o Hospitalar (Infec\u00e7\u00f5es Relacionadas \u00e0 Assist\u00eancia\u00a0 \u00e0 Sa\u00fade &#8211; IRAS). Alexandre Adler Pereira, professor de Microbiologia\u00a0 da Universidade do Estado do Rio de Janeiro (UERJ) e microbiologista cl\u00ednico, faleceu precocemente em 2003 aos 52 anos, v\u00edtima de melanoma. Professor\u00a0 e microbiologista cl\u00ednico brilhante, pelo seu carisma, simpatia e grande conhecimento microbiol\u00f3gico, influenciou a carreira de v\u00e1rios microbiologistas cl\u00ednicos no Brasil. O pr\u00eamio com seu nome \u00e9 uma homenagem simb\u00f3lica e um reconhecimento da sua excel\u00eancia como pessoa e profissional.<\/p>\n<p>O pr\u00eamio, no valor de tr\u00eas mil reais, ser\u00e1 concedido aos autores do melhor trabalho da \u00e1rea de Infec\u00e7\u00e3o Hospitalar\/IRAS, que tenha como foco a epidemiologia e\/ou diagn\u00f3stico das IRAS).<\/p>\n<p>Todos os resumos da \u00e1rea em quest\u00e3o concorrer\u00e3o automaticamente ao pr\u00eamio. A SBM solicitar\u00e1 aos autores dos trabalhos pr\u00e9-selecionados o envio do trabalho completo para a an\u00e1lise. Resumos cuja data de submiss\u00e3o seja posterior \u00e0 submiss\u00e3o para publica\u00e7\u00e3o n\u00e3o ser\u00e3o contemplados.<\/p>\n<p>A data limite para envio de resumos foi prorrogada para 31\/08\/2021.<\/p>\n<p>A Comiss\u00e3o Julgadora ser\u00e1 composta por dois profissionais da PlastLabor e dois profissionais que atuam na \u00e1rea de IRAS designados pela Diretoria da SBM.<\/p>\n<p>A premia\u00e7\u00e3o ocorrer\u00e1 durante a cerim\u00f4nia de encerramento do CBM.<\/p>\n<p>Participem!!!<\/p>\n<hr \/>\n<p><b><br \/>\n<img decoding=\"async\" class=\"alignnone  wp-image-451\" src=\"https:\/\/sbmicrobiologia.org.br\/31cbm2021\/wp-content\/uploads\/2021\/08\/logo.png\" alt=\"\" width=\"115\"  \/><br \/>\nPr\u00eamio Dra. \u00c2ngela von Nowakonski &#8211; BD<\/b><\/p>\n<p>A Sociedade Brasileira de Microbiologia (SBM) em parceria com um dos patrocinadores do Congresso Brasileiro de Microbiologia (CBM), estabeleceram parceria para criar o <strong>Pr\u00eamio Dra. \u00c2ngela von Nowakonski<\/strong>. A Dra. \u00c2ngela von Nowakonski, brilhante m\u00e9dica patologista cl\u00ednica e microbiologista cl\u00ednica, que por muitos anos atuou na UNICAMP em S\u00e3o Paulo, faleceu no ano passado, aos 67 anos, v\u00edtima da COVID-19. O pr\u00eamio com seu nome \u00e9 uma homenagem singela e um reconhecimento da sua excel\u00eancia como pessoa e profissional.<\/p>\n<p>O pr\u00eamio, no valor de tr\u00eas mil reais, ser\u00e1 concedido ao primeiro autor do melhor trabalho da \u00e1rea de Microbiologia Cl\u00ednica, que tenha como foco o diagn\u00f3stico microbiol\u00f3gico, seja detec\u00e7\u00e3o de pat\u00f3genos ou resist\u00eancia a antimicrobianos.<\/p>\n<p>Todos os resumos da \u00e1rea em quest\u00e3o concorrer\u00e3o automaticamente ao pr\u00eamio. A SBM solicitar\u00e1 aos autores dos trabalhos pr\u00e9-selecionados o envio do trabalho completo para a an\u00e1lise. Resumos cuja data de submiss\u00e3o seja posterior \u00e0 submiss\u00e3o para publica\u00e7\u00e3o n\u00e3o ser\u00e3o contemplados.<\/p>\n<p>A Comiss\u00e3o Julgadora ser\u00e1 composta por tr\u00eas profissionais da \u00e1rea de Microbiologia Cl\u00ednica designados pela Diretoria da SBM.<\/p>\n<p>A premia\u00e7\u00e3o ocorrer\u00e1 durante a cerim\u00f4nia de encerramento do CBM.<\/p>\n<p>Participem!!!!<\/p>\n<hr \/>\n<p><img decoding=\"async\" class=\"alignnone  wp-image-451\" src=\"https:\/\/sbmicrobiologia.org.br\/31cbm2021\/wp-content\/uploads\/2021\/08\/ICFMH.png\" alt=\"\" width=\"70\"  \/><br \/>\n<b>Pr\u00eamio ICFMH<\/b><\/p>\n<p>INTERNATIONAL COMMITTEE ON FOOD MICROBIOLOGY AND HYGIENE DEVELOPING SCIENTIST AWARD COMPETITION<\/p>\n<p>The International Committee on Food Microbiology and Hygiene (ICFMH) will sponsor a Developing Scientist Competition at the 31st Brazilian Congress of Microbiology, Brazil.<\/p>\n<p>The International Committee on Food Microbiology and Hygiene was founded in 1953, and belongs to International Union of Microbiological Societies (IUMS). The major scope of ICFMH is to contribute to food safety and controlling food spoilage internationally, by means of organizing conferences (e.g. FOODMICRO), symposia and workshops, supporting of international bodies in food microbiology issues, publications (e.g. the International Journal of Food Microbiology), and initiation of education and training in food microbiology. More information at https:\/\/icfmh.org.<\/p>\n<p>Purpose of the Developing Scientist Competition<\/p>\n<p>1. To encourage students and recent graduates to present their original research in the field of Food Microbiology.<\/p>\n<p>2. To foster professionalism in students and recent graduates through contact with peers who attend the 31st Brazilian Congress of Microbiology.<\/p>\n<p>General Information<\/p>\n<p>1. The competition comprises framed certificates and awards of 250, 150, and 100 euros, for the first, second and third best abstracts submitted in the food microbiology session, respectively.<\/p>\n<p>2. The Developing Scientist Competition is open to undergraduate, MSc, and PhD students and post-doctors holding a fellowship, that submit abstracts in the food microbiology session as first authors. Abstracts must be in English and represent original research work, not published in a scientific journal yet.<\/p>\n<p>3. The coordinators of the Food Microbiology session of the Brazilian Society of Microbiology and one member of ICFMH will indicate the ICFMH Judging Panel. This panel will select the 10 finalist abstracts, based on the following judging criteria:<\/p>\n<p>a. Clarity, comprehensiveness, adequacy of experimental design and conciseness<\/p>\n<p>b. Validity of conclusions and contribution to science<\/p>\n<p>4. The first authors of the 10 finalist abstracts will be invited for an oral presentation (10 min) of the work (Portuguese or English) and answer questions of Judging Panel (5 min) in a specific session during the 31st Brazilian Congress of Microbiology. Competitors chosen as finalists will be notified of their status by the chairperson of the ICFMH Judging Panel, who is in charge of sending the invitations and instructions for the oral presentation.<\/p>\n<p>5. The oral presentations will be judged for the scientific quality of the research (introduction, objectives, methods, results, conclusions and contribution to science), overall quality of the presentation and capability to answer the questions formulated by ICFMH Judging Panel.<\/p>\n<p>6. To be eligible for the awards, the first author of the finalist abstracts must be registered in the 31st Brazilian Congress of Microbiology.<\/p>\n<p>7. Only the 10 abstracts selected by the ICFMH Judging Panel are eligible for the ICFMH awards. The acceptance of an abstract for presentation in the 31st Brazilian Congress of Microbiology does not assure eligibility for the ICFMH awards.<\/p>\n<p>8. The ICFMH Developing Scientist Competition winners will be announced in the closing session of the 31st Brazilian Congress of Microbiology (date to be confirmed)<\/p>\n<p>9. The winners will be contacted by the chairperson of the ICFMH Judging Panel for practical arrangements regarding sending of certificates and cash prizes.<\/p>\n<hr \/>\n<p><img decoding=\"async\" class=\"alignnone  wp-image-451\" src=\"https:\/\/sbmicrobiologia.org.br\/31cbm2021\/wp-content\/uploads\/2021\/09\/unnamed.jpg\" alt=\"\" width=\"175\"  \/><br \/>\n<b>Pr\u00eamio MICROGEO<\/b><\/p>\n<p>A empresa brasileira MICROGEO\u00ae, em conjunto com a Sociedade Brasileira de Microbiologia, vai entregar o Pr\u00eamio \u201cProfa. Dr\u00aa Ana Maria Primavesi\u201d. <\/p>\n<p>O pr\u00eamio leva o nome da engenheira agr\u00f4noma Ana Maria Primavesi. Austr\u00edaca e naturalizada brasileira, ela \u00e9 pioneira nos estudos sobre o manejo sustent\u00e1vel do solo. A iniciativa da empresa ressalta a import\u00e2ncia da microbiologia na agricultura. O Diretor de P&#038;D da MICROGEO\u00ae, Paulo D\u00b4Andr\u00e9a, enfatiza que chamar a aten\u00e7\u00e3o para a vida no solo \u00e9 de extrema import\u00e2ncia, principalmente, na conjuntura em que o uso de recursos biol\u00f3gicos t\u00eam impulsionado inova\u00e7\u00f5es tecnol\u00f3gicas na agricultura e na gest\u00e3o ambiental. \u201cOptamos por premiar um estudante porque acreditamos que os jovens profissionais devam olhar a vida no solo como uma aliada no manejo sustent\u00e1vel da agricultura\u201d<\/p>\n<p>A premia\u00e7\u00e3o consiste no valor de R$1.000,00 al\u00e9m da entrega do lindo trofeu <\/p>\n<p><img loading=\"lazy\" decoding=\"async\" src=\"https:\/\/sbmicrobiologia.org.br\/31cbm2021\/wp-content\/uploads\/2021\/09\/premio.jpg\" alt=\"\" width=\"234\" height=\"176\" class=\"alignnone size-full wp-image-522\" \/><\/p>\n","protected":false},"excerpt":{"rendered":"<p>Pr\u00eamio\u00a0Pensabio A Sociedade Brasileira de Microbiologia, em parceria com a Pensabio, empresa l\u00edder no ramo de Life Sciences no Brasil,\u00a0criaram o pr\u00eamio Pensabio, que ser\u00e1 concedido aos dois melhores trabalhos apresentados no Congresso Brasileiro de Microbiologia (CBM). O primeiro pr\u00eamio, em produtos ATCC no valor de cinco mil reais, ser\u00e1 concedido ao primeiro autor do [&hellip;]<\/p>\n","protected":false},"author":1,"featured_media":0,"parent":0,"menu_order":0,"comment_status":"closed","ping_status":"closed","template":"","meta":{"footnotes":""},"class_list":["post-445","page","type-page","status-publish","hentry"],"_links":{"self":[{"href":"https:\/\/sbmicrobiologia.org.br\/31cbm2021\/wp-json\/wp\/v2\/pages\/445","targetHints":{"allow":["GET"]}}],"collection":[{"href":"https:\/\/sbmicrobiologia.org.br\/31cbm2021\/wp-json\/wp\/v2\/pages"}],"about":[{"href":"https:\/\/sbmicrobiologia.org.br\/31cbm2021\/wp-json\/wp\/v2\/types\/page"}],"author":[{"embeddable":true,"href":"https:\/\/sbmicrobiologia.org.br\/31cbm2021\/wp-json\/wp\/v2\/users\/1"}],"replies":[{"embeddable":true,"href":"https:\/\/sbmicrobiologia.org.br\/31cbm2021\/wp-json\/wp\/v2\/comments?post=445"}],"version-history":[{"count":19,"href":"https:\/\/sbmicrobiologia.org.br\/31cbm2021\/wp-json\/wp\/v2\/pages\/445\/revisions"}],"predecessor-version":[{"id":543,"href":"https:\/\/sbmicrobiologia.org.br\/31cbm2021\/wp-json\/wp\/v2\/pages\/445\/revisions\/543"}],"wp:attachment":[{"href":"https:\/\/sbmicrobiologia.org.br\/31cbm2021\/wp-json\/wp\/v2\/media?parent=445"}],"curies":[{"name":"wp","href":"https:\/\/api.w.org\/{rel}","templated":true}]}}